{"id":11,"date":"2015-12-30T15:01:49","date_gmt":"2015-12-30T15:01:49","guid":{"rendered":"http:\/\/mireillebrigaudiot.info\/?page_id=11"},"modified":"2017-08-28T13:02:36","modified_gmt":"2017-08-28T13:02:36","slug":"les-classes-de-la-tps-a-la-gs","status":"publish","type":"page","link":"https:\/\/mireillebrigaudiot.info\/index.php\/les-classes-de-la-tps-a-la-gs\/","title":{"rendered":"Les classes de la TPS \u00e0 la GS"},"content":{"rendered":"<p>Il n&rsquo;y a pas de \u00ab\u00a0programme\u00a0\u00bb de petite section, moyenne section, etc, comme on le lit souvent dans les documents s&rsquo;adressant aux familles. Il vaut mieux l&rsquo;expliquer aux familles: leurs enfants ont 3 ou 4 ans pour continuer les acquisitions qu&rsquo;ils font \u00e0 la maison ET pour comprendre tout ce qu&rsquo;ils apprennent et apprendront \u00e0 l&rsquo;\u00e9cole.<br \/>\nDans ce cadre, un double ou un triple niveau ne peut pas \u00eatre v\u00e9cu comme une \u00ab\u00a0malchance\u00a0\u00bb. D&rsquo;ailleurs, des recherches montrent que l&rsquo;\u00e9chec scolaire est moins patent dans les \u00e9coles o\u00f9 les classes sont pluri-niveaux.<\/p>\n","protected":false},"excerpt":{"rendered":"<p>Il n&rsquo;y a pas de \u00ab\u00a0programme\u00a0\u00bb de petite section, moyenne section, etc, comme on le lit souvent dans les documents s&rsquo;adressant aux familles. Il vaut mieux l&rsquo;expliquer aux familles: leurs enfants ont 3 ou 4 ans pour continuer les acquisitions qu&rsquo;ils font \u00e0 la maison ET pour comprendre tout ce qu&rsquo;ils apprennent et apprendront \u00e0 &hellip; <a href=\"https:\/\/mireillebrigaudiot.info\/index.php\/les-classes-de-la-tps-a-la-gs\/\" class=\"more-link\">Continuer la lecture de <span class=\"screen-reader-text\">Les classes de la TPS \u00e0 la GS<\/span><\/a><\/p>\n","protected":false},"author":1,"featured_media":0,"parent":0,"menu_order":2,"comment_status":"closed","ping_status":"closed","template":"","meta":[],"_links":{"self":[{"href":"https:\/\/mireillebrigaudiot.info\/index.php\/wp-json\/wp\/v2\/pages\/11"}],"collection":[{"href":"https:\/\/mireillebrigaudiot.info\/index.php\/wp-json\/wp\/v2\/pages"}],"about":[{"href":"https:\/\/mireillebrigaudiot.info\/index.php\/wp-json\/wp\/v2\/types\/page"}],"author":[{"embeddable":true,"href":"https:\/\/mireillebrigaudiot.info\/index.php\/wp-json\/wp\/v2\/users\/1"}],"replies":[{"embeddable":true,"href":"https:\/\/mireillebrigaudiot.info\/index.php\/wp-json\/wp\/v2\/comments?post=11"}],"version-history":[{"count":6,"href":"https:\/\/mireillebrigaudiot.info\/index.php\/wp-json\/wp\/v2\/pages\/11\/revisions"}],"predecessor-version":[{"id":415,"href":"https:\/\/mireillebrigaudiot.info\/index.php\/wp-json\/wp\/v2\/pages\/11\/revisions\/415"}],"wp:attachment":[{"href":"https:\/\/mireillebrigaudiot.info\/index.php\/wp-json\/wp\/v2\/media?parent=11"}],"curies":[{"name":"wp","href":"https:\/\/api.w.org\/{rel}","templated":true}]}}