{"id":1432,"date":"2023-09-17T12:30:58","date_gmt":"2023-09-17T12:30:58","guid":{"rendered":"https:\/\/mireillebrigaudiot.info\/?page_id=1432"},"modified":"2025-11-08T13:05:01","modified_gmt":"2025-11-08T13:05:01","slug":"chroniques","status":"publish","type":"page","link":"https:\/\/mireillebrigaudiot.info\/index.php\/chroniques\/","title":{"rendered":"Chroniques"},"content":{"rendered":"\n<figure class=\"wp-block-image size-large\"><img decoding=\"async\" loading=\"lazy\" width=\"1024\" height=\"683\" src=\"http:\/\/mireillebrigaudiot.info\/wp-content\/uploads\/2023\/09\/pexels-photo-8613089-1024x683.jpeg\" alt=\"\" class=\"wp-image-1496\" srcset=\"https:\/\/mireillebrigaudiot.info\/wp-content\/uploads\/2023\/09\/pexels-photo-8613089-1024x683.jpeg 1024w, https:\/\/mireillebrigaudiot.info\/wp-content\/uploads\/2023\/09\/pexels-photo-8613089-300x200.jpeg 300w, https:\/\/mireillebrigaudiot.info\/wp-content\/uploads\/2023\/09\/pexels-photo-8613089-768x512.jpeg 768w, https:\/\/mireillebrigaudiot.info\/wp-content\/uploads\/2023\/09\/pexels-photo-8613089-1536x1024.jpeg 1536w, https:\/\/mireillebrigaudiot.info\/wp-content\/uploads\/2023\/09\/pexels-photo-8613089-2048x1365.jpeg 2048w\" sizes=\"(max-width: 1024px) 100vw, 1024px\" \/><\/figure>\n\n\n\n<p><br><a href=\"https:\/\/mireillebrigaudiot.info\/index.php\/actualites\/\" data-type=\"page\" data-id=\"13\">Actualit\u00e9<\/a> : en fonction des annonces officielles qui touchent l&rsquo;\u00e9cole maternelle et son fonctionnement<br><a href=\"https:\/\/mireillebrigaudiot.info\/index.php\/une-annee-en-tps-de-rep\/\" data-type=\"page\" data-id=\"1413\">Une ann\u00e9e en TPS de REP+<\/a>: le feuilleton de l&rsquo;an dernier 2023-24<br><a href=\"https:\/\/mireillebrigaudiot.info\/index.php\/une-annee-en-ps-de-rep\/\" data-type=\"page\" data-id=\"2542\">Une ann\u00e9e en PS de REP+<\/a>: le feuilleton de cette ann\u00e9e 2024-25<br><a href=\"https:\/\/mireillebrigaudiot.info\/index.php\/une-annee-en-ps-hors-rep\/\" data-type=\"page\">Une ann\u00e9e en PS hors REP<\/a>: 2025<br><a href=\"une-annee-en-ms-hors-rep\">Une ann\u00e9e en MS hors REP<\/a>:2025-26<br><a href=\"https:\/\/mireillebrigaudiot.info\/index.php\/carnet-de-progres\/\" data-type=\"page\" data-id=\"1436\">Carnet de progr\u00e8s<\/a> : le suivi de Charles depuis la naissance jusqu&rsquo;\u00e0 8 ans (CE2), dans ses progr\u00e8s langagiers<\/p>\n","protected":false},"excerpt":{"rendered":"<p>Actualit\u00e9 : en fonction des annonces officielles qui touchent l&rsquo;\u00e9cole maternelle et son fonctionnementUne ann\u00e9e en TPS de REP+: le feuilleton de l&rsquo;an dernier 2023-24Une ann\u00e9e en PS de REP+: le feuilleton de cette ann\u00e9e 2024-25Une ann\u00e9e en PS hors REP: 2025Une ann\u00e9e en MS hors REP:2025-26Carnet de progr\u00e8s : le suivi de Charles depuis &hellip; <a href=\"https:\/\/mireillebrigaudiot.info\/index.php\/chroniques\/\" class=\"more-link\">Continuer la lecture de <span class=\"screen-reader-text\">Chroniques<\/span><\/a><\/p>\n","protected":false},"author":1,"featured_media":0,"parent":0,"menu_order":0,"comment_status":"closed","ping_status":"closed","template":"","meta":[],"_links":{"self":[{"href":"https:\/\/mireillebrigaudiot.info\/index.php\/wp-json\/wp\/v2\/pages\/1432"}],"collection":[{"href":"https:\/\/mireillebrigaudiot.info\/index.php\/wp-json\/wp\/v2\/pages"}],"about":[{"href":"https:\/\/mireillebrigaudiot.info\/index.php\/wp-json\/wp\/v2\/types\/page"}],"author":[{"embeddable":true,"href":"https:\/\/mireillebrigaudiot.info\/index.php\/wp-json\/wp\/v2\/users\/1"}],"replies":[{"embeddable":true,"href":"https:\/\/mireillebrigaudiot.info\/index.php\/wp-json\/wp\/v2\/comments?post=1432"}],"version-history":[{"count":15,"href":"https:\/\/mireillebrigaudiot.info\/index.php\/wp-json\/wp\/v2\/pages\/1432\/revisions"}],"predecessor-version":[{"id":3168,"href":"https:\/\/mireillebrigaudiot.info\/index.php\/wp-json\/wp\/v2\/pages\/1432\/revisions\/3168"}],"wp:attachment":[{"href":"https:\/\/mireillebrigaudiot.info\/index.php\/wp-json\/wp\/v2\/media?parent=1432"}],"curies":[{"name":"wp","href":"https:\/\/api.w.org\/{rel}","templated":true}]}}