{"id":1450,"date":"2023-09-17T12:49:20","date_gmt":"2023-09-17T12:49:20","guid":{"rendered":"https:\/\/mireillebrigaudiot.info\/?page_id=1450"},"modified":"2023-10-02T10:10:07","modified_gmt":"2023-10-02T10:10:07","slug":"de-2-a-3-ans","status":"publish","type":"page","link":"https:\/\/mireillebrigaudiot.info\/index.php\/de-2-a-3-ans\/","title":{"rendered":"De 2 \u00e0 3 ans"},"content":{"rendered":"\n<p><\/p>\n\n\n\n<p>Je pense \u00e9voquer les entr\u00e9es suivantes:<br>&#8211; premi\u00e8res communications vraies et sans langage articul\u00e9<br>&#8211; l&rsquo;importance de l&rsquo;imitation<br>&#8211; l&rsquo;agentivit\u00e9 (qui deviendra l&rsquo;autonomisation apr\u00e8s 3 ans)<br>&#8211; repr\u00e9sentations mentales: les objets dans l&rsquo;espace et le temps (qui va pr\u00e9parer anticipations et souvenirs)<br>&#8211; l&rsquo;auto-d\u00e9signation (qui deviendra \u00ab\u00a0je\u00a0\u00bb)<br>&#8211; les jeux symboliques (qui deviendront la fiction)<br>&#8211; l&rsquo;apprentissage des couleurs<br>&#8211; les premiers \u00e9nonc\u00e9s et l&rsquo;appui syllabique<br>&#8211; l&rsquo;allongement des \u00e9nonc\u00e9s et l&rsquo;intonation<br>&#8211; la cat\u00e9gorisation et l&rsquo;organisation lexicale (qui deviendra le vocabulaire)<br>&#8211; le r\u00f4le de la n\u00e9gation (qui organisera le lexique et l&rsquo;\u00e9nonciation))<br>&#8211; les interactions langagi\u00e8res dont ils ont besoin<br>&#8211; les premi\u00e8res quantit\u00e9s num\u00e9riques<br>&#8211; les premi\u00e8res traces du temps dans l&rsquo;\u00e9nonciation<br>&#8211; les usages des livres pour enfants<br><br>Merci de me dire ce que j&rsquo;ai oubli\u00e9 et qui vous mobilise!!!!<\/p>\n\n\n\n<p>&#8212;&#8212;&#8212;&#8212;&#8212;&#8212;&#8212;&#8212;&#8212;&#8212;&#8212;&#8212;&#8212;&#8212;&#8212;&#8212;&#8212;&#8212;&#8212;&#8212;-<\/p>\n\n\n\n<p>Le plus important pour aider un enfant dans le domaine du langage c&rsquo;est d&rsquo;\u00eatre profond\u00e9ment d&rsquo;accord avec <a href=\"https:\/\/mireillebrigaudiot.info\/index.php\/bibliographie\/\" data-type=\"page\" data-id=\"1462\">Lois Bloom<\/a>, chercheur en acquisition depuis les ann\u00e9es 60, \u00e0 qui on doit la notion d&rsquo;interpr\u00e9tation, le parti pris du point de vue de l&rsquo;enfant dans les recherches d\u00e9veloppementales, l&rsquo;abandon de comparaisons entre performances d&rsquo;enfants et th\u00e9ories linguistiques adultes, etc. Bloom (1991) dit:<br>\u00ab\u00a0<em>Children are the agents of their own development<\/em>\u00ab\u00a0. Ce qui ne l&#8217;emp\u00eache pas d&rsquo;analyser les sources de leurs activit\u00e9s personnelles: les interactions langagi\u00e8res avec les adultes et les situations de vie quotidiennes. J&rsquo;ai paraphras\u00e9 ainsi cette complexit\u00e9: \u00ab\u00a0<em>les enfants apprennent eux-m\u00eames le langage parl\u00e9\/pens\u00e9 ET uniquement gr\u00e2ce \u00e0 leurs adultes<\/em>\u00ab\u00a0. <br>&#8212;&#8212;&#8212;&#8212;&#8212;&#8212;&#8212;&#8212;&#8212;&#8212;&#8212;&#8212;&#8212;&#8212;&#8212;&#8212;&#8212;&#8212;&#8212;&#8212;-<br><\/p>\n\n\n\n<p>ccc<\/p>\n","protected":false},"excerpt":{"rendered":"<p>Je pense \u00e9voquer les entr\u00e9es suivantes:&#8211; premi\u00e8res communications vraies et sans langage articul\u00e9&#8211; l&rsquo;importance de l&rsquo;imitation&#8211; l&rsquo;agentivit\u00e9 (qui deviendra l&rsquo;autonomisation apr\u00e8s 3 ans)&#8211; repr\u00e9sentations mentales: les objets dans l&rsquo;espace et le temps (qui va pr\u00e9parer anticipations et souvenirs)&#8211; l&rsquo;auto-d\u00e9signation (qui deviendra \u00ab\u00a0je\u00a0\u00bb)&#8211; les jeux symboliques (qui deviendront la fiction)&#8211; l&rsquo;apprentissage des couleurs&#8211; les premiers \u00e9nonc\u00e9s &hellip; <a href=\"https:\/\/mireillebrigaudiot.info\/index.php\/de-2-a-3-ans\/\" class=\"more-link\">Continuer la lecture de <span class=\"screen-reader-text\">De 2 \u00e0 3 ans<\/span><\/a><\/p>\n","protected":false},"author":1,"featured_media":0,"parent":0,"menu_order":0,"comment_status":"closed","ping_status":"closed","template":"","meta":[],"_links":{"self":[{"href":"https:\/\/mireillebrigaudiot.info\/index.php\/wp-json\/wp\/v2\/pages\/1450"}],"collection":[{"href":"https:\/\/mireillebrigaudiot.info\/index.php\/wp-json\/wp\/v2\/pages"}],"about":[{"href":"https:\/\/mireillebrigaudiot.info\/index.php\/wp-json\/wp\/v2\/types\/page"}],"author":[{"embeddable":true,"href":"https:\/\/mireillebrigaudiot.info\/index.php\/wp-json\/wp\/v2\/users\/1"}],"replies":[{"embeddable":true,"href":"https:\/\/mireillebrigaudiot.info\/index.php\/wp-json\/wp\/v2\/comments?post=1450"}],"version-history":[{"count":4,"href":"https:\/\/mireillebrigaudiot.info\/index.php\/wp-json\/wp\/v2\/pages\/1450\/revisions"}],"predecessor-version":[{"id":1590,"href":"https:\/\/mireillebrigaudiot.info\/index.php\/wp-json\/wp\/v2\/pages\/1450\/revisions\/1590"}],"wp:attachment":[{"href":"https:\/\/mireillebrigaudiot.info\/index.php\/wp-json\/wp\/v2\/media?parent=1450"}],"curies":[{"name":"wp","href":"https:\/\/api.w.org\/{rel}","templated":true}]}}