{"id":1614,"date":"2023-10-14T11:14:47","date_gmt":"2023-10-14T11:14:47","guid":{"rendered":"http:\/\/mireillebrigaudiot.info\/?page_id=1614"},"modified":"2024-09-21T16:40:27","modified_gmt":"2024-09-21T16:40:27","slug":"chapitre-1","status":"publish","type":"page","link":"https:\/\/mireillebrigaudiot.info\/index.php\/chapitre-1\/","title":{"rendered":"Chapitre 1 &#8211; TPS &#8211; septembre"},"content":{"rendered":"\n<h2 class=\"wp-block-heading\">Suivi de la classe au 17 septembre 2023<\/h2>\n\n\n\n<p>Voici le premier chapitre du feuilleton, \u00e0 partir des remarques des 15 premiers jours d\u2019\u00e9cole.<br>La ma\u00eetresse a men\u00e9 des rentr\u00e9es par petits groupes sur des dur\u00e9es variables selon les enfants. Aujourd\u2019hui, 17 septembre, sur les 20 enfants inscrits, la pr\u00e9sence maximale est de 14. A la fin du mois ils seront tous l\u00e0 le matin. Pour l\u2019apr\u00e8s-midi, seuls 6 enfants restent \u00e0 l\u2019\u00e9cole et font donc la sieste. La ma\u00eetresse se pose la question d\u2019encourager les familles \u00e0 scolariser leurs enfants l\u2019apr\u00e8s-midi, plus tard dans l\u2019ann\u00e9e.<br>La maitresse sera appel\u00e9e M, les ATSEM seront appel\u00e9es AT, les enfants seront mentionn\u00e9s avec des lettres de leurs pr\u00e9noms et les parents avec la lettre P.<\/p>\n\n\n\n<p>Voil\u00e0 les enfants, ils ont tous 2&nbsp; ans r\u00e9volus, mais certains portent encore des couches.<\/p>\n\n\n\n<figure class=\"wp-block-table\"><table><tbody><tr><td>1<\/td><td>AL<\/td><td>G<\/td><td>&nbsp;<\/td><\/tr><tr><td>2<\/td><td>MI<\/td><td>F<\/td><td>02\/2021<\/td><\/tr><tr><td>3<\/td><td>EM<\/td><td>F<\/td><td>01\/2021<\/td><\/tr><tr><td>4<\/td><td>KLO<\/td><td>G<\/td><td>06\/2021<\/td><\/tr><tr><td>5<\/td><td>KA<\/td><td>G<\/td><td>08\/2021<\/td><\/tr><tr><td>6<\/td><td>MOB<\/td><td>G<\/td><td>07\/2021<\/td><\/tr><tr><td>7<\/td><td>MOH<\/td><td>G<\/td><td>02\/2021<\/td><\/tr><tr><td>8<\/td><td>SI<\/td><td>F<\/td><td>05\/2021<\/td><\/tr><tr><td>9<\/td><td>LI<\/td><td>F<\/td><td>07\/2021<\/td><\/tr><tr><td>10<\/td><td>ANA<\/td><td>F<\/td><td>07\/2021<\/td><\/tr><tr><td>11<\/td><td>RA<\/td><td>G<\/td><td>08\/2021<\/td><\/tr><tr><td>12<\/td><td>NA<\/td><td>F<\/td><td>08\/2021<\/td><\/tr><tr><td>13<\/td><td>ME<\/td><td>F<\/td><td>03\/2021<\/td><\/tr><tr><td>14<\/td><td>YA<\/td><td>G<\/td><td>01\/2021<\/td><\/tr><tr><td>15<\/td><td>YO<\/td><td>G<\/td><td>03\/2021<\/td><\/tr><tr><td>16<\/td><td>KO<\/td><td>G<\/td><td>06\/2021<\/td><\/tr><tr><td>17<\/td><td>KAT<\/td><td>F<\/td><td>07\/2021<\/td><\/tr><tr><td>18<\/td><td>AD<\/td><td>G<\/td><td>02\/2021<\/td><\/tr><tr><td>19<\/td><td>MAD<\/td><td>G<\/td><td>06\/2021<\/td><\/tr><tr><td>20<\/td><td>HA<\/td><td>G<\/td><td>03\/2021<\/td><\/tr><\/tbody><\/table><\/figure>\n\n\n\n<h3 class=\"wp-block-heading\">&#8211; Les styles d&rsquo;acquisition de l&rsquo;oral autour de 2 ans<\/h3>\n\n\n\n<p>Ma premi\u00e8re remarque vient des constats de M au sujet de ses difficult\u00e9s depuis la rentr\u00e9e. Elle est \u00e9puis\u00e9e par les mouvements, les cris, les enfants qui s\u2019agrippent \u00e0 elle, etc. C\u2019est s\u00fbr, la TPS est la section la plus fatigante de l\u2019\u00e9cole maternelle. Mais il faut se dire que les \u00e9volutions vont \u00eatre rapides.<br>A l\u2019arriv\u00e9e, les enfants sont totalement d\u00e9pendants de tout&nbsp;: leur d\u00e9sarroi d&rsquo;avoir perdu leur rep\u00e8re environnemental et leurs rep\u00e8res familiaux, leur impossibilit\u00e9 d\u2019acc\u00e9der aux \u00e9nonc\u00e9s qu\u2019ils entendent (en fran\u00e7ais et prononc\u00e9s vite par des inconnus), leur inqui\u00e9tude \u00e0 ressentir la dur\u00e9e de ces changements, etc. Et bien s\u00fbr, ils n\u2019ont pas la possibilit\u00e9 de DIRE que \u00e7a ne va pas pour eux. Parce qu&rsquo;ils ne parlent pas encore. <br>Dans ce registre,  il faut savoir que les enfants sont tr\u00e8s diff\u00e9rents entre eux. Certains vont \u00ab&nbsp;baragouiner&nbsp;\u00bb tr\u00e8s t\u00f4t et longtemps en mettant les adultes dans l\u2019inconfort (chacun son tour&nbsp;!), d\u2019autres vont rester mutiques et articuler tard (\u00e7a peut \u00eatre apr\u00e8s 3 ans), d\u2019autres vont s\u2019exprimer avec les moyens du bord (cris, coups, griffes) avant de commencer \u00e0 imiter des morceaux de langue entendus, et enfin d\u2019autres vont commencer par imiter la \u00ab&nbsp;musique de la langue parl\u00e9e&nbsp;\u00bb. C\u2019est tr\u00e8s joli. C\u2019est le cas d\u2019Olivia dont voici 2 moments, \u00e0 16 et 17 mois. On a l\u2019impression d\u2019entendre une maman qui commente un album\u2026<\/p>\n\n\n\n<figure class=\"wp-block-embed is-type-video is-provider-youtube wp-block-embed-youtube wp-embed-aspect-16-9 wp-has-aspect-ratio\"><div class=\"wp-block-embed__wrapper\">\n<iframe loading=\"lazy\" title=\"Olivia 1,04\" width=\"660\" height=\"371\" src=\"https:\/\/www.youtube.com\/embed\/zvxBQpPiVoc?feature=oembed\" frameborder=\"0\" allow=\"accelerometer; autoplay; clipboard-write; encrypted-media; gyroscope; picture-in-picture; web-share\" referrerpolicy=\"strict-origin-when-cross-origin\" allowfullscreen><\/iframe>\n<\/div><\/figure>\n\n\n\n<figure class=\"wp-block-embed is-type-video is-provider-youtube wp-block-embed-youtube wp-embed-aspect-16-9 wp-has-aspect-ratio\"><div class=\"wp-block-embed__wrapper\">\n<iframe loading=\"lazy\" title=\"Olivia 1,05\" width=\"660\" height=\"371\" src=\"https:\/\/www.youtube.com\/embed\/mZOMff5dMVM?feature=oembed\" frameborder=\"0\" allow=\"accelerometer; autoplay; clipboard-write; encrypted-media; gyroscope; picture-in-picture; web-share\" referrerpolicy=\"strict-origin-when-cross-origin\" allowfullscreen><\/iframe>\n<\/div><figcaption class=\"wp-element-caption\">Olivia pointe sur un livre et commente<\/figcaption><\/figure>\n\n\n\n<h2 class=\"wp-block-heading\">&#8211; L&rsquo;attention conjointe<\/h2>\n\n\n\n<p>Cette proposition vient de cette photo envoy\u00e9e par M.<\/p>\n\n\n\n<figure class=\"wp-block-image size-large is-resized\"><img decoding=\"async\" loading=\"lazy\" src=\"https:\/\/mireillebrigaudiot.info\/wp-content\/uploads\/2023\/09\/IMG_1949-1024x768.jpeg\" alt=\"\" class=\"wp-image-1482\" width=\"512\" height=\"384\" srcset=\"https:\/\/mireillebrigaudiot.info\/wp-content\/uploads\/2023\/09\/IMG_1949-1024x768.jpeg 1024w, https:\/\/mireillebrigaudiot.info\/wp-content\/uploads\/2023\/09\/IMG_1949-300x225.jpeg 300w, https:\/\/mireillebrigaudiot.info\/wp-content\/uploads\/2023\/09\/IMG_1949-768x576.jpeg 768w, https:\/\/mireillebrigaudiot.info\/wp-content\/uploads\/2023\/09\/IMG_1949-1536x1152.jpeg 1536w, https:\/\/mireillebrigaudiot.info\/wp-content\/uploads\/2023\/09\/IMG_1949-2048x1536.jpeg 2048w\" sizes=\"(max-width: 512px) 100vw, 512px\" \/><\/figure>\n\n\n\n<p><\/p>\n\n\n\n<p>On y voit une adulte avec 6 enfants. Ces 7 regards sont tr\u00e8s int\u00e9ressants. Car on le sait, une des premi\u00e8res conqu\u00eates du b\u00e9b\u00e9 qui enthousiasme ses parents c&rsquo;est SON regard dans LEUR regard (voir <a href=\"http:\/\/mireillebrigaudiot.info\/index.php\/carnet-de-progres\/\" data-type=\"page\" data-id=\"1436\">carnet <\/a>de Charles 4 mois).<br>Ici, 1 enfant regarde dans la classe, 3 regardent ce qu&rsquo;ils font eux-m\u00eames avec les gobelets et le sable, 1 enfant (la fillette sur les genoux de l&rsquo;adulte) semble regarder ce que fait l&rsquo;enfant qui est en face d&rsquo;elle et la 6\u00e8me enfant regarde cette petite fille qui semble faire l&rsquo;objet d&rsquo;une protection par l&rsquo;adulte. On le comprend, \u00e7a ne fait que quelques jours que les enfants sont l\u00e0.<br>Mais je m&rsquo;int\u00e9resse aussi \u00e0 ce que fait cette adulte, en passant sa t\u00eate par-dessus l&rsquo;\u00e9paule de la fillette pour accrocher son regard. Bravo. Voil\u00e0 une des strat\u00e9gies pour mobiliser l&rsquo;attention conjointe entre un adulte et un enfant. Car, apr\u00e8s avoir regard\u00e9 la fillette, elle va sans doute regarder un objet ou une action et le ou la pointer en commentant. Ainsi la situation d&rsquo;<a href=\"http:\/\/mireillebrigaudiot.info\/index.php\/mots-cles\/\" data-type=\"page\" data-id=\"7\">attention conjointe<\/a> telle que l&rsquo;a caract\u00e9ris\u00e9e<a href=\"http:\/\/mireillebrigaudiot.info\/index.php\/bibliographie\/\" data-type=\"page\" data-id=\"1462\"> J\u00e9r\u00f4me Bruner<\/a> est une \u00ab\u00a0routine g\u00e9n\u00e9rative\u00a0\u00bb en ce sens qu&rsquo;elle permet \u00e0 un enfant tr\u00e8s t\u00f4t (\u00e0 partir de 9 mois souvent) de faire r\u00e9f\u00e9rence \u00e0 un objet, sans langage articul\u00e9, mais gr\u00e2ce au pilotage de son regard par le regard d&rsquo;autrui. Plus tard, cette capacit\u00e9 deviendra la d\u00e9signation. <\/p>\n\n\n\n<h3 class=\"wp-block-heading\">&#8211; Une conqu\u00eate pr\u00e9curseur de l&rsquo;\u00e9crit<\/h3>\n\n\n\n<p>L&rsquo;observation suivante est une petite sc\u00e8ne d\u00e9crite ainsi par M: des enfants sont avec la p\u00e2te \u00e0 modeler et ils ont des tampons \u00e0 leur disposition. M utilise elle-m\u00eame un tampon et montre l&#8217;empreinte \u00e0 l&rsquo;enfant MOH. Celui-ci est tr\u00e8s int\u00e9ress\u00e9, il regarde la trace et dit \u00ab\u00a0gn\u00e9!\u00a0\u00bb que M <strong>interpr\u00e8te<\/strong> par \u00ab\u00a0araign\u00e9e\u00a0\u00bb. Car, en effet, on peut paraphraser sa production \u00e0 partir de diff\u00e9rentes interpr\u00e9tations: \u00ab\u00a0c&rsquo;est une toile d&rsquo;araign\u00e9e\u00a0\u00bb, \u00ab\u00a0\u00e7a ressemble \u00e0 l&rsquo;homme araign\u00e9e\u00a0\u00bb, \u00ab\u00a0j&rsquo;ai d\u00e9j\u00e0 vu \u00e7a et \u00e0 ce moment-l\u00e0 j&rsquo;ai entendu araign\u00e9e\u00a0\u00bb, etc.<\/p>\n\n\n\n<figure class=\"wp-block-image size-large is-resized\"><img decoding=\"async\" loading=\"lazy\" src=\"https:\/\/mireillebrigaudiot.info\/wp-content\/uploads\/2023\/09\/IMG_2224-768x1024.jpeg\" alt=\"\" class=\"wp-image-1483\" width=\"384\" height=\"512\" srcset=\"https:\/\/mireillebrigaudiot.info\/wp-content\/uploads\/2023\/09\/IMG_2224-768x1024.jpeg 768w, https:\/\/mireillebrigaudiot.info\/wp-content\/uploads\/2023\/09\/IMG_2224-225x300.jpeg 225w, https:\/\/mireillebrigaudiot.info\/wp-content\/uploads\/2023\/09\/IMG_2224-1152x1536.jpeg 1152w, https:\/\/mireillebrigaudiot.info\/wp-content\/uploads\/2023\/09\/IMG_2224-1536x2048.jpeg 1536w, https:\/\/mireillebrigaudiot.info\/wp-content\/uploads\/2023\/09\/IMG_2224-scaled.jpeg 1920w\" sizes=\"(max-width: 384px) 100vw, 384px\" \/><\/figure>\n\n\n\n<p>L&#8217;empreinte ressemble effectivement \u00e0 une toile d&rsquo;araign\u00e9e. Cet \u00e9v\u00e8nement m\u00e9rite qu&rsquo;on s&rsquo;y arr\u00eate. <br>Ou bien M a surinterpr\u00e9t\u00e9 la verbalisation de MOH et l&rsquo;histoire s&rsquo;arr\u00eate l\u00e0. Je rappelle  qu&rsquo;une interpr\u00e9tation cognitive (voir mot-cl\u00e9 <a href=\"http:\/\/mireillebrigaudiot.info\/index.php\/mots-cles\/interpretation\/\" data-type=\"page\" data-id=\"181\"><strong>interpr\u00e9tation<\/strong><\/a>) \u00ab\u00a0sur\u00e9valu\u00e9e\u00a0\u00bb ne peut pas faire de mal \u00e0 un enfant. <br>Ou bien l&rsquo;enfant a effectivement dit \u00ab\u00a0araign\u00e9e\u00a0\u00bb et c&rsquo;est plus qu&rsquo;un exploit: il n&rsquo;a que 2 ans et quelques mois et pour pouvoir dire \u00e7a, il faut qu&rsquo;il ait d\u00e9j\u00e0 vu un <strong>dessin<\/strong> (voir mon livre, pages 109-112) de toile d&rsquo;araign\u00e9e (il s&rsquo;agit de ce qu&rsquo;on appelle un st\u00e9r\u00e9otype), qu&rsquo;il mobilise un souvenir de ce dessin \u00e0 la vue de l&#8217;empreinte, qu&rsquo;il retrouve et prononce le mot entendu dans ce souvenir, et qu&rsquo;il le dise l\u00e0, devant cette empreinte et devant M. C&rsquo;est toute la d\u00e9finition du symbolisme du dessin qu&rsquo;on retrouve dans ce comportement. Je cite Ren\u00e9 <a href=\"http:\/\/mireillebrigaudiot.info\/index.php\/bibliographie\/\" data-type=\"page\" data-id=\"1462\">Baldy<\/a> (2008):<br>\u00ab\u00a0<em>Les premi\u00e8res formes de pens\u00e9e se manifestent dans la manipulation de symboles individuels (par exemple dans le jeu symbolique), puis se transforment profond\u00e9ment avec l&rsquo;apprentissage des syst\u00e8mes de signes collectifs (la culture)&#8230; Le dessin peut \u00eatre consid\u00e9r\u00e9 comme une manifestation de la fonction symbolique \u00e0 la fois proche du jeu symbolique dont il partage le caract\u00e8re individuel, et du langage dont il partage la dimension culturelle des signifiants graphiques&#8230;<\/em>\u00ab\u00a0<br>Ici l&rsquo;enfant MOH ne dessine pas mais il nomme une repr\u00e9sentation dessin\u00e9e, un \u00ab\u00a0symbole social\u00a0\u00bb de toile d&rsquo;araign\u00e9e, c&rsquo;est g\u00e9nial. Un grand bravo \u00e0 la ma\u00eetresse qui a eu l&rsquo;id\u00e9e de donner des tampons \u00e0 ces petits et surtout, qu&rsquo;elle ne se prive pas de dessiner elle-m\u00eame devant les enfants et de leur donner des outils qui laissent des traces. Tr\u00e8s vite elle verra l&rsquo;int\u00e9r\u00eat de ces moments pour les enfants. J&rsquo;y reviendrai plus tard, c&rsquo;est d\u00e9cisif dans les premi\u00e8res ann\u00e9es de maternelle. C&rsquo;est parti pour une grande aventure.<\/p>\n\n\n\n<p>Pour lire la suite \u00ab&nbsp;Chapitre 2 \u2013 octobre&nbsp;\u00bb <a href=\"http:\/\/mireillebrigaudiot.info\/index.php\/chapitre-2-octobre\/\">cliquez ici<\/a>.<br><\/p>\n","protected":false},"excerpt":{"rendered":"<p>Suivi de la classe au 17 septembre 2023 Voici le premier chapitre du feuilleton, \u00e0 partir des remarques des 15 premiers jours d\u2019\u00e9cole.La ma\u00eetresse a men\u00e9 des rentr\u00e9es par petits groupes sur des dur\u00e9es variables selon les enfants. Aujourd\u2019hui, 17 septembre, sur les 20 enfants inscrits, la pr\u00e9sence maximale est de 14. A la fin &hellip; <a href=\"https:\/\/mireillebrigaudiot.info\/index.php\/chapitre-1\/\" class=\"more-link\">Continuer la lecture de <span class=\"screen-reader-text\">Chapitre 1 &#8211; TPS &#8211; septembre<\/span><\/a><\/p>\n","protected":false},"author":1,"featured_media":0,"parent":0,"menu_order":0,"comment_status":"closed","ping_status":"closed","template":"","meta":[],"_links":{"self":[{"href":"https:\/\/mireillebrigaudiot.info\/index.php\/wp-json\/wp\/v2\/pages\/1614"}],"collection":[{"href":"https:\/\/mireillebrigaudiot.info\/index.php\/wp-json\/wp\/v2\/pages"}],"about":[{"href":"https:\/\/mireillebrigaudiot.info\/index.php\/wp-json\/wp\/v2\/types\/page"}],"author":[{"embeddable":true,"href":"https:\/\/mireillebrigaudiot.info\/index.php\/wp-json\/wp\/v2\/users\/1"}],"replies":[{"embeddable":true,"href":"https:\/\/mireillebrigaudiot.info\/index.php\/wp-json\/wp\/v2\/comments?post=1614"}],"version-history":[{"count":12,"href":"https:\/\/mireillebrigaudiot.info\/index.php\/wp-json\/wp\/v2\/pages\/1614\/revisions"}],"predecessor-version":[{"id":2645,"href":"https:\/\/mireillebrigaudiot.info\/index.php\/wp-json\/wp\/v2\/pages\/1614\/revisions\/2645"}],"wp:attachment":[{"href":"https:\/\/mireillebrigaudiot.info\/index.php\/wp-json\/wp\/v2\/media?parent=1614"}],"curies":[{"name":"wp","href":"https:\/\/api.w.org\/{rel}","templated":true}]}}