{"id":1642,"date":"2023-10-14T11:42:57","date_gmt":"2023-10-14T11:42:57","guid":{"rendered":"http:\/\/mireillebrigaudiot.info\/?page_id=1642"},"modified":"2024-09-22T10:45:40","modified_gmt":"2024-09-22T10:45:40","slug":"tps-rentree","status":"publish","type":"page","link":"https:\/\/mireillebrigaudiot.info\/index.php\/tps-rentree\/","title":{"rendered":"TPS \/ Rentr\u00e9e"},"content":{"rendered":"\n<figure class=\"wp-block-image size-large\"><img decoding=\"async\" loading=\"lazy\" width=\"1024\" height=\"420\" src=\"http:\/\/mireillebrigaudiot.info\/wp-content\/uploads\/2024\/09\/Design-sans-titre-1-e1726996296752-1024x420.png\" alt=\"\" class=\"wp-image-2658\" srcset=\"https:\/\/mireillebrigaudiot.info\/wp-content\/uploads\/2024\/09\/Design-sans-titre-1-e1726996296752-1024x420.png 1024w, https:\/\/mireillebrigaudiot.info\/wp-content\/uploads\/2024\/09\/Design-sans-titre-1-e1726996296752-300x123.png 300w, https:\/\/mireillebrigaudiot.info\/wp-content\/uploads\/2024\/09\/Design-sans-titre-1-e1726996296752-768x315.png 768w, https:\/\/mireillebrigaudiot.info\/wp-content\/uploads\/2024\/09\/Design-sans-titre-1-e1726996296752.png 1200w\" sizes=\"(max-width: 1024px) 100vw, 1024px\" \/><\/figure>\n\n\n\n<p>Voil\u00e0 un magnifique d\u00e9marrage de rentr\u00e9e avec cette fillette qui montre 3 activit\u00e9s de jeux symboliques en quelques minutes: elle r\u00e9pond au t\u00e9l\u00e9phone, pr\u00e9pare le repas et nourrit son b\u00e9b\u00e9. Pour une ma\u00eetresse de TPS c&rsquo;est le r\u00eave! Elle peut m\u00eame la montrer en exemple aux autres enfants en leur expliquant ce qu&rsquo;elle sait faire.<\/p>\n\n\n\n<p>Mais tous les enfants ne sont pas pr\u00eats ainsi \u00e0 entrer dans le jeu. Je vais donc \u00e9voquer ce qui pose probl\u00e8me, souvent.<br><br><strong><mark style=\"background-color:rgba(0, 0, 0, 0)\" class=\"has-inline-color has-medium-pink-color\">Les premiers probl\u00e8mes<\/mark><\/strong><br><br>M\u00eame s&rsquo;il n&rsquo;y a pas de r\u00e8gle en la mati\u00e8re, les d\u00e9butants pourront y trouveront des conseils.<br>On est en classe de tout petits, c&rsquo;est-\u00e0-dire d&rsquo;enfants qui sont <strong>arriv\u00e9s \u00e0 l&rsquo;\u00e9cole avant 3 ans.<\/strong> Les Tout Petits (qu&rsquo;on a appel\u00e9 les B\u00e9b\u00e9s \u00e0 une \u00e9poque, et ce n&rsquo;\u00e9tait pas p\u00e9joratif) sont des tout petits: m\u00eame s&rsquo;ils viennent de la cr\u00e8che, m\u00eame s&rsquo;ils ont entendu tout l&rsquo;\u00e9t\u00e9 qu&rsquo;ils allaient bient\u00f4t \u00e0 l&rsquo;\u00e9cole, ils ne se sentent pas \u00ab\u00a0\u00e0 l&rsquo;\u00e9cole\u00a0\u00bb au sens o\u00f9 vous l&rsquo;entendez, vous, enseignants. Parce que vous avez l&rsquo;habitude de vos rentr\u00e9es, de votre timing dans les activit\u00e9s, de vos alternances cour &#8211; classe &#8211; cantine &#8211; dortoir, etc. Pas eux. Il va leur falloir <strong>d\u00e9couvrir<\/strong>, puis <strong>accepter<\/strong>, et enfin <strong>anticiper<\/strong> la-vie-\u00e0-l&rsquo;\u00e9cole.<br>Ce qui peut les aider pendant la premi\u00e8re p\u00e9riode (au moins jusqu&rsquo;\u00e0 la Toussaint) ce sont les mani\u00e8res dont leurs adultes (ma\u00eetre et ATSEM) vont leur parler.<br>&#8211;> Premier probl\u00e8me, <strong>comment s&rsquo;adresser aux enfants au pluriel<\/strong>. On peut dire \u00ab\u00a0<em>je vais sortir dehors avec tous les enfants, avec Sophie, avec Slimane, avec Pedro, avec Louise, avec tout le monde parce que c&rsquo;est la r\u00e9cr\u00e9ation. Quand on dit r\u00e9cr\u00e9ation \u00e7a veut dire dans la cour, allez, on y va\u00a0\u00bb.<\/em> En changeant les pr\u00e9noms des exemples chaque jour, ils vont se sentir concern\u00e9s.<br>&#8211;> Deuxi\u00e8me probl\u00e8me, <strong>comment faire pour que les enfants vous comprennent<\/strong>. Votre voix, votre accent, vos mani\u00e8res de parler leur sont totalement \u00e9trangers en d\u00e9but d&rsquo;ann\u00e9e. Il peut m\u00eame arriver que \u00e7a fasse pleurer un enfant. Car n&rsquo;oubliez pas que le langage articul\u00e9 qui leur adress\u00e9 est leur seul moyen pour comprendre ce que j&rsquo;ai appel\u00e9 la-vie-\u00e0-l&rsquo;\u00e9cole.  Et non seulement ils vont <strong>apprendre \u00e0 vous comprendre<\/strong> mais ils vont aussi <strong>apprendre \u00e0 parler<\/strong>. Pour y arriver ils rep\u00e8rent puis empruntent des blocs de suites sonores que vous leur adressez. Ils vont \u00ab\u00a0bricoler\u00a0\u00bb des \u00e9nonc\u00e9s en essayant de faire comme vous. C&rsquo;est tr\u00e8s important!! Ils n&rsquo;apprennent pas de mots. Les mots n&rsquo;existent pas dans l&rsquo;oral. [k\u00e2t\u00f4direkreasj\u00f4savOdird\u00e2lakursetujurkomsa]. Voil\u00e0 ce qu&rsquo;ils entendent, avec une m\u00e9lodie que je ne peux pas reproduire.<br>Alors parlez <strong>TRES TRES lentement<\/strong>, PAS FORT, et avec toujours LES MEMES EXPRESSIONS. <br>NE CRIEZ JAMAIS.<br>Si vous travaillez \u00e0 ce niveau pour la premi\u00e8re fois, vous ressentirez ces habitudes comme \u00e9tranges, pas naturelles. C&rsquo;est bon signe: vous vous adaptez \u00e0 eux.<br>&#8211;> Troisi\u00e8me probl\u00e8me, et pas le moindre, <strong>comment faire pour commencer \u00e0 constituer le groupe-classe?<\/strong> Il faut en effet commencer ce long travail pour que cessent les concurrences, les cris, les enfants rel\u00e9gu\u00e9s par opposition aux enfants-\u00e9crans (ceux qui \u00ab\u00a0commandent\u00a0\u00bb les autres), etc.<br>Vous avez beaucoup de possibilit\u00e9s qui concourent \u00e0 ce progr\u00e8s social: faire en sorte que chaque enfant sache tr\u00e8s vite (1 mois?) le <strong>pr\u00e9nom<\/strong> de chacun des enfants (en les montrant dans la classe ou dans le rang ET en les montrant sur photos) ; proposer \u00e0 des \u00ab\u00a0doublettes\u00a0\u00bb de partager un <strong>jeu<\/strong> (\u00e9viter de regrouper plus de 3 enfants) ; ne vous privez pas d&rsquo;<strong>a parte avec les enfants les plus agressifs<\/strong> (essayez de ne pas les gronder publiquement, vous obtiendrez l&rsquo;inverse de ce que vous voulez et vous donnerez un statut n\u00e9gatif \u00e0 ces enfants) ; ne vous privez pas d&rsquo;un <strong>bravo public r\u00e9gulier<\/strong>, en changeant le gagnant chaque jour et en favorisant les enfants qui en ont le plus besoin (les tout seuls, les timides et les agressifs) quand vous notez un plus ; utilisez une <strong>comptine<\/strong> simple et courte ou une <strong>boite \u00e0 musique<\/strong> pour provoquer un rassemblement ; inventez des jeux qui induisent des <strong>relations entre enfants<\/strong>, pendant un regroupement (ex: \u00ab\u00a0<em>aujourd&rsquo;hui je vais faire un jeu pour vous apprendre \u00e0 jouer avec une copine ou un copain. On \u00e9coute bien. Sonia va aller s&rsquo;asseoir sur les genoux de Christine.. Fatoumata va serrer la main de Pedro. Maxime va aller chercher Gil et l&#8217;emmener aux livres..<\/em>.\u00a0\u00bb) ; n&rsquo;oubliez pas de rappeler sans arr\u00eat que tout ce qui est dans la classe est \u00e0 <strong>tous les enfants<\/strong>, \u00ab\u00a0<em>\u00e0 Pedro, \u00e0 Gil, \u00e0 Maxime, \u00e0 Fatoumata, \u00e0 tout le monde!<\/em>\u00a0\u00bb ; faites des <strong>jeux moteurs<\/strong> dans le pr\u00e9au, dans la cour, en salle de motricit\u00e9 dans lesquels il faut, au signal, en alternance, \u00eatre tr\u00e8s loin d&rsquo;un autre enfant, donner la main \u00e0 un enfant, donner les 2 mains \u00e0 un enfant, etc.<br>&#8211;> Quatri\u00e8me probl\u00e8me, <strong>que faire quand un enfant pleure syst\u00e9matiquement au d\u00e9part de ses parents<\/strong>?  Ce signe d&rsquo;une certaine d\u00e9tresse m\u00e9rite de s&rsquo;en occuper: toujours donner son <strong>doudou<\/strong> \u00e0 l&rsquo;enfant, parfois ajouter \u00ab\u00a0<em>tiens, prends un doudou de l&rsquo;\u00e9cole, je te le pr\u00eate<\/em>\u00a0\u00bb (et on lui en donne un second s&rsquo;il veut) ; se mettre accroupi \u00e0 sa hauteur pour lui parler doucement ; parfois le prendre dans les bras ; utiliser un \u00ab\u00a0petit th\u00e9\u00e2tre\u00a0\u00bb. J&rsquo;appelle \u00ab\u00a0<strong>petit th\u00e9\u00e2tre<\/strong>\u00a0\u00bb une courte sc\u00e9nette mim\u00e9e qui reprend une s\u00e9quence tr\u00e8s famili\u00e8re \u00e0 l&rsquo;enfant MAIS AUSSI qui l&rsquo;\u00e9tonne un peu parce que ce n&rsquo;est pas \u00ab\u00a0du r\u00e9el\u00a0\u00bb. La pr\u00e9caution est de ne pas basculer dans ce que Freud a appel\u00e9 \u00ab\u00a0<a href=\"https:\/\/fr.wikipedia.org\/wiki\/L%27Inqui%C3%A9tante_%C3%89tranget%C3%A9\" data-type=\"URL\" data-id=\"https:\/\/fr.wikipedia.org\/wiki\/L%27Inqui%C3%A9tante_%C3%89tranget%C3%A9\">l&rsquo;inqui\u00e9tante \u00e9tranget\u00e9<\/a>\u00a0\u00bb qui pourrait l&rsquo;effrayer.  Il s&rsquo;agit de rassurer. Exemple: avec les <strong>mascottes<\/strong>, Maman Loup et B\u00e9b\u00e9 Loup, pr\u00e9sent\u00e9s aux enfants comme des amis des enfants de l&rsquo;\u00e9cole.<\/p>\n\n\n\n<figure class=\"wp-block-image size-full\"><img decoding=\"async\" loading=\"lazy\" width=\"800\" height=\"600\" src=\"http:\/\/mireillebrigaudiot.info\/wp-content\/uploads\/2023\/10\/mascotte.jpeg\" alt=\"\" class=\"wp-image-1610\" srcset=\"https:\/\/mireillebrigaudiot.info\/wp-content\/uploads\/2023\/10\/mascotte.jpeg 800w, https:\/\/mireillebrigaudiot.info\/wp-content\/uploads\/2023\/10\/mascotte-300x225.jpeg 300w, https:\/\/mireillebrigaudiot.info\/wp-content\/uploads\/2023\/10\/mascotte-768x576.jpeg 768w\" sizes=\"(max-width: 800px) 100vw, 800px\" \/><\/figure>\n\n\n\n<p><\/p>\n\n\n\n<p>M a cach\u00e9 Petit loup dans la classe avant l&rsquo;arriv\u00e9e des enfants. Elle va mimer et parler un jeu de cach\u00e9 \/trouv\u00e9 entre maman et enfant: \u00ab\u00a0<em>Petit loup! Petit loup! mais o\u00f9 il est ce coquin, il s&rsquo;est encore cach\u00e9, je vais le trouver. Petit loup! bon, il n&rsquo;est pas sur cette \u00e9tag\u00e8re<\/em>,\u00a0\u00bb etc, jusqu&rsquo;\u00e0 la re-assurance dans la retrouvaille. Ce mime a un r\u00f4le \u00e9quivalent \u00e0 celui d&rsquo;un livre racontant s\u00e9paration et retrouvaille.<\/p>\n\n\n\n<p>Remarque: tous ces conseils concernent, en fait, les premi\u00e8res rentr\u00e9es des enfants \u00e0 l&rsquo;\u00e9cole, donc ce peut \u00eatre en PS.<br>&#8212;&#8212;&#8212;&#8212;&#8212;&#8212;&#8212;&#8212;&#8212;&#8212;&#8212;<\/p>\n\n\n\n<p><strong><a href=\"http:\/\/mireillebrigaudiot.info\/index.php\/chapitre-2-octobre\/\" data-type=\"page\" data-id=\"1618\"><mark style=\"background-color:rgba(0, 0, 0, 0)\" class=\"has-inline-color has-medium-pink-color\">Am\u00e9nagement<\/mark><\/a><\/strong><br>En cette p\u00e9riode de rentr\u00e9e il faut penser l&rsquo;am\u00e9nagement de la classe. On distingue meubles et mat\u00e9riels.<br>R\u00e9f\u00e9rence: sur Eduscol, Ressources maternelle, La scolarisation des enfants de moins de 3 ans, Un am\u00e9nagement de l&rsquo;espace bien pens\u00e9.<\/p>\n\n\n\n<p><a href=\"https:\/\/eduscol.education.fr\/document\/13432\/download\">https:\/\/eduscol.education.fr\/document\/13432\/download<\/a><br>Tout est parfait dans ce texte, notamment ce qui concerne le mobilier, les doudous, le projet \u00e9ducatif et les conseils d&rsquo;Agn\u00e8s Florin.<br>On peut ajouter que le regroupement est souvent un probl\u00e8me pour les tout petits lorsqu&rsquo;ils sont assis au sol sur un tapis. Ils sont oblig\u00e9s de lever la t\u00eate et ont peu d&rsquo;acc\u00e8s visuel \u00e0 ce que montre l&rsquo;enseignant.<br>Notre maitresse de TPS en REP + a choisi une installation de bancs perpendiculaires. On voit l&rsquo;attention des enfants qui ne sont ni trop pr\u00e8s ni trop loin..<\/p>\n\n\n\n<figure class=\"wp-block-gallery has-nested-images columns-default is-cropped wp-block-gallery-1 is-layout-flex\">\n<figure class=\"wp-block-image size-large\"><img decoding=\"async\" loading=\"lazy\" width=\"848\" height=\"921\" data-id=\"1686\"  src=\"http:\/\/mireillebrigaudiot.info\/wp-content\/uploads\/2023\/10\/image0000031-regroupement2.jpg\" alt=\"\" class=\"wp-image-1686\" srcset=\"https:\/\/mireillebrigaudiot.info\/wp-content\/uploads\/2023\/10\/image0000031-regroupement2.jpg 848w, https:\/\/mireillebrigaudiot.info\/wp-content\/uploads\/2023\/10\/image0000031-regroupement2-276x300.jpg 276w, https:\/\/mireillebrigaudiot.info\/wp-content\/uploads\/2023\/10\/image0000031-regroupement2-768x834.jpg 768w\" sizes=\"(max-width: 848px) 100vw, 848px\" \/><\/figure>\n\n\n\n<figure class=\"wp-block-image size-large\"><img decoding=\"async\" loading=\"lazy\" width=\"776\" height=\"888\" data-id=\"1687\"  src=\"http:\/\/mireillebrigaudiot.info\/wp-content\/uploads\/2023\/10\/image0000041-regroupement3.jpg\" alt=\"\" class=\"wp-image-1687\" srcset=\"https:\/\/mireillebrigaudiot.info\/wp-content\/uploads\/2023\/10\/image0000041-regroupement3.jpg 776w, https:\/\/mireillebrigaudiot.info\/wp-content\/uploads\/2023\/10\/image0000041-regroupement3-262x300.jpg 262w, https:\/\/mireillebrigaudiot.info\/wp-content\/uploads\/2023\/10\/image0000041-regroupement3-768x879.jpg 768w\" sizes=\"(max-width: 776px) 100vw, 776px\" \/><\/figure>\n<\/figure>\n\n\n\n<p><\/p>\n\n\n\n<p>Les meubles sont bas (pour que les enfants soient toujours \u00e0 la vue des adultes) et s&rsquo;ils ont des \u00ab\u00a0trous\u00a0\u00bb, les enfants adoreront y cacher des objets. Il suffira de tout vider chaque soir&#8230; Voila, dans la classe de M, une machine \u00e0 laver avec hublot qui s&rsquo;ouvre (bonheur de remplir!) et un placard perc\u00e9 sur le c\u00f4t\u00e9 (re bonheur de remplir).<br><\/p>\n\n\n\n<figure class=\"wp-block-image size-full\"><img decoding=\"async\" loading=\"lazy\" width=\"240\" height=\"320\" src=\"http:\/\/mireillebrigaudiot.info\/wp-content\/uploads\/2023\/10\/IMG_4122-amenagement2-rotated.jpg\" alt=\"\" class=\"wp-image-1757\" srcset=\"https:\/\/mireillebrigaudiot.info\/wp-content\/uploads\/2023\/10\/IMG_4122-amenagement2-rotated.jpg 240w, https:\/\/mireillebrigaudiot.info\/wp-content\/uploads\/2023\/10\/IMG_4122-amenagement2-225x300.jpg 225w\" sizes=\"(max-width: 240px) 100vw, 240px\" \/><\/figure>\n\n\n\n<p>Et le mat\u00e9riel en TPS est constitu\u00e9 de gros objets (par exemple grands cartons) ou des maisons dans lesquels ils peuvent se cacher, m\u00eame en classe. <br><\/p>\n\n\n\n<figure class=\"wp-block-image size-full\"><img decoding=\"async\" loading=\"lazy\" width=\"240\" height=\"320\" src=\"http:\/\/mireillebrigaudiot.info\/wp-content\/uploads\/2023\/10\/IMG_4123-amenagement3-rotated.jpg\" alt=\"\" class=\"wp-image-1758\" srcset=\"https:\/\/mireillebrigaudiot.info\/wp-content\/uploads\/2023\/10\/IMG_4123-amenagement3-rotated.jpg 240w, https:\/\/mireillebrigaudiot.info\/wp-content\/uploads\/2023\/10\/IMG_4123-amenagement3-225x300.jpg 225w\" sizes=\"(max-width: 240px) 100vw, 240px\" \/><\/figure>\n\n\n\n<figure class=\"wp-block-image size-full\"><img decoding=\"async\" loading=\"lazy\" width=\"240\" height=\"320\" src=\"http:\/\/mireillebrigaudiot.info\/wp-content\/uploads\/2023\/10\/IMG_4124-amenagement1-rotated.jpg\" alt=\"\" class=\"wp-image-1759\" srcset=\"https:\/\/mireillebrigaudiot.info\/wp-content\/uploads\/2023\/10\/IMG_4124-amenagement1-rotated.jpg 240w, https:\/\/mireillebrigaudiot.info\/wp-content\/uploads\/2023\/10\/IMG_4124-amenagement1-225x300.jpg 225w\" sizes=\"(max-width: 240px) 100vw, 240px\" \/><\/figure>\n\n\n\n<p><\/p>\n\n\n\n<p>Les jeux sont dans des bassines faciles d&rsquo;acc\u00e8s mais reconnaissables afin de ne pas tout m\u00e9langer (gros l\u00e9gos, gros blocs \u00e0 attacher, gros encastrements). Il est \u00e9galement facile de fabriquer des bouteilles \u00e0 remplir \/vider (par exemple avec des noisettes pour que \u00e7a ne roule pas trop loin) et des boites \u00e0 chaussures avec des trous dans lesquels passent les bouchons, toujours pour remplir\/vider.<br><\/p>\n\n\n\n<figure class=\"wp-block-gallery has-nested-images columns-default is-cropped wp-block-gallery-3 is-layout-flex\">\n<figure class=\"wp-block-image size-large\"><img decoding=\"async\" loading=\"lazy\" width=\"768\" height=\"1024\" data-id=\"1762\"  src=\"http:\/\/mireillebrigaudiot.info\/wp-content\/uploads\/2023\/10\/IMG_2415-enfilagebouchons-768x1024.jpg\" alt=\"\" class=\"wp-image-1762\" srcset=\"https:\/\/mireillebrigaudiot.info\/wp-content\/uploads\/2023\/10\/IMG_2415-enfilagebouchons-768x1024.jpg 768w, https:\/\/mireillebrigaudiot.info\/wp-content\/uploads\/2023\/10\/IMG_2415-enfilagebouchons-225x300.jpg 225w, https:\/\/mireillebrigaudiot.info\/wp-content\/uploads\/2023\/10\/IMG_2415-enfilagebouchons-1152x1536.jpg 1152w, https:\/\/mireillebrigaudiot.info\/wp-content\/uploads\/2023\/10\/IMG_2415-enfilagebouchons-1536x2048.jpg 1536w, https:\/\/mireillebrigaudiot.info\/wp-content\/uploads\/2023\/10\/IMG_2415-enfilagebouchons-scaled.jpg 1920w\" sizes=\"(max-width: 768px) 100vw, 768px\" \/><figcaption class=\"wp-element-caption\">retrouver<\/figcaption><\/figure>\n\n\n\n<figure class=\"wp-block-image size-large\"><img decoding=\"async\" loading=\"lazy\" width=\"240\" height=\"320\" data-id=\"1761\"  src=\"http:\/\/mireillebrigaudiot.info\/wp-content\/uploads\/2023\/10\/IMG_0476-enfile107-rotated.jpg\" alt=\"\" class=\"wp-image-1761\" srcset=\"https:\/\/mireillebrigaudiot.info\/wp-content\/uploads\/2023\/10\/IMG_0476-enfile107-rotated.jpg 240w, https:\/\/mireillebrigaudiot.info\/wp-content\/uploads\/2023\/10\/IMG_0476-enfile107-225x300.jpg 225w\" sizes=\"(max-width: 240px) 100vw, 240px\" \/><figcaption class=\"wp-element-caption\">enfiler<\/figcaption><\/figure>\n<\/figure>\n\n\n\n<p> <\/p>\n\n\n\n<p><strong><mark style=\"background-color:rgba(0, 0, 0, 0)\" class=\"has-inline-color has-medium-pink-color\">Emploi du temps<\/mark><\/strong><br><br>La ma\u00eetresse M nous a donn\u00e9 le d\u00e9roul\u00e9 d&rsquo;une journ\u00e9e-type (Une ann\u00e9e en TPS de REP+, <a href=\"http:\/\/mireillebrigaudiot.info\/index.php\/une-annee-en-tps-de-rep\/\" data-type=\"page\" data-id=\"1413\">octobre<\/a>). Bien s\u00fbr ce n&rsquo;est qu&rsquo;une possibilit\u00e9 mais quelques conseils peuvent beaucoup vous aider:<br>&#8211; le fait de choisir plusieurs regroupements de courte dur\u00e9e dans la journ\u00e9e. Ceux-ci vous permettent de souffler et \u00e7a calme les enfants tout en leur apprenant l&rsquo;\u00e9cole ;<br>&#8211; le fait de se poser quelques minutes \u00e0 un atelier \u00ab\u00a0constructions\u00a0\u00bb pour parler avec un enfant. L\u00e0, c&rsquo;est s\u00fbr, il apprend. Ne lui demandez rien, jouez et dites ce que vous faites ;<br>&#8211; le fait de s&rsquo;obliger \u00e0 jouer avec un enfant \u00e0 un jeu symbolique parce que vous savez que cet enfant n&rsquo;a pas encore parl\u00e9 une seule fois dans la classe. Cet encouragement peut le mettre en langage, tellement c&rsquo;est int\u00e9ressant pour lui. La condition est que vous vous comportiez <strong>comme<\/strong> si c&rsquo;\u00e9tait votre propre enfant. Et oui, c&rsquo;est \u00e7a que veut dire \u00ab\u00a0\u00e9cole maternelle\u00a0\u00bb. N&rsquo;oubliez pas la connivence des vid\u00e9os parent &#8211; enfant que je vous montre, c&rsquo;est l\u00e0 que se jouent les progr\u00e8s langagiers des petits.<br><\/p>\n\n\n\n<figure class=\"wp-block-image size-large\"><img decoding=\"async\" loading=\"lazy\" width=\"1024\" height=\"768\" src=\"http:\/\/mireillebrigaudiot.info\/wp-content\/uploads\/2019\/01\/IMG_11421-e1591443567212-1024x768.jpg\" alt=\"\" class=\"wp-image-583\" srcset=\"https:\/\/mireillebrigaudiot.info\/wp-content\/uploads\/2019\/01\/IMG_11421-e1591443567212-1024x768.jpg 1024w, https:\/\/mireillebrigaudiot.info\/wp-content\/uploads\/2019\/01\/IMG_11421-e1591443567212-300x225.jpg 300w, https:\/\/mireillebrigaudiot.info\/wp-content\/uploads\/2019\/01\/IMG_11421-e1591443567212-768x576.jpg 768w, https:\/\/mireillebrigaudiot.info\/wp-content\/uploads\/2019\/01\/IMG_11421-e1591443567212-1200x900.jpg 1200w\" sizes=\"(max-width: 1024px) 100vw, 1024px\" \/><\/figure>\n\n\n\n<p>Charles \u00ab\u00a0raconte sa vie \u00e0 son nounours\u00a0\u00bb. Ce n&rsquo;est pas seulement attendrissant, c&rsquo;est important pour lui, il confie ses secrets \u00e0 quelqu&rsquo;un. L&rsquo;adulte qui assiste \u00e0 ce moment ne dira rien. Mais quelque temps apr\u00e8s, il dira \u00e0 Charles \u00ab\u00a0<em>on pourrait jouer avec Nounours, tu t&rsquo;entends bien avec lui? tu l&rsquo;aimes bien<\/em>?\u00a0\u00bb, \u00e7a va embarquer l&rsquo;enfant dans l&rsquo;activit\u00e9 langagi\u00e8re de jeu symbolique.<\/p>\n\n\n\n<p>&#8212;&#8212;&#8212;&#8212;&#8212;&#8212;&#8212;&#8212;&#8212;&#8212;&#8212;&#8212;&#8212;&#8212;&#8211;<br>En TPS &gt; <a href=\"http:\/\/mireillebrigaudiot.info\/index.php\/tps-vigilances\/\" data-type=\"page\" data-id=\"1644\">Vigilances<\/a><br>En TPS &gt; <a href=\"http:\/\/mireillebrigaudiot.info\/index.php\/tps-evenements\/\" data-type=\"page\" data-id=\"1646\">\u00c9v\u00e8nements <\/a><br> <\/p>\n","protected":false},"excerpt":{"rendered":"<p>Voil\u00e0 un magnifique d\u00e9marrage de rentr\u00e9e avec cette fillette qui montre 3 activit\u00e9s de jeux symboliques en quelques minutes: elle r\u00e9pond au t\u00e9l\u00e9phone, pr\u00e9pare le repas et nourrit son b\u00e9b\u00e9. Pour une ma\u00eetresse de TPS c&rsquo;est le r\u00eave! Elle peut m\u00eame la montrer en exemple aux autres enfants en leur expliquant ce qu&rsquo;elle sait faire. &hellip; <a href=\"https:\/\/mireillebrigaudiot.info\/index.php\/tps-rentree\/\" class=\"more-link\">Continuer la lecture de <span class=\"screen-reader-text\">TPS \/ Rentr\u00e9e<\/span><\/a><\/p>\n","protected":false},"author":1,"featured_media":0,"parent":0,"menu_order":0,"comment_status":"closed","ping_status":"closed","template":"","meta":[],"_links":{"self":[{"href":"https:\/\/mireillebrigaudiot.info\/index.php\/wp-json\/wp\/v2\/pages\/1642"}],"collection":[{"href":"https:\/\/mireillebrigaudiot.info\/index.php\/wp-json\/wp\/v2\/pages"}],"about":[{"href":"https:\/\/mireillebrigaudiot.info\/index.php\/wp-json\/wp\/v2\/types\/page"}],"author":[{"embeddable":true,"href":"https:\/\/mireillebrigaudiot.info\/index.php\/wp-json\/wp\/v2\/users\/1"}],"replies":[{"embeddable":true,"href":"https:\/\/mireillebrigaudiot.info\/index.php\/wp-json\/wp\/v2\/comments?post=1642"}],"version-history":[{"count":17,"href":"https:\/\/mireillebrigaudiot.info\/index.php\/wp-json\/wp\/v2\/pages\/1642\/revisions"}],"predecessor-version":[{"id":2663,"href":"https:\/\/mireillebrigaudiot.info\/index.php\/wp-json\/wp\/v2\/pages\/1642\/revisions\/2663"}],"wp:attachment":[{"href":"https:\/\/mireillebrigaudiot.info\/index.php\/wp-json\/wp\/v2\/media?parent=1642"}],"curies":[{"name":"wp","href":"https:\/\/api.w.org\/{rel}","templated":true}]}}