{"id":1644,"date":"2023-10-14T11:43:37","date_gmt":"2023-10-14T11:43:37","guid":{"rendered":"http:\/\/mireillebrigaudiot.info\/?page_id=1644"},"modified":"2024-03-10T06:47:30","modified_gmt":"2024-03-10T06:47:30","slug":"tps-vigilances","status":"publish","type":"page","link":"https:\/\/mireillebrigaudiot.info\/index.php\/tps-vigilances\/","title":{"rendered":"TPS \/ Vigilances"},"content":{"rendered":"\n<p><br><strong><mark style=\"background-color:rgba(0, 0, 0, 0)\" class=\"has-inline-color has-medium-pink-color\">Que faire avec les enfants qui font mal aux autres?<\/mark><\/strong><br><br>Un point de vigilance en TPS, surtout en REP et REP +, est qu\u2019il faut tenir <strong>l\u2019objectif 1<\/strong> du langage dans le <strong>Programme<\/strong> comme une vraie priorit\u00e9&nbsp;: <strong>oser entrer en communication<\/strong>. Or il est fr\u00e9quent qu\u2019\u00e0 la rentr\u00e9e de Novembre certains enfants ne parlent pas encore et ne s\u2019expriment qu\u2019en tirant les cheveux ou en mordant. On peut interpr\u00e9ter ces comportements par l\u2019impossibilit\u00e9 de s\u2019exprimer verbalement mais aussi par l\u2019absence de prise en compte des effets sur autrui. En arr\u00eatant provisoirement l\u2019atelier dans lequel il reste d\u2019habitude, le ma\u00eetre peut commencer par prendre le temps d\u2019une <strong>observation attentive avec 4 questions<\/strong>&nbsp;: que se passe-t-il dans la classe quand les enfants sont en activit\u00e9 libre&nbsp;? quels sont les enfants les plus \u00ab&nbsp;mobiles&nbsp;\u00bb (ceux qui traversent la salle plusieurs fois en quelques minutes, qui d\u00e9placent maints objets, etc)&nbsp;? quels sont les plus agressifs&nbsp;? \u00e0 propos de quoi les conflits \u00e9clatent-ils&nbsp;?<br>A partir de l\u00e0, il peut volontairement et r\u00e9guli\u00e8rement prendre un enfant \u00e0 part et se mettre \u00e0 sa hauteur pour lui parler tranquillement, doucement mais avec professionnalisme&nbsp;: \u00ab&nbsp;<em>je t\u2019ai beaucoup regard\u00e9 et j\u2019ai quelque chose \u00e0 te dire. Je t\u2019ai vu plusieurs fois XXX (mordre, pincer, frapper\u2026) un copain, et \u00e7a, ce n\u2019est pas possible. Parce que tous les enfants ont le droit de jouer tranquillement et quand tu fais \u00e7a, tu leur fais MAL&nbsp;! est-ce que tu aimerais qu\u2019un enfant te fasse mal&nbsp;? Non&nbsp;! alors il ne faut pas plus le faire. Si quelque chose t\u2019emb\u00eate, si tu veux quelque chose, tu viens me chercher, tu me tires pour que je comprenne que tu as besoin de moi. Tu as compris&nbsp;?<\/em>&nbsp;\u00bb.<br>Et s&rsquo;il y a blessure, il faut ajouter: \u00ab\u00a0<em>tu vas t&rsquo;excuser. Tu vas voir B et tu lui dis pardon parce qu&rsquo;il a mal, tu lui as fait mal. Et tu lui feras un bisou sur le bras. Je reste ici, je te regarde, vas-y<\/em>\u00ab\u00a0.<br>Si je r\u00e9dige en d\u00e9tail cet a parte c\u2019est parce qu\u2019on a beaucoup de recherches (voir <a href=\"http:\/\/mireillebrigaudiot.info\/index.php\/des-activites-symboliques-des-enfants-a-celles-des-adultes\/\" data-type=\"page\" data-id=\"1677\">activit\u00e9s symboliques<\/a>, de 2 \u00e0 3 ans ) qui montrent l\u2019effet du langage des adultes quand ils emploient fr\u00e9quemment un <strong>vocabulaire \u00ab&nbsp;du ressenti d\u2019autrui&nbsp;\u00bb<\/strong>&nbsp;: faire mal, emb\u00eater, \u00eatre triste, pleurer, avoir besoin, aimer, \u00eatre content, \u00eatre fier\u2026&nbsp;\u00bb.<br>Le ma\u00eetre peut aussi \u00ab&nbsp;suivre&nbsp;\u00bb l\u2019enfant dans ses progr\u00e8s, par exemple en lui disant \u00e0 sa sortie de l\u2019\u00e9cole&nbsp;: \u00ab&nbsp;<em>aujourd\u2019hui, je suis vraiment content, tu n\u2019as pas du tout XXX. Tu peux \u00eatre fier de toi.<\/em>&nbsp;<em>Tu es grand<\/em>&nbsp;!\u00bb.<br><strong>Attention&nbsp;: il ne s\u2019agit pas du tout de \u00ab&nbsp;faire la morale&nbsp;\u00bb, de dire \u00ab&nbsp;c\u2019est pas bien&nbsp;\u00bb. Il s\u2019agit d\u2019attirer syst\u00e9matiquement l\u2019attention de l\u2019enfant sur les effets de ce qu\u2019il fait aux autres enfants<\/strong>. C\u2019est ce qu\u2019on veut construire. Il y a aussi des histoires qui portent sur cette question. Par exemple, <strong><em>La petite poule rousse<\/em><\/strong>, qui punira ses 3 amis trop feignants pour l\u2019aider.<br>L\u2019enseignant peut aller jusqu\u2019\u00e0 en faire un \u00e9v\u00e8nement-exploit en public. Ici c\u2019est d\u2019un autre registre qu\u2019il s\u2019agit parce que le groupe est t\u00e9moin et pourra donc venir en aide \u00e0 l&rsquo;enfant. En regroupement, il dit&nbsp;: \u00ab&nbsp;<em>depuis quelques jours quelqu\u2019un fait un gros effort pour \u00eatre gentil avec les copains, je suis contente. C\u2019est AA. Bravo AA&nbsp;! On l\u2019applaudit.<\/em>&nbsp;\u00bb<br>Il faut que l\u2019enfant ressente la demande de l\u2019\u00e9cole comme une aide \u00e0 grandir. Surtout pas de cri ou de punition. Ayez confiance, vous allez y arriver.<br><br>Par ailleurs, l\u2019enseignant peut agir sur plusieurs plans&nbsp;: attribuer un espace \u00e0 2 enfants (rep\u00e8res avec ruban, badge\u2026) pour quelques minutes, constituer un duo d\u2019enfants \u00e0 qui il donne une consigne (aller au coin cuisine et pr\u00e9parer tout le repas sous le regard de la ma\u00eetresse), montrer aux enfants que certains jouets sont en double (\u00ab&nbsp;<em>les transporteurs, il y en a 2, en voil\u00e0 1, en voil\u00e0 un autre. On ne peut en prendre un que s\u2019il est libre. On ne pousse pas&nbsp;!<\/em>&nbsp;\u00bb).<\/p>\n\n\n\n<p>Et regardez si \u00e7a peut vous rassurer, vous n&rsquo;\u00eates pas les seuls \u00e0 avoir ce probl\u00e8me, nos amis qu\u00e9b\u00e9cois aussi.<\/p>\n\n\n\n<figure class=\"wp-block-embed is-type-video is-provider-youtube wp-block-embed-youtube wp-embed-aspect-16-9 wp-has-aspect-ratio\"><div class=\"wp-block-embed__wrapper\">\n<iframe loading=\"lazy\" title=\"Dis-moi...comment l&#039;enfant devient-il sensible \u00e0 ce que vivent les autres?\" width=\"660\" height=\"371\" src=\"https:\/\/www.youtube.com\/embed\/-M9Mgwzg5DY?feature=oembed\" frameborder=\"0\" allow=\"accelerometer; autoplay; clipboard-write; encrypted-media; gyroscope; picture-in-picture; web-share\" allowfullscreen><\/iframe>\n<\/div><\/figure>\n\n\n\n<p><\/p>\n\n\n\n<p><strong><mark style=\"background-color:rgba(0, 0, 0, 0)\" class=\"has-inline-color has-medium-pink-color\">Le langage, priorit\u00e9 pour les enfants prioritaires, dans cette classe, cette ann\u00e9e<\/mark><\/strong><\/p>\n\n\n\n<p>Si cette classe a bien une fonction particuli\u00e8re, c&rsquo;est l&rsquo;aide au d\u00e9veloppement du langage qu&rsquo;on doit fournir aux enfants. Apr\u00e8s l&rsquo;observation des premiers mois d&rsquo;ann\u00e9e scolaire, l&rsquo;enseignant a une connaissance d\u00e9j\u00e0 fine de ses \u00e9l\u00e8ves. Trois zones d&rsquo;observations particuli\u00e8res sont \u00e0 privil\u00e9gier: <strong>l&rsquo;oral (<\/strong>dans toutes ses modalit\u00e9s \u00e0 ce niveau de classe, modulations vocaliques, r\u00e9p\u00e9titions, mots&#8230;), <strong>les jeux symboliques <\/strong>(sous toutes ses formes, mais toujours quand il est spontan\u00e9), et <strong>les relations sociales<\/strong> dans le groupe-classe (car c&rsquo;est une grande nouveaut\u00e9 pour la majorit\u00e9 des enfants).<br>Je conseille donc aux enseignants de r\u00e9diger pour eux-m\u00eames un tableau r\u00e9capitulatif d&rsquo;o\u00f9 en est chaque enfant de la classe vers No\u00ebl. Ils poss\u00e8deront ainsi un cap pour pratiquement le reste de l&rsquo;ann\u00e9e.  Voil\u00e0 une des pages du tableau \u00e9tabli par M, la ma\u00eetresse que nous avons suivie.<\/p>\n\n\n\n<figure class=\"wp-block-image size-full\"><img decoding=\"async\" loading=\"lazy\" width=\"640\" height=\"480\" src=\"http:\/\/mireillebrigaudiot.info\/wp-content\/uploads\/2023\/12\/IMG_4203.jpg-liste-rotated-e1702370602439.jpg\" alt=\"\" class=\"wp-image-2057\" srcset=\"https:\/\/mireillebrigaudiot.info\/wp-content\/uploads\/2023\/12\/IMG_4203.jpg-liste-rotated-e1702370602439.jpg 640w, https:\/\/mireillebrigaudiot.info\/wp-content\/uploads\/2023\/12\/IMG_4203.jpg-liste-rotated-e1702370602439-300x225.jpg 300w\" sizes=\"(max-width: 640px) 100vw, 640px\" \/><\/figure>\n\n\n\n<p>On voit qu&rsquo;il s&rsquo;agit de notes personnelles et venant d&rsquo;une pro dans le m\u00e9tier.<br>C&rsquo;est \u00e0 partir de ce tableau que j&rsquo;ai \u00e9tabli les r\u00e9sultats pr\u00e9sent\u00e9s dans le chapitre 3 sous formes de groupes d&rsquo;enfants: ceux qui n&rsquo;ont pas \u00ab\u00a0fini\u00a0\u00bb leur rentr\u00e9e et sont prioritaires, ceux qui sont en train de s&rsquo;adapter lentement et ceux qui sont int\u00e9gr\u00e9s, bien dans la classe et qui progressent. Les <strong>enfants prioritaires<\/strong> sont ceux qui ne montrent pas qu&rsquo;ils sont bien \u00e0 l&rsquo;\u00e9cole et qui n&rsquo;ont pas encore montr\u00e9 un seul des crit\u00e8res retenus (oral, jeux symboliques, relations classe). Par exemple, sur cette page, l&rsquo;enfant A (appel\u00e9e ANA par ailleurs). Les enfants les plus avanc\u00e9s, eux cochent toutes les cases. Et quelques enfants sont \u00ab\u00a0entre\u00a0\u00bb ces 2 groupes. Evidemment tout \u00e7a va bouger, le but \u00e9tant de ne plus avoir d&rsquo;enfants prioritaires en juin.<br>L&rsquo;action choisie pour aider ces enfants prioritaires est une aide \u00e0 l&rsquo;entr\u00e9e dans une zone qu&rsquo;ils aiment: les jeux symboliques. On a en effet constat\u00e9 que seuls les enfants inventant ces jeux parlent. Et les recherches montrent clairement des relations entre langage oral et jeux symboliques. Voir mot-cl\u00e9 <a href=\"http:\/\/mireillebrigaudiot.info\/index.php\/jeux-symboliques\/\" data-type=\"page\" data-id=\"1707\">jeux symboliques<\/a>.<br>La forme choisie est <mark style=\"background-color:rgba(0, 0, 0, 0)\" class=\"has-inline-color has-medium-pink-color\">l<strong>e 10 fois 10<\/strong><\/mark><strong> que j&rsquo;ai d\u00e9crit dans le feuilleton: une ma\u00eetresse qui, apr\u00e8s l&rsquo;avoir annonc\u00e9, va jouer 10 jours de suite pendant 10 minutes maximum \u00e0 un jeu symbolique avec 2 enfants prioritaires. <\/strong>La condition pour l&rsquo;enseignante est d&rsquo;abandonner sa posture habituelle d&rsquo;enseignement: pas de questions ferm\u00e9es aux enfants, pas d&rsquo;attente de comportements particuliers, pas d&rsquo;attente de verbalisation particuli\u00e8re. Ce doit \u00eatre \u00ab\u00a0naturel\u00a0\u00bb comme lorsqu&rsquo;un adulte joue, dans l&rsquo;intimit\u00e9, avec un tout petit. le \u00ab\u00a0mod\u00e8le\u00a0\u00bb c&rsquo;est la sc\u00e8ne entre Charles et son p\u00e8re avec la vache (voir Apprentissages &#8211;> des <a href=\"http:\/\/mireillebrigaudiot.info\/index.php\/des-activites-symboliques-des-enfants-a-celles-des-adultes\/\" data-type=\"page\" data-id=\"1677\">activit\u00e9s symboliques \u00e9tonnantes et fondatrices<\/a>).<br>Dernier d\u00e9tail. Il doit y avoir des <strong>moments un peu dr\u00f4les dans ces jeux<\/strong> car, on le sait, c&rsquo;est ce que font les enfants. On va faire un g\u00e2teau qui va bruler mais les invit\u00e9s le trouveront encore meilleur. La grue du garage va emmener une voiture en panne mais va oublier le chien rest\u00e9 dedans etc. Et <strong>l&rsquo;humour<\/strong> dans les jeux symboliques est un tr\u00e8s bon signe: \u00e7a veut dire que les enfants mobilisent le langage au-del\u00e0 de son r\u00f4le r\u00e9f\u00e9rentiel. C&rsquo;est du \u00ab\u00a0m\u00e9ta\u00a0\u00bb. <br>J&rsquo;esp\u00e8re que d&rsquo;autres coll\u00e8gues travaillant en TPS vont tenter ce challenge pour me donner leurs r\u00e9sultats. Merci!!<\/p>\n\n\n\n<p><strong><mark style=\"background-color:rgba(0, 0, 0, 0)\" class=\"has-inline-color has-medium-pink-color\">Les moments d\u00e9licats \u00e0 penser en particulier<\/mark><\/strong><\/p>\n\n\n\n<p>Dans les \u00ab\u00a0premi\u00e8res fois\u00a0\u00bb on a vu la pr\u00e9caution sieste: elle est d\u00e9cisive. En effet, pour cette premi\u00e8re fr\u00e9quentation scolaire, on doit se d\u00e9brouiller pour \u00e9viter toute crainte chez les enfants. Car quand il y en a, c\u2019est inutile d\u2019attendre des apprentissages quels qu\u2019il soient ensuite. Selon les enfants, <strong>les moments d\u00e9licats <\/strong>sont: le d\u00e9part des parents le matin, le d\u00e9shabillage \u00e0 l\u2019arriv\u00e9e, la sortie dans la cour, la cantine, la sieste. Il ne faut pas croire que c\u2019est un d\u00e9tail. Les \u00ab&nbsp;peurs&nbsp;\u00bb de quelque chose en TPS peuvent durer des ann\u00e9es.<\/p>\n\n\n\n<p><\/p>\n\n\n\n<p><br>En TPS &gt; <a href=\"http:\/\/mireillebrigaudiot.info\/index.php\/tps-rentree\/\" data-type=\"page\" data-id=\"1642\">Rentr\u00e9e<\/a><br>En TPS &gt; <a href=\"http:\/\/mireillebrigaudiot.info\/index.php\/tps-evenements\/\" data-type=\"page\" data-id=\"1646\">\u00c9v\u00e8nements <\/a><br><\/p>\n","protected":false},"excerpt":{"rendered":"<p>Que faire avec les enfants qui font mal aux autres? Un point de vigilance en TPS, surtout en REP et REP +, est qu\u2019il faut tenir l\u2019objectif 1 du langage dans le Programme comme une vraie priorit\u00e9&nbsp;: oser entrer en communication. Or il est fr\u00e9quent qu\u2019\u00e0 la rentr\u00e9e de Novembre certains enfants ne parlent pas &hellip; <a href=\"https:\/\/mireillebrigaudiot.info\/index.php\/tps-vigilances\/\" class=\"more-link\">Continuer la lecture de <span class=\"screen-reader-text\">TPS \/ Vigilances<\/span><\/a><\/p>\n","protected":false},"author":1,"featured_media":0,"parent":0,"menu_order":0,"comment_status":"closed","ping_status":"closed","template":"","meta":[],"_links":{"self":[{"href":"https:\/\/mireillebrigaudiot.info\/index.php\/wp-json\/wp\/v2\/pages\/1644"}],"collection":[{"href":"https:\/\/mireillebrigaudiot.info\/index.php\/wp-json\/wp\/v2\/pages"}],"about":[{"href":"https:\/\/mireillebrigaudiot.info\/index.php\/wp-json\/wp\/v2\/types\/page"}],"author":[{"embeddable":true,"href":"https:\/\/mireillebrigaudiot.info\/index.php\/wp-json\/wp\/v2\/users\/1"}],"replies":[{"embeddable":true,"href":"https:\/\/mireillebrigaudiot.info\/index.php\/wp-json\/wp\/v2\/comments?post=1644"}],"version-history":[{"count":22,"href":"https:\/\/mireillebrigaudiot.info\/index.php\/wp-json\/wp\/v2\/pages\/1644\/revisions"}],"predecessor-version":[{"id":2357,"href":"https:\/\/mireillebrigaudiot.info\/index.php\/wp-json\/wp\/v2\/pages\/1644\/revisions\/2357"}],"wp:attachment":[{"href":"https:\/\/mireillebrigaudiot.info\/index.php\/wp-json\/wp\/v2\/media?parent=1644"}],"curies":[{"name":"wp","href":"https:\/\/api.w.org\/{rel}","templated":true}]}}