{"id":1654,"date":"2023-10-14T11:46:26","date_gmt":"2023-10-14T11:46:26","guid":{"rendered":"http:\/\/mireillebrigaudiot.info\/?page_id=1654"},"modified":"2023-10-19T17:18:22","modified_gmt":"2023-10-19T17:18:22","slug":"ms-rentree","status":"publish","type":"page","link":"https:\/\/mireillebrigaudiot.info\/index.php\/ms-rentree\/","title":{"rendered":"MS \/ Rentr\u00e9e"},"content":{"rendered":"<p>Le <strong>Moyenne Section<\/strong> est une bien belle ann\u00e9e:<br>\n&#8211; alors qu&rsquo;ils parlent d\u00e9j\u00e0, les enfants vont se mettre \u00e0 entrer dans les <strong>discours<\/strong>. Ils justifient ce qu&rsquo;ils disent, expliquent, donnent des d\u00e9tails et racontent beaucoup,<br>\n&#8211; car ils adorent les <strong>histoires<\/strong>. Ne pas rater cette ann\u00e9e c&rsquo;est pr\u00e9voir de belles piles d&rsquo;albums qu&rsquo;on va leur pr\u00e9senter peu \u00e0 peu, leur raconter et leur re-raconter. Et si vous leur demandez \u00e0 un moment de dessiner, c&rsquo;est une bonne id\u00e9e. Parce que c&rsquo;est cette ann\u00e9e l&rsquo;explosion du <strong>dessin<\/strong>. Mais ne sacrifiez pas \u00e0 cette mode bien triste qui consiste \u00e0 leur dire <em>dessinez un passage qui vous a plu<\/em>. Oups. A 4 ans, plus tard non plus d&rsquo;ailleurs, on ne peut pas repr\u00e9senter ce genre de sc\u00e8ne. Il vaut mieux leur demander du possible, notamment de dessiner des objets (table, niche, galette, jouet, etc) ou des \u00e9l\u00e9ments fixes du r\u00e9cit (arbre, porte, voiture, etc), ou, encore le visage d&rsquo;un personnage \u00e0 un certain moment de l&rsquo;histoire.<br>\n&#8211; car c&rsquo;est aussi l&rsquo;ann\u00e9e de la pens\u00e9e de la pens\u00e9e et de la compr\u00e9hension des sentiments et des sensations (<strong>th\u00e9orie de l&rsquo;esprit<\/strong>). Par exemple, ce sera un beau challenge pour ces enfants de dessiner 2 fois le cochon Jules de <em>Crotte de nez<\/em>, sur la m\u00eame page, une fois au d\u00e9but de l&rsquo;histoire quand il est amoureux de Julie, et une fois vers la fin de l&rsquo;histoire quand il voit qu&rsquo;il a r\u00e9ussi \u00e0 d\u00e9go\u00fbter le loup.<br>\n&#8211; et il y a les extraordinaires <strong>progr\u00e8s moteurs<\/strong> qui vont jalonner cette ann\u00e9e. Il faut en profiter, en motricit\u00e9 mais aussi en <strong>graphisme<\/strong> (un exercice par jour pour chaque enfant) car ils peuvent \u00e9crire leur pr\u00e9nom en attach\u00e9 \u00e0 la fin de l&rsquo;ann\u00e9e s&rsquo;ils sont entra\u00een\u00e9s.<br>\n&#8211; il y a enfin d&rsquo;extraordinaires progr\u00e8s des enfants qui commencent une premi\u00e8re ma\u00eetrise du <strong>temps<\/strong>: rep\u00e8res de moments dans la journ\u00e9e, rep\u00e8re dans les jours (\u00ab\u00a0c&rsquo;est aujourd&rsquo;hui demain?\u00a0\u00bb),&nbsp; bonne compr\u00e9hension de \u00ab\u00a0longtemps \/ pas longtemps\u00a0\u00bb, etc. Plut\u00f4t que de leur poser des questions, comme toujours, il faut cette ann\u00e9e leur <strong>donner<\/strong> des rep\u00e8res, sans rien leur demander.<\/p>\n\n\n<p>En MS > <a href=\"http:\/\/mireillebrigaudiot.info\/index.php\/ms-vigilances\/\" data-type=\"page\" data-id=\"1656\">Vigilances<\/a><br>En MS > <a href=\"http:\/\/mireillebrigaudiot.info\/index.php\/ms-evenements\/\" data-type=\"page\" data-id=\"1658\">\u00c9v\u00e8nements <\/a><br><\/p>\n","protected":false},"excerpt":{"rendered":"<p>Le Moyenne Section est une bien belle ann\u00e9e: &#8211; alors qu&rsquo;ils parlent d\u00e9j\u00e0, les enfants vont se mettre \u00e0 entrer dans les discours. Ils justifient ce qu&rsquo;ils disent, expliquent, donnent des d\u00e9tails et racontent beaucoup, &#8211; car ils adorent les histoires. Ne pas rater cette ann\u00e9e c&rsquo;est pr\u00e9voir de belles piles d&rsquo;albums qu&rsquo;on va leur &hellip; <a href=\"https:\/\/mireillebrigaudiot.info\/index.php\/ms-rentree\/\" class=\"more-link\">Continuer la lecture de <span class=\"screen-reader-text\">MS \/ Rentr\u00e9e<\/span><\/a><\/p>\n","protected":false},"author":1,"featured_media":0,"parent":0,"menu_order":0,"comment_status":"closed","ping_status":"closed","template":"","meta":[],"_links":{"self":[{"href":"https:\/\/mireillebrigaudiot.info\/index.php\/wp-json\/wp\/v2\/pages\/1654"}],"collection":[{"href":"https:\/\/mireillebrigaudiot.info\/index.php\/wp-json\/wp\/v2\/pages"}],"about":[{"href":"https:\/\/mireillebrigaudiot.info\/index.php\/wp-json\/wp\/v2\/types\/page"}],"author":[{"embeddable":true,"href":"https:\/\/mireillebrigaudiot.info\/index.php\/wp-json\/wp\/v2\/users\/1"}],"replies":[{"embeddable":true,"href":"https:\/\/mireillebrigaudiot.info\/index.php\/wp-json\/wp\/v2\/comments?post=1654"}],"version-history":[{"count":3,"href":"https:\/\/mireillebrigaudiot.info\/index.php\/wp-json\/wp\/v2\/pages\/1654\/revisions"}],"predecessor-version":[{"id":1777,"href":"https:\/\/mireillebrigaudiot.info\/index.php\/wp-json\/wp\/v2\/pages\/1654\/revisions\/1777"}],"wp:attachment":[{"href":"https:\/\/mireillebrigaudiot.info\/index.php\/wp-json\/wp\/v2\/media?parent=1654"}],"curies":[{"name":"wp","href":"https:\/\/api.w.org\/{rel}","templated":true}]}}