{"id":1660,"date":"2023-10-14T11:47:28","date_gmt":"2023-10-14T11:47:28","guid":{"rendered":"http:\/\/mireillebrigaudiot.info\/?page_id=1660"},"modified":"2023-10-19T17:20:46","modified_gmt":"2023-10-19T17:20:46","slug":"gs-rentree","status":"publish","type":"page","link":"https:\/\/mireillebrigaudiot.info\/index.php\/gs-rentree\/","title":{"rendered":"GS \/ Rentr\u00e9e"},"content":{"rendered":"\n<p>Contrairement \u00e0 ce qu&rsquo;on croit souvent, la GS n&rsquo;est pas l&rsquo;ann\u00e9e de l&rsquo;\u00e9crit, par opposition aux autres niveaux qui seraient essentiellement ceux du travail oral. Il faut travailler les deux.<\/p>\n\n\n\n<p>En GS > <a href=\"http:\/\/mireillebrigaudiot.info\/index.php\/gs-vigilances\/\" data-type=\"page\" data-id=\"1662\">Vigilances<\/a><br>En GS > <a href=\"http:\/\/mireillebrigaudiot.info\/index.php\/gs-evenements\/\" data-type=\"page\" data-id=\"1664\">\u00c9v\u00e8nements<\/a><\/p>\n","protected":false},"excerpt":{"rendered":"<p>Contrairement \u00e0 ce qu&rsquo;on croit souvent, la GS n&rsquo;est pas l&rsquo;ann\u00e9e de l&rsquo;\u00e9crit, par opposition aux autres niveaux qui seraient essentiellement ceux du travail oral. Il faut travailler les deux. En GS > VigilancesEn GS > \u00c9v\u00e8nements<\/p>\n","protected":false},"author":1,"featured_media":0,"parent":0,"menu_order":0,"comment_status":"closed","ping_status":"closed","template":"","meta":[],"_links":{"self":[{"href":"https:\/\/mireillebrigaudiot.info\/index.php\/wp-json\/wp\/v2\/pages\/1660"}],"collection":[{"href":"https:\/\/mireillebrigaudiot.info\/index.php\/wp-json\/wp\/v2\/pages"}],"about":[{"href":"https:\/\/mireillebrigaudiot.info\/index.php\/wp-json\/wp\/v2\/types\/page"}],"author":[{"embeddable":true,"href":"https:\/\/mireillebrigaudiot.info\/index.php\/wp-json\/wp\/v2\/users\/1"}],"replies":[{"embeddable":true,"href":"https:\/\/mireillebrigaudiot.info\/index.php\/wp-json\/wp\/v2\/comments?post=1660"}],"version-history":[{"count":4,"href":"https:\/\/mireillebrigaudiot.info\/index.php\/wp-json\/wp\/v2\/pages\/1660\/revisions"}],"predecessor-version":[{"id":1783,"href":"https:\/\/mireillebrigaudiot.info\/index.php\/wp-json\/wp\/v2\/pages\/1660\/revisions\/1783"}],"wp:attachment":[{"href":"https:\/\/mireillebrigaudiot.info\/index.php\/wp-json\/wp\/v2\/media?parent=1660"}],"curies":[{"name":"wp","href":"https:\/\/api.w.org\/{rel}","templated":true}]}}