{"id":1662,"date":"2023-10-14T11:47:43","date_gmt":"2023-10-14T11:47:43","guid":{"rendered":"http:\/\/mireillebrigaudiot.info\/?page_id=1662"},"modified":"2023-10-19T17:21:20","modified_gmt":"2023-10-19T17:21:20","slug":"gs-vigilances","status":"publish","type":"page","link":"https:\/\/mireillebrigaudiot.info\/index.php\/gs-vigilances\/","title":{"rendered":"GS \/ Vigilances"},"content":{"rendered":"\n<p>ccc<\/p>\n\n\n\n<p>En GS > <a href=\"http:\/\/mireillebrigaudiot.info\/index.php\/gs-rentree\/\" data-type=\"page\" data-id=\"1660\">Rentr\u00e9e<\/a><br>En GS > <a href=\"http:\/\/mireillebrigaudiot.info\/index.php\/gs-evenements\/\" data-type=\"page\" data-id=\"1664\">\u00c9v\u00e8nements<\/a><\/p>\n","protected":false},"excerpt":{"rendered":"<p>ccc En GS > Rentr\u00e9eEn GS > \u00c9v\u00e8nements<\/p>\n","protected":false},"author":1,"featured_media":0,"parent":0,"menu_order":0,"comment_status":"closed","ping_status":"closed","template":"","meta":[],"_links":{"self":[{"href":"https:\/\/mireillebrigaudiot.info\/index.php\/wp-json\/wp\/v2\/pages\/1662"}],"collection":[{"href":"https:\/\/mireillebrigaudiot.info\/index.php\/wp-json\/wp\/v2\/pages"}],"about":[{"href":"https:\/\/mireillebrigaudiot.info\/index.php\/wp-json\/wp\/v2\/types\/page"}],"author":[{"embeddable":true,"href":"https:\/\/mireillebrigaudiot.info\/index.php\/wp-json\/wp\/v2\/users\/1"}],"replies":[{"embeddable":true,"href":"https:\/\/mireillebrigaudiot.info\/index.php\/wp-json\/wp\/v2\/comments?post=1662"}],"version-history":[{"count":3,"href":"https:\/\/mireillebrigaudiot.info\/index.php\/wp-json\/wp\/v2\/pages\/1662\/revisions"}],"predecessor-version":[{"id":1785,"href":"https:\/\/mireillebrigaudiot.info\/index.php\/wp-json\/wp\/v2\/pages\/1662\/revisions\/1785"}],"wp:attachment":[{"href":"https:\/\/mireillebrigaudiot.info\/index.php\/wp-json\/wp\/v2\/media?parent=1662"}],"curies":[{"name":"wp","href":"https:\/\/api.w.org\/{rel}","templated":true}]}}