{"id":1677,"date":"2023-10-14T12:13:29","date_gmt":"2023-10-14T12:13:29","guid":{"rendered":"http:\/\/mireillebrigaudiot.info\/?page_id=1677"},"modified":"2024-03-09T13:26:49","modified_gmt":"2024-03-09T13:26:49","slug":"des-activites-symboliques-des-enfants-a-celles-des-adultes","status":"publish","type":"page","link":"https:\/\/mireillebrigaudiot.info\/index.php\/des-activites-symboliques-des-enfants-a-celles-des-adultes\/","title":{"rendered":"Des activit\u00e9s symboliques \u00e9tonnantes et fondatrices"},"content":{"rendered":"\n<p>Cette proposition de contenus est un essai th\u00e9orico-pratique qui rassemblera des exemples de <strong>comportements d&rsquo;enfants qui sortent de l&rsquo;ordinaire: ils font et\/ou disent quelque chose qui nous \u00e9tonne, qui nous fait rire, ou qu&rsquo;on ne comprend pas <\/strong>parce que \u00e7a n&rsquo;entre pas dans ce que nous connaissons. Le plus souvent il s&rsquo;agit alors d&rsquo;<strong>activit\u00e9s symboliques<\/strong> qui correspondent \u00e0 un besoin affectif et cognitif qui fonctionne en quelque sorte comme \u00ab\u00a0soubassement\u00a0\u00bb d\u00e9veloppemental de toute une s\u00e9rie d&rsquo;apprentissages qui auront lieu ult\u00e9rieurement.<br>Dans la mesure o\u00f9 ces comportements sont des indices de fonctionnement psychique subtil chez l&rsquo;enfant, les enseignants pourront les valoriser et s&rsquo;y int\u00e9resser en tant que PROGRES chez un enfant, puis les encourager en y participant. De plus, ils seront alors \u00ab\u00a0oblig\u00e9s\u00a0\u00bb de faire des <a href=\"http:\/\/mireillebrigaudiot.info\/index.php\/mots-cles\/\" data-type=\"page\" data-id=\"7\">interpr\u00e9tations<\/a> centr\u00e9es sur le point de vue de l&rsquo;enfant pour le comprendre.<br>Toutes les observations qui suivent rel\u00e8vent de ce qu&rsquo;on a appel\u00e9, \u00e0 la suite des travaux de Piaget, la fonction symbolique. D\u00e9finition que nous en donne Eduscol: <br><em>La <strong>fonction symbolique<\/strong> suppose la capacit\u00e9 \u00e0 diff\u00e9rencier un signifi\u00e9 m\u00eame absent (objet, action\u2026) d\u2019un signifiant (le mot, le symbole)<\/em>.<br>En fait, les enfants ne sont pas du tout conscients de faire une telle diff\u00e9renciation. Pourtant le r\u00e9sultat est l\u00e0: ils utilisent un <strong>signifiant<\/strong> (soit qu&rsquo;ils inventent, on va le voir plus bas avec un \u00ab\u00a0premier mot\u00a0\u00bb), soit d\u00e9j\u00e0 disponible dans leur lexique (par exemple dire le mot \u00ab\u00a0vert\u00a0\u00bb) qui fonctionne avec un <strong>signifi\u00e9 inattendu<\/strong> (par exemple quand \u00ab\u00a0vert\u00a0\u00bb veut dire \u00ab\u00a0rouge\u00a0\u00bb, pour lui).<br>Par ailleurs l&rsquo;appellation \u00ab\u00a0fonction symbolique\u00a0\u00bb de Piaget renvoie \u00e0 un processus d\u00e9veloppemental par \u00e9tapes: jeu d&rsquo;imitation ou d&rsquo;imitation diff\u00e9r\u00e9e (donner \u00e0 manger \u00e0 une poup\u00e9e avec une dinette), jeu symbolique avec repr\u00e9sentation mentale. Mais de nombreux chercheurs abandonnent ce classement, constatant qu&rsquo;il y a toujours imitation de quelque chose (avec plus ou moins d&rsquo;importance) ET le plus souvent, bien plus qu&rsquo;une simple imitation. C&rsquo;est ce qui devient int\u00e9ressant pour les ma\u00eetres. <br>L&rsquo;exemple de Charles, \u00e0 2 ans 2 mois, donnant un objet \u00e0 la vache, est frappant. Encourag\u00e9 par son p\u00e8re il fait un cadeau \u00e0 la peluche et elle dit merci. Imitation. Mais quelques jours apr\u00e8s (on ne le voit pas sur la vid\u00e9o), il reprend la vache, met son oreille contre elle, et dit \u00ab\u00a0<em>elle demande si elle peut faire semblant<\/em>\u00ab\u00a0. Il y a donc d\u00e9j\u00e0 une sorte de pseudo-conscience de diff\u00e9rence entre signifiant (geste de donner)  et signifi\u00e9 (faire semblant de donner).<\/p>\n\n\n\n<figure class=\"wp-block-embed is-type-video is-provider-youtube wp-block-embed-youtube wp-embed-aspect-16-9 wp-has-aspect-ratio\"><div class=\"wp-block-embed__wrapper\">\n<iframe loading=\"lazy\" title=\"Bisou \u00e0 la vache\" width=\"660\" height=\"371\" src=\"https:\/\/www.youtube.com\/embed\/lrinhF6CehA?feature=oembed\" frameborder=\"0\" allow=\"accelerometer; autoplay; clipboard-write; encrypted-media; gyroscope; picture-in-picture; web-share\" allowfullscreen><\/iframe>\n<\/div><\/figure>\n\n\n\n<p>Cette pseudo-conscience nous permet d&rsquo;admettre que, bien que tr\u00e8s curieux, ce comportement est \u00ab\u00a0naturel\u00a0\u00bb pour l&rsquo;enfant: il \u00ab\u00a0sait\u00a0\u00bb qu&rsquo;il fait semblant, tout comme lorsqu&rsquo;il dit \u00ab\u00a0<em>au revoir<\/em>\u00a0\u00bb pour dire \u00ab\u00a0j&rsquo;en veux pas\u00a0\u00bb, il sait qu&rsquo;il dit qu&rsquo;il n&rsquo;en veut pas. Et quand un enfant de 4 ou 5 ans dit qu&rsquo;il est pirate en posant un objet sur sa t\u00eate, il sait qu&rsquo;il fait semblant d&rsquo;\u00eatre pirate. Les travaux de <a href=\"http:\/\/mireillebrigaudiot.info\/index.php\/bibliographie\/\" data-type=\"page\" data-id=\"1462\">Harris<\/a> montrent clairement que les enfants ne font pas de \u00ab\u00a0distorsion\u00a0\u00bb des mots, ne \u00ab\u00a0confondent\u00a0\u00bb pas le r\u00e9el et la fiction. Ils sont dans une activit\u00e9 langagi\u00e8re et \/ou mentale particuli\u00e8re.<\/p>\n\n\n\n<p><strong>Le but de cet onglet est donc d&rsquo;aider les ma\u00eetres \u00e0 faire des interpr\u00e9tations positives de comportements qui peuvent \u00eatre de nature diff\u00e9rente en apparence (emploi de mot ou expression, jeu, comportement avec autrui) mais qui sont toujours des traces d&rsquo;une activit\u00e9 intelligente complexe appel\u00e9e ici \u00ab\u00a0activit\u00e9 symbolique \u00e9tonnante et fondatrice\u00a0\u00bb.<\/strong><br>On abandonne les classements habituels de type jeu \/ pas jeu, imitation \/ pas imitation, etc, pour ne retenir que ce qui est important du point de vue de l&rsquo;enfant: il fait des essais de signifiants dans <strong>la grande activit\u00e9 symbolique qui va bient\u00f4t lui permettre de parler, inventer, dessiner, \u00e9crire et lire.<\/strong><br>On peut m\u00eame dire qu&rsquo;un enfant qui aime jouer \u00e0 des jeux symboliques comme celui de la vache \u00e0 2 ans, a beaucoup de chances de r\u00e9ussir sa future scolarit\u00e9.<\/p>\n\n\n\n<ul class=\"has-light-blue-background-color has-background\">\n<li>Pour d\u00e9couvrir des activit\u00e9s symboliques de 2 \u00e0 3 ans <a href=\"#2a3\">cliquez ici<\/a>.<\/li>\n\n\n\n<li>Pour d\u00e9couvrir des activit\u00e9s symboliques de 3 \u00e0 4 ans 1\/2 <a href=\"#3a4\">cliquez ici<\/a>.<\/li>\n\n\n\n<li>Pour d\u00e9couvrir des activit\u00e9s symboliques de 4 ans 1\/2 \u00e0 5 ans 1\/2 <a href=\"#4a5\">cliquez ici<\/a>.<\/li>\n<\/ul>\n\n\n\n<h2 class=\"wp-block-heading\" id=\"2a3\">De 2 \u00e0 3 ans<\/h2>\n\n\n\n<p><strong><mark style=\"background-color:rgba(0, 0, 0, 0)\" class=\"has-inline-color has-medium-pink-color\">Activit\u00e9s symboliques dans les premiers mots<\/mark><\/strong><br>Avant 2 ans, les travaux  en acquisition du lange montrent une curieuse fa\u00e7on de dire d\u00e8s les premiers mots articul\u00e9s (apr\u00e8s le babil). Car on peut consid\u00e9rer qu&rsquo;il y a 2 sortes de premiers mots qui vont assez vite entrer dans des combinaisons qu&rsquo;on appelle les deux-mots: <br>-ceux qu&rsquo;on appelle les <strong>mots pleins,<\/strong> qui <strong>deviendront par la suite des noms<\/strong>, comme \u00ab\u00a0vonvon\u00a0\u00bb pour d\u00e9signer un avion ou \u00ab\u00a0papa\u00a0\u00bbpour d\u00e9signer un adulte de l&rsquo;entourage. Et d\u00e9j\u00e0, on remarque des r\u00e9gularit\u00e9s dans leurs usages: \u00ab\u00a0papa\u00a0\u00bb d\u00e9signe aussi \u00ab\u00a0maman\u00a0\u00bb et une amie de la famille en visite ce jour-l\u00e0, \u00ab\u00a0vonvon\u00a0\u00bb peut d\u00e9signer le ciel ou la mamie parce que l&rsquo;enfant est all\u00e9 la voir en prenant l&rsquo;avion. Ici on a des traces de l&rsquo;entr\u00e9e dans l&rsquo;oral comme paraphrase de \u00ab\u00a0\u00e7a, pour moi, c&rsquo;est&#8230;.\u00a0\u00bb. Particularit\u00e9 de ces \u00ab\u00a0mots\u00a0\u00bb, ils sont tr\u00e8s nombreux, vari\u00e9s, d\u00e8s 1 an et quelques mois.<br>-ceux  que les anglo-saxons appellent \u00ab\u00a0mots de relation\u00a0\u00bb,  <strong>peu nombreux au m\u00eame \u00e2ge de l&rsquo;enfant, et tr\u00e8s utilis\u00e9s dans des situations vari\u00e9es<\/strong>.  Ils <strong>deviendront des verbes<\/strong> ou des marques grammaticales. C&rsquo;est le cas de \u00ab\u00a0au revoir\u00a0\u00bb, prononc\u00e9 \u00ab\u00a0awa\u00a0\u00bb,  pour dire \u00ab\u00a0je veux sortir\u00a0\u00bb, \u00ab\u00a0je n&rsquo;aime pas cette nourriture\u00a0\u00bb, \u00ab\u00a0ce livre est fini\u00a0\u00bb, etc. Ainsi, l&rsquo;enfant pourra dire bient\u00f4t \u00ab\u00a0awav\u00f4v\u00f4\u00a0\u00bb (2 mots) pour dire qu&rsquo;il ne voit plus l&rsquo;avion, ou qu&rsquo;il se demande o\u00f9 il est. <strong>Avec ces mots, les verbalisations portent essentiellement sur \u00ab\u00a0je veux \/ je veux pas\u00a0\u00bb et sur les d\u00e9placements des objets dans l&rsquo;espace et dans le temps.<\/strong><br><br>Ici on peut consid\u00e9rer qu&rsquo;on a affaire \u00e0 une trace d&rsquo;activit\u00e9 symbolique complexe car seul l&rsquo;enfant a la cl\u00e9 du rapprochement des diff\u00e9rentes situations. Bien s\u00fbr il n&rsquo;en a pas conscience. Mais il peut se f\u00e2cher si on ne le comprend pas, tellement sa production est fonctionnelle de son point de vue.<br>Je propose qu&rsquo;on regarde ici Lucie, \u00e0 1 an 4 mois, qui utilise \u00ab\u00a0<em>bap&rsquo;m<\/em>\u00a0\u00bb comme premier mot pour commenter diff\u00e9rentes actions ou constats. Ce montage vid\u00e9o a presque 40 ans, d&rsquo;o\u00f9 sa mauvaise qualit\u00e9.  Il pr\u00e9sente 4 moments entrecoup\u00e9s, tourn\u00e9s dans une seule journ\u00e9e. Le premier et le deuxi\u00e8me sont repass\u00e9s au ralenti pour bien montrer les gestes de la fillette quand elle prononce <em>bap&rsquo;m<\/em>. En effet, seuls les gestes de Lucie permettent d&rsquo;interpr\u00e9ter une \u00ab\u00a0hyper-signification\u00a0\u00bb du marqueur bap&rsquo;m. Elle balaye l&rsquo;espace qui vient de se vider! <\/p>\n\n\n\n<figure class=\"wp-block-embed is-type-video is-provider-youtube wp-block-embed-youtube wp-embed-aspect-4-3 wp-has-aspect-ratio\"><div class=\"wp-block-embed__wrapper\">\n<iframe loading=\"lazy\" title=\"Bap&#039;m\" width=\"660\" height=\"495\" src=\"https:\/\/www.youtube.com\/embed\/agorhrTez04?feature=oembed\" frameborder=\"0\" allow=\"accelerometer; autoplay; clipboard-write; encrypted-media; gyroscope; picture-in-picture; web-share\" allowfullscreen><\/iframe>\n<\/div><\/figure>\n\n\n\n<p>Dans ces seuls extraits, on voit que pour Lucie, le signifiant \u00ab\u00a0<em>bap&rsquo;m<\/em>\u00a0\u00bb veut dire 4 choses diff\u00e9rentes (les signifi\u00e9s): \u00ab\u00a0c&rsquo;est tomb\u00e9\u00a0\u00bb, \u00ab\u00a0y&rsquo;en n&rsquo;a pas\u00a0\u00bb, \u00ab\u00a0y&rsquo;en n&rsquo;a plus\u00a0\u00bb et \u00ab\u00a0c&rsquo;est fini\u00a0\u00bb. Il y de l&rsquo;espace &#8211; temps dans tous les cas, c&rsquo;est ce qui motive les enfants de cet \u00e2ge. Pour le signifiant, il est possible que la forme du mot bap&rsquo;m soit le r\u00e9sultat d&rsquo;un emprunt \u00e0 \u00ab\u00a0badaboum\u00a0\u00bb et \u00ab\u00a0c&rsquo;est fini\u00a0\u00bb.<br>Et l&rsquo;adulte entre facilement dans les propos de la petite. Il y a une tr\u00e8s grande connivence qu&rsquo;on voit dans les regards, les gestes, les pr\u00e9cautions. Par exemple, quand la m\u00e8re dit \u00e0 la petite  \u00ab\u00a0<em>ils sont bapoum les bonshommes??<\/em>\u00ab\u00a0, avec une intonation montante comme si elle v\u00e9rifiait que toutes les deux parlent bien de la m\u00eame chose.<br><br><strong><mark style=\"background-color:rgba(0, 0, 0, 0)\" class=\"has-inline-color has-medium-pink-color\">Les adultes devant les premi\u00e8res activit\u00e9s symboliques<\/mark><\/strong><br>Une question se pose: si elles sont si bonnes pour les enfants, les adultes peuvent-ils en quelque sorte \u00ab\u00a0provoquer\u00a0\u00bb ces activit\u00e9s symboliques?<br>Oui, bien s\u00fbr. Les enseignants le font d\u00e9j\u00e0 en am\u00e9nageant la classe avec des coins (garage, dinette chambre de poup\u00e9es). Et s&rsquo;ils allaient jouer eux-m\u00eames dans ces coins, en \u00ab\u00a0vrai\u00a0\u00bb, c&rsquo;est-\u00e0-dire en mimant les 2 -3 ans: \u00ab\u00a0<em>ah je crois qu&rsquo;elle a de la fi\u00e8vre, il vaut mieux que je la couche, allez, tu vois, tu vas \u00eatre bien dans ton lit&#8230;<\/em>\u00ab\u00a0?<br>Je voudrais que les enseignants consid\u00e8rent que \u00e7a fait partie du m\u00e9tier, surtout en TPS et PS de REP. Car, regardez encore la vid\u00e9o de Charles avec la vache (paragraphe pr\u00e9c\u00e9dent) : c&rsquo;est son p\u00e8re qui lui dit \u00ab\u00a0<em>tu vas lui donner une voiture, \u00e0 la vache?\u00a0\u00bb<\/em>. Et l&rsquo;enfant est si heureux d&rsquo;entrer dans ce jeu. IL FAUT JOUER AVEC EUX, m\u00eame \u00e0 l&rsquo;\u00e9cole, oui oui .<br>C&rsquo;est ce que fait par exemple une ma\u00eetresse qui voit un petit, dans la cage \u00e0 \u00e9cureuil, qui fait semblant de tourner un volant puis de fermer la porte de sa voiture. Elle lui dit: \u00ab\u00a0<em>ah mais tu pars d\u00e9j\u00e0, regarde, Samir vient avec toi, attends-le, il y a de la place dans ta voiture<\/em>\u00ab\u00a0. <br>Si ces moments \u00e9taient plus fr\u00e9quents, les enfants entreraient plus vite dans le langage.<br>Il suffirait que l&rsquo;enseignant finisse toujours la s\u00e9quence par \u00ab\u00a0<em>houlala, on a  bien jou\u00e9!<\/em>\u00a0\u00bb pour que l&rsquo;enfant comprenne bien qu&rsquo;on est dans le faire semblant.<\/p>\n\n\n\n<figure class=\"wp-block-image size-full\"><img decoding=\"async\" loading=\"lazy\" width=\"480\" height=\"640\" src=\"http:\/\/mireillebrigaudiot.info\/wp-content\/uploads\/2023\/11\/cage-ecu-rotated.jpg\" alt=\"\" class=\"wp-image-1879\" srcset=\"https:\/\/mireillebrigaudiot.info\/wp-content\/uploads\/2023\/11\/cage-ecu-rotated.jpg 480w, https:\/\/mireillebrigaudiot.info\/wp-content\/uploads\/2023\/11\/cage-ecu-225x300.jpg 225w\" sizes=\"(max-width: 480px) 100vw, 480px\" \/><\/figure>\n\n\n\n<p><\/p>\n\n\n\n<p><mark style=\"background-color:rgba(0, 0, 0, 0)\" class=\"has-inline-color has-medium-pink-color\">\u00ab\u00a0<strong><em>Il ne faut pas faire mal aux autres<\/em>\u00a0\u00bb, une question TOM chez les 2-3 ans<\/strong><\/mark><\/p>\n\n\n\n<p>La ma\u00eetresse de TPS que nous suivons (<a href=\"http:\/\/mireillebrigaudiot.info\/index.php\/une-annee-en-tps-de-rep\/\" data-type=\"page\" data-id=\"1413\">une ann\u00e9e en TPS de REP<\/a>) se demande comment aider les enfants qui mordent, griffent et tapent les copains.<br>Cette question appara\u00eet dans les recherches sur la TOM.<br>Rappel&nbsp;: <strong>TOM<\/strong> est une expression des recherches en anglais qui signifie \u00ab&nbsp;Theory Of Mind&nbsp;\u00bb, traduit en fran\u00e7ais par Th\u00e9orie de l\u2019esprit. Mais comme l\u2019explique Marie-H\u00e9l\u00e8ne Plumet il s\u2019agit, non pas d\u2019une th\u00e9orie adulte mais d\u2019une th\u00e9orie que se construisent peu \u00e0 peu les enfants&nbsp;:<br>Voir <a rel=\"noreferrer noopener\" href=\"http:\/\/videos.education.fr\/MENESR\/eduscol.education.fr\/2015\/Ress_maternelle\/jouer\/Interview_de_MH_PLUMET_Juillet_2015.mp4\" target=\"_blank\">son interview de 2015 sur EDUSCOL en vid\u00e9o ici<\/a>.<br><br>De tr\u00e8s nombreux travaux portent sur cet aspect du d\u00e9veloppement depuis les ann\u00e9es 80. Ils montrent que les enfants vont mobiliser des \u00ab&nbsp;m\u00e9tarepr\u00e9sentations&nbsp;\u00bb, portant successivement, au fur et \u00e0 mesure que les enfants progressent en langage, sur<br>&#8211; les \u00e9motions<br>&#8211; les intentions<br>&#8211; les croyances<br>&#8211; les connaissances<br>&#8211; les d\u00e9sirs<br>d\u2019autrui et de plusieurs autres personnes \u00e0 la fois.<br>Ces repr\u00e9sentations sont d\u2019abord des ressentis (vers 2 ans les enfants comprennent qu\u2019un enfant ou un personnage de livre est triste) puis ils les verbaliseront (vers 4 ans ils disent \u00ab&nbsp;<em>il est triste<\/em>&nbsp;\u00bb).<br><br>Voici un exemple de d\u00e9but de TOM. C\u2019est Anna, 2ans 7 mois, qui t\u00e9l\u00e9phone \u00e0 sa peluche Balou, qui est devant elle, avec une t\u00e9l\u00e9commande, pour lui dire&nbsp;: \u00ab&nbsp;<em>Oui Balou, \u00e7a ne va pas<\/em>&nbsp;\u00bb. Elle partage un malaise avec son ami fictif. Magnifique.<\/p>\n\n\n<div class=\"wp-block-image\">\n<figure class=\"aligncenter size-full is-resized\"><img decoding=\"async\" loading=\"lazy\" src=\"http:\/\/mireillebrigaudiot.info\/wp-content\/uploads\/2023\/11\/AnnaBalou207.jpg\" alt=\"\" class=\"wp-image-1866\" width=\"398\" height=\"531\" srcset=\"https:\/\/mireillebrigaudiot.info\/wp-content\/uploads\/2023\/11\/AnnaBalou207.jpg 240w, https:\/\/mireillebrigaudiot.info\/wp-content\/uploads\/2023\/11\/AnnaBalou207-225x300.jpg 225w\" sizes=\"(max-width: 398px) 100vw, 398px\" \/><\/figure><\/div>\n\n\n<p>On voit ainsi que les <a href=\"http:\/\/mireillebrigaudiot.info\/index.php\/mots-cles\/\" data-type=\"page\" data-id=\"7\">jeux symboliques<\/a> de type \u00ab\u00a0faire semblant\u00a0\u00bb sont de bons indicateurs de la TOM car les enfants y attribuent des \u00e9tats mentaux aux personnages qu&rsquo;ils choisissent comme interlocuteurs: ils leur font plaisir, ils les consolent, les punissent, les embrassent, etc.<br><br>R\u00e9f\u00e9rence TOM en ligne&nbsp;: <a href=\"http:\/\/mireillebrigaudiot.info\/index.php\/bibliographie\/\" data-type=\"page\" data-id=\"1462\">Veneziano <\/a>2015<br>Ce qui est important pour nous, \u00e0 l\u2019\u00e9cole, est de savoir qu\u2019un consensus de recherches \u00e9tablit une relation de causalit\u00e9 entre les aspects des discours maternels sur cette question et les performances des enfants, avec souvent un d\u00e9lai de quelques mois. C\u2019est donc bien dans les <strong>discours adultes<\/strong> que les enfants prennent les mots justes pour \u00e9voquer ces repr\u00e9sentations (\u00e9motions, intentions, croyances, etc). Et il y a de fortes diff\u00e9rences entre ces discours adultes dans les familles. On peut donc penser qu\u2019en milieu REP +, les familles n\u2019ayant pas le fran\u00e7ais comme langue maternelle ont moins de possibilit\u00e9 de verbaliser les \u00e9tats \u00e9motionnels des enfants et d\u2019autrui. D\u00e9j\u00e0 parce que c\u2019est difficile, m\u00eame dans la langue maternelle. Essayez d\u2019expliquer \u00e0 un enfant de 2 ans qu\u2019un personnage est jaloux dans une histoire\u2026<br>Par ailleurs, il ne s\u2019agit pas du tout, comme on l\u2019entend dire, d\u2019apprendre le nom des \u00e9motions, par exemple sur des images. Ce qui est \u00e0 construire est <strong>la compr\u00e9hension que vont avoir les petits pour les cons\u00e9quences de leurs gestes agressifs sur autrui<\/strong>. Et il se trouve que <strong>ces cons\u00e9quences sont observables<\/strong> (l\u2019agress\u00e9 crie et se met \u00e0 pleurer), ce qui n\u2019est pas le cas quand on veut faire comprendre les croyances.<br>R\u00e9f\u00e9rence: <a href=\"http:\/\/mireillebrigaudiot.info\/index.php\/bibliographie\/\" data-type=\"page\" data-id=\"1462\">Le Sourn-Bissaoui<\/a> et Deleau.<br>Voir les cons\u00e9quences de ce paragraphe dans les sp\u00e9cificit\u00e9s de l&rsquo;enseignement, <a href=\"http:\/\/mireillebrigaudiot.info\/index.php\/specificites-de-lenseignement\/\" data-type=\"page\" data-id=\"1471\">vigilances<\/a>.<\/p>\n\n\n\n<h2 class=\"wp-block-heading\" id=\"3a4\">De 3 ans \u00e0 4 ans 1\/2<\/h2>\n\n\n\n<p>Tu et Il pour \u00ab\u00a0je\u00a0\u00bb<br>Organisations lexicales<br>invention de gros mots<\/p>\n\n\n\n<h2 class=\"wp-block-heading\" id=\"4a5\">De 4 ans 1\/2 \u00e0 5 ans 1\/2<\/h2>\n\n\n\n<p>alter ego<br>Jeux de r\u00f4le<br>mimes<\/p>\n","protected":false},"excerpt":{"rendered":"<p>Cette proposition de contenus est un essai th\u00e9orico-pratique qui rassemblera des exemples de comportements d&rsquo;enfants qui sortent de l&rsquo;ordinaire: ils font et\/ou disent quelque chose qui nous \u00e9tonne, qui nous fait rire, ou qu&rsquo;on ne comprend pas parce que \u00e7a n&rsquo;entre pas dans ce que nous connaissons. Le plus souvent il s&rsquo;agit alors d&rsquo;activit\u00e9s symboliques &hellip; <a href=\"https:\/\/mireillebrigaudiot.info\/index.php\/des-activites-symboliques-des-enfants-a-celles-des-adultes\/\" class=\"more-link\">Continuer la lecture de <span class=\"screen-reader-text\">Des activit\u00e9s symboliques \u00e9tonnantes et fondatrices<\/span><\/a><\/p>\n","protected":false},"author":1,"featured_media":0,"parent":0,"menu_order":0,"comment_status":"closed","ping_status":"closed","template":"","meta":[],"_links":{"self":[{"href":"https:\/\/mireillebrigaudiot.info\/index.php\/wp-json\/wp\/v2\/pages\/1677"}],"collection":[{"href":"https:\/\/mireillebrigaudiot.info\/index.php\/wp-json\/wp\/v2\/pages"}],"about":[{"href":"https:\/\/mireillebrigaudiot.info\/index.php\/wp-json\/wp\/v2\/types\/page"}],"author":[{"embeddable":true,"href":"https:\/\/mireillebrigaudiot.info\/index.php\/wp-json\/wp\/v2\/users\/1"}],"replies":[{"embeddable":true,"href":"https:\/\/mireillebrigaudiot.info\/index.php\/wp-json\/wp\/v2\/comments?post=1677"}],"version-history":[{"count":39,"href":"https:\/\/mireillebrigaudiot.info\/index.php\/wp-json\/wp\/v2\/pages\/1677\/revisions"}],"predecessor-version":[{"id":2345,"href":"https:\/\/mireillebrigaudiot.info\/index.php\/wp-json\/wp\/v2\/pages\/1677\/revisions\/2345"}],"wp:attachment":[{"href":"https:\/\/mireillebrigaudiot.info\/index.php\/wp-json\/wp\/v2\/media?parent=1677"}],"curies":[{"name":"wp","href":"https:\/\/api.w.org\/{rel}","templated":true}]}}