{"id":1699,"date":"2023-10-14T12:42:57","date_gmt":"2023-10-14T12:42:57","guid":{"rendered":"http:\/\/mireillebrigaudiot.info\/?page_id=1699"},"modified":"2024-03-01T08:40:29","modified_gmt":"2024-03-01T08:40:29","slug":"communication","status":"publish","type":"page","link":"https:\/\/mireillebrigaudiot.info\/index.php\/communication\/","title":{"rendered":"Communication"},"content":{"rendered":"\n<p>Dans les processus d&rsquo;acquisition du langage, le mot \u00ab\u00a0communication\u00a0\u00bb n&rsquo;a pas le sens connu des adultes qui est g\u00e9n\u00e9ralement \u00ab\u00a0transmission d&rsquo;information\u00a0\u00bb. Car ni le b\u00e9b\u00e9 envers ses parents, ni les parents envers leur b\u00e9b\u00e9 n&rsquo;ont r\u00e9ellement besoin d&rsquo;une telle \u00ab\u00a0communication\u00a0\u00bb. Mais ils ont besoin d&rsquo;autre chose.<br>Le besoin des parents est \u00ab\u00a0<em>de savoir ce qui se passe dans la t\u00eate de leur b\u00e9b\u00e9 \u00e0 certains moments<\/em>\u00a0\u00bb (Stern, Journal d&rsquo;un b\u00e9b\u00e9). On l&rsquo;entend dans les paroles qu&rsquo;ils lui adresse tr\u00e8s t\u00f4t: \u00ab\u00a0oh \u00e7a te pla\u00eet \u00e7a!\u00a0\u00bb, \u00ab\u00a0bon, t&rsquo;as pas envie de&#8230;\u00a0\u00bb.  Ils <strong>interpr\u00e8tent<\/strong> ce qu&rsquo;ils consid\u00e8rent comme signaux d&rsquo;\u00e9tat int\u00e9rieur de l&rsquo;enfant et lui renvoient cette <strong>interpr\u00e9tation<\/strong>. C&rsquo;est cet aller-retour incroyable qui va mettre le b\u00e9b\u00e9 sur le chemin du langage en cr\u00e9ant son besoin de participer, lui aussi, \u00e0 du <strong>dialogue<\/strong>. M\u00eame sans parler. C&rsquo;est donc, comme l&rsquo;a si bien d\u00e9crit J\u00e9r\u00f4me Bruner, dans des sc\u00e8nes de la vie quotidienne qui se r\u00e9p\u00e8tent, que naissent les premi\u00e8re communications: un b\u00e9b\u00e9 qui aspire et souffle dans un bruit bizarre pour dire que quelque chose lui pla\u00eet, un b\u00e9b\u00e9 qui bouge la t\u00eate de droite \u00e0 gauche pour dire qu&rsquo;il ne veut pas qu&rsquo;un certain adulte s&rsquo;approche de lui&#8230; toutes ces premi\u00e8res communications renvoient \u00e0 des sensations personnelles.<br>C&rsquo;est pourquoi, en 2014 lors du travail sur le brouillon du programme, j&rsquo;ai choisi \u00ab\u00a0<strong>Oser entrer en communication<\/strong>\u00a0\u00bb comme premier objectif du langage dans le texte officiel qui para\u00eetra en 2015.<br>C&rsquo;est de cette communication-l\u00e0 qu&rsquo;il s&rsquo;agit, c&rsquo;est-\u00e0-dire \u00ab\u00a0l<em>e plaisir qu&rsquo;on a \u00e0 penser la m\u00eame chose autour d&rsquo;un affect<\/em>\u00a0\u00bb comme le dit Laurent Danon Boileau.<br>Bien s\u00fbr, ces premi\u00e8res mani\u00e8res de communiquer sont les fondements du langage articul\u00e9 qui va se construire.<\/p>\n\n\n\n<figure class=\"wp-block-image size-large\"><img decoding=\"async\" loading=\"lazy\" width=\"1024\" height=\"768\" src=\"http:\/\/mireillebrigaudiot.info\/wp-content\/uploads\/2019\/01\/IMG_11421-e1591443567212-1024x768.jpg\" alt=\"\" class=\"wp-image-583\" srcset=\"https:\/\/mireillebrigaudiot.info\/wp-content\/uploads\/2019\/01\/IMG_11421-e1591443567212-1024x768.jpg 1024w, https:\/\/mireillebrigaudiot.info\/wp-content\/uploads\/2019\/01\/IMG_11421-e1591443567212-300x225.jpg 300w, https:\/\/mireillebrigaudiot.info\/wp-content\/uploads\/2019\/01\/IMG_11421-e1591443567212-768x576.jpg 768w, https:\/\/mireillebrigaudiot.info\/wp-content\/uploads\/2019\/01\/IMG_11421-e1591443567212-1200x900.jpg 1200w\" sizes=\"(max-width: 1024px) 100vw, 1024px\" \/><\/figure>\n\n\n\n<p>Ici, Charles communique avec son ours&#8230;<\/p>\n\n\n\n<p>Et comme il s&rsquo;agissait de construire un Programme en <strong>milieu scolaire<\/strong>, j&rsquo;ai choisi le verbe \u00ab\u00a0<strong>oser<\/strong>\u00a0\u00bb pour renvoyer \u00e0 la question de la prise de parole dans un groupe. Tout le monde sait que ce n&rsquo;est pas facile de s&rsquo;exposer en disant quelque chose devant autrui. Pourtant, \u00e0 l&rsquo;\u00e9cole, ce doit \u00eatre le cas parce que c&rsquo;est un lieu o\u00f9 tous <strong>les essais<\/strong> sont bien accueillis par les adultes comme des traces de progr\u00e8s vers des apprentissages. Et parler s&rsquo;apprend. <\/p>\n\n\n\n<p>ccc<\/p>\n","protected":false},"excerpt":{"rendered":"<p>Dans les processus d&rsquo;acquisition du langage, le mot \u00ab\u00a0communication\u00a0\u00bb n&rsquo;a pas le sens connu des adultes qui est g\u00e9n\u00e9ralement \u00ab\u00a0transmission d&rsquo;information\u00a0\u00bb. Car ni le b\u00e9b\u00e9 envers ses parents, ni les parents envers leur b\u00e9b\u00e9 n&rsquo;ont r\u00e9ellement besoin d&rsquo;une telle \u00ab\u00a0communication\u00a0\u00bb. Mais ils ont besoin d&rsquo;autre chose.Le besoin des parents est \u00ab\u00a0de savoir ce qui se &hellip; <a href=\"https:\/\/mireillebrigaudiot.info\/index.php\/communication\/\" class=\"more-link\">Continuer la lecture de <span class=\"screen-reader-text\">Communication<\/span><\/a><\/p>\n","protected":false},"author":1,"featured_media":0,"parent":0,"menu_order":0,"comment_status":"closed","ping_status":"closed","template":"","meta":[],"_links":{"self":[{"href":"https:\/\/mireillebrigaudiot.info\/index.php\/wp-json\/wp\/v2\/pages\/1699"}],"collection":[{"href":"https:\/\/mireillebrigaudiot.info\/index.php\/wp-json\/wp\/v2\/pages"}],"about":[{"href":"https:\/\/mireillebrigaudiot.info\/index.php\/wp-json\/wp\/v2\/types\/page"}],"author":[{"embeddable":true,"href":"https:\/\/mireillebrigaudiot.info\/index.php\/wp-json\/wp\/v2\/users\/1"}],"replies":[{"embeddable":true,"href":"https:\/\/mireillebrigaudiot.info\/index.php\/wp-json\/wp\/v2\/comments?post=1699"}],"version-history":[{"count":3,"href":"https:\/\/mireillebrigaudiot.info\/index.php\/wp-json\/wp\/v2\/pages\/1699\/revisions"}],"predecessor-version":[{"id":2282,"href":"https:\/\/mireillebrigaudiot.info\/index.php\/wp-json\/wp\/v2\/pages\/1699\/revisions\/2282"}],"wp:attachment":[{"href":"https:\/\/mireillebrigaudiot.info\/index.php\/wp-json\/wp\/v2\/media?parent=1699"}],"curies":[{"name":"wp","href":"https:\/\/api.w.org\/{rel}","templated":true}]}}