{"id":2253,"date":"2024-02-26T14:40:14","date_gmt":"2024-02-26T14:40:14","guid":{"rendered":"https:\/\/mireillebrigaudiot.info\/?page_id=2253"},"modified":"2025-02-22T15:05:25","modified_gmt":"2025-02-22T15:05:25","slug":"comptines","status":"publish","type":"page","link":"https:\/\/mireillebrigaudiot.info\/index.php\/comptines\/","title":{"rendered":"Comptines"},"content":{"rendered":"\n<p>On se reportera au suivi de la TPS en REP+, \u00e0 la fin du <a href=\"http:\/\/mireillebrigaudiot.info\/index.php\/chapitre-4-janv-fev\/\" data-type=\"page\" data-id=\"1622\">chapitre 4<\/a>,  pour le d\u00e9but de cette question. Au milieu de l&rsquo;ann\u00e9e de ce niveau particulier de la scolarit\u00e9 en maternelle, d&rsquo;une part, <strong>tous les enfants ne parlent pas encore tr\u00e8s distinctement<\/strong>, d&rsquo;autre part un des enjeux scolaires de la classe est la <strong>constitution du groupe d&rsquo;enfants afin qu&rsquo;ils se ressentent \u00ab\u00a0\u00e0 l&rsquo;\u00e9cole\u00a0\u00bb et tous dans la m\u00eame aventure<\/strong>. Et on voit dans l&rsquo;analyse propos\u00e9e que les comptines mim\u00e9es sont particuli\u00e8rement adapt\u00e9es \u00e0 ces 2 questions. Je vais donc ici proposer quelques rep\u00e8res pour les utilisations des comptines, \u00e0 r\u00e9fl\u00e9chir, sur toute la scolarit\u00e9 de maternelle.<br><br><strong><mark style=\"background-color:rgba(0, 0, 0, 0)\" class=\"has-inline-color has-medium-pink-color\">En TPS ET PS<\/mark><\/strong><\/p>\n\n\n\n<p>Durant ces deux ann\u00e9es, la grande confiance des enfants pour leur ma\u00eetresse (ou leur ma\u00eetre) les conduit \u00e0 s&rsquo;int\u00e9resser \u00e0 <strong>ces moments dont ils voient tr\u00e8s bien l&rsquo;originalit\u00e9<\/strong>, pour plusieurs raisons: \u00e7a se passe toujours en regroupement, la ma\u00eetresse change sa voix (elle parle moins fort, plus lentement, et articule autrement que lorsqu&rsquo;elle parle) et donc sa bouche. Car, ch\u00e8res ma\u00eetresses, n&rsquo;oubliez jamais que vos \u00e9l\u00e8ves regardent vos l\u00e8vres sur lesquelles ils prennent maints indices pour pouvoir, \u00e0 leur tour, parler et articuler.<br>De plus, et ce n&rsquo;est pas un d\u00e9tail, les <strong>suites sonores qu&rsquo;elles prononcent alors sont tr\u00e8s faciles \u00e0 r\u00e9p\u00e9ter<\/strong>. M\u00eame pour moi, l&rsquo;enfant qui ne sais pas encore parler. Cette facilitation vient du d\u00e9bit lent, du rythme et des rimes.<br><strong>D\u00e9bit lent, rythme et rimes ont, ensemble, une cons\u00e9quence<\/strong>:  les diff\u00e9rentes r\u00e9p\u00e9titions d&rsquo;une comptine vont offrir aux enfants (qui sont toujours face \u00e0 l&rsquo;enseignant) une ad\u00e9quation parfaite entre les morceaux de langues articul\u00e9es (majoritairement des<strong> syllabes<\/strong>) et ce qu&rsquo;on entend \u00e0 ce moment l\u00e0.<br>Si je dis \u00ab\u00a0<em>pam pam pam  &#8212; pam pam pam  &#8212; pam pam pam<\/em>\u00ab\u00a0<br>vous pouvez reconna\u00eetre la comptine \u00ab\u00a0Monsieur pouce\u00a0\u00bb. C&rsquo;est son <strong>rythme<\/strong>. On peut l&rsquo;obtenir en frappant. Il ne lui manque, et c&rsquo;est tr\u00e8s important, que la <strong>m\u00e9lodie<\/strong> (que je ne peux pas dessiner ici) montante, descendante, montante puis haute et plate.<br>Les <strong>syllabes<\/strong> sont des \u00e9l\u00e9ments sonores contenant une et une seule voyelle (voir les diff\u00e9rentes syllabes dans mon livre page 144 et suivantes). Elles sont per\u00e7ues par les b\u00e9b\u00e9s d\u00e8s les premiers mois de la vie car les \u00ab\u00a0con-sonnes\u00a0\u00bb (litt\u00e9ralement avec du son) mettent les voyelles en relief. Cela explique qu&rsquo;\u00e0 quelques mois les premi\u00e8res productions articul\u00e9es appartiennent au babil ; ce sont des suites de syllabes redupliqu\u00e9es et \u00ab\u00a0chantonn\u00e9es\u00a0\u00bb. <br>Les <strong>rimes<\/strong> permettent de se rep\u00e9rer dans les textes des comptines parce qu&rsquo;elles correspondent le plus souvent \u00e0 des fins d&rsquo;\u00e9nonc\u00e9s, avec baisse de l&rsquo;intonation et prononc\u00e9es fortement.<br><strong>Tous les ingr\u00e9dients du langage articul\u00e9 sont pr\u00e9sents: relation \u00e0 un adulte pr\u00e9cieux, m\u00e9lodie du langage, syllabes et rythme, tranquillement.<br>Mais en plus, il y a les gestes, toujours exactement les m\u00eames, et parfois, en plus,  c&rsquo;est rigolo. Super.<\/strong><br>De plus, ces \u00ab\u00a0manipulations\u00a0\u00bb sur des signifiants ouvrent l&rsquo;int\u00e9r\u00eat des enfants sur ce que j&rsquo;ai appel\u00e9 \u00ab\u00a0commencer \u00e0 s&rsquo;int\u00e9resser la langue\u00a0\u00bb c&rsquo;est-\u00e0-dire l<strong><mark style=\"background-color:rgba(0, 0, 0, 0)\" class=\"has-inline-color has-medium-pink-color\">&lsquo;objectif 4<\/mark><\/strong> du Programme 2015.<br>Je rappelle que les gestes sont des supports de m\u00e9morisation intermodale (voir chapitre 4) et qu&rsquo;ils permettent de participer au groupe m\u00eame sans langage. <br>D&rsquo;ailleurs, la ma\u00eetresse de la TPS suivie cette ann\u00e9e remarque \u00e0 quel point les comptines sont des <strong>embrayeurs de la prise de parole<\/strong>: un enfant mutique se met \u00e0 dire un texte tout fort, un autre finit quand la ma\u00eetresse s&rsquo;interrompt, etc. <br>C&rsquo;est ce qui m&rsquo;a conduite \u00e0 \u00e9voquer les moments o\u00f9 la ma\u00eetresse demande si un ou deux enfants veulent <strong>venir devant le groupe pour dire une comptine<\/strong> (Langage et \u00e9cole maternelle page 84). Quand on a bien travaill\u00e9 dans une bonne ambiance de classe, ils sont nombreux \u00e0 vouloir le faire en fin de PS. Bien s\u00fbr l&rsquo;adulte les aide, ce n&rsquo;est pas un exercice de diction! c&rsquo;est seulement un jeu pour montrer qu&rsquo;on est tous contents d&rsquo;\u00eatre l\u00e0 \u00e0 ce moment-l\u00e0. Et \u00e7a donne de l&rsquo;assurance aux enfants.<br><br>On remarquera que je ne parle pas du <strong>sens<\/strong> port\u00e9 par la comptine. Simplement parce que ce n&rsquo;est pas int\u00e9ressant. Non seulement, les textes des comptines ne sont pas compr\u00e9hensibles pour les enfants de ces niveaux de classe (ils sont po\u00e9tiques ou m\u00e9talinguistiques), mais en plus ils ne sont pas faits pour \u00e7a. La preuve, une souris verte qui devient un escargot tout chaud quand elle va dans l&rsquo;huile&#8230;<br><strong>Je milite pour que les ma\u00eetres ne cherchent pas \u00e0 donner une valeur s\u00e9mantique aux textes des comptines, ne cherchent pas \u00e0 dessiner des \u00e9l\u00e9ments r\u00e9f\u00e9rentiels entendus, ne cherchent pas \u00e0 lire les textes des comptines dans des livres, etc.<\/strong> Tout \u00e7a viendra plus tard. Pour l&rsquo;instant, on entend, on mime des gestes, et on r\u00e9p\u00e8te. <br>Voici donc les comptines les plus connues, tr\u00e8s adapt\u00e9es \u00e0 ce niveau, et accompagn\u00e9es de gestes.<br><br><em>Toc toc Monsieur Pouce<br>Les petits poissons<\/em><br><em>Tourne tourne petit moulin<br>Jamais on a vu<br>Une fourmi m&rsquo;a piqu\u00e9 la main<br>Petit escargot<br>L&rsquo;araign\u00e9e Gipsy<br>Pomme de reinette<br>P&rsquo;tit lapin plein de poils<br>Zimbadaboum<\/em><br>Ici dite par Charles, 7 ans apr\u00e8s la vid\u00e9o du chapitre 4&#8230;<\/p>\n\n\n\n<figure class=\"wp-block-embed is-type-video is-provider-youtube wp-block-embed-youtube wp-embed-aspect-16-9 wp-has-aspect-ratio\"><div class=\"wp-block-embed__wrapper\">\n<iframe loading=\"lazy\" title=\"Comptine\" width=\"660\" height=\"371\" src=\"https:\/\/www.youtube.com\/embed\/uS_ITADXqs0?feature=oembed\" frameborder=\"0\" allow=\"accelerometer; autoplay; clipboard-write; encrypted-media; gyroscope; picture-in-picture; web-share\" referrerpolicy=\"strict-origin-when-cross-origin\" allowfullscreen><\/iframe>\n<\/div><\/figure>\n\n\n\n<p><br><strong><mark style=\"background-color:rgba(0, 0, 0, 0)\" class=\"has-inline-color has-medium-pink-color\">En MS ET GS<\/mark><\/strong><\/p>\n\n\n\n<p>A ces niveaux de scolarit\u00e9, les enfants sont tous, au moins un peu parleurs. Ils ont plus de m\u00e9moire. Ils sont plus attentifs lors des regroupements.<br>C&rsquo;est pourquoi les <strong>comptines &#8211; r\u00e9cits<\/strong> sont plus adapt\u00e9es.<br>Il s&rsquo;agit de textes qui \u00ab\u00a0racontent\u00a0\u00bb <strong>des histoires<\/strong>, parfois m\u00eame assez longues. Du coup, quand on les apprend et quand on les dit, \u00e0 tous les param\u00e8tres pr\u00e9c\u00e9dents (mots &#8211; gestes &#8211; rimes) s&rsquo;ajoute le moment du r\u00e9cit qu&rsquo;il faut dire dans l&rsquo;ordre. Dans la comptine de la pomme, elle commence par tomber, puis \u00e9crase l&rsquo;escargot, puis l&rsquo;escargot se plaint, etc. On ne peut pas changer cette suite.<br>Les <strong>refrains<\/strong> sont toujours accompagn\u00e9s des m\u00eames gestes et \u00e7a aide.<\/p>\n\n\n\n<p>Voici quelques unes de ces comptines, qu&rsquo;on peut retrouver sur internet.<\/p>\n\n\n\n<p><em>C&rsquo;est la baleine qui tourne et vire<\/em> (difficult\u00e9 des doigts qu&rsquo;il faut replier peu \u00e0 peu)<br><em>Dans sa maison un grand cerf<\/em><br><em>Tous les l\u00e9gumes<\/em><br><em>Il y a avait une pomme<\/em><br><em>Arlequin dans sa boutique<\/em> (difficile)<br><em>Il \u00e9tait une berg\u00e8re qui allait au march\u00e9<\/em><br><em>En rentrant du cin\u00e9ma<\/em><br><em>Promenons nous dans le bois<\/em><\/p>\n\n\n\n<p class=\"has-dark-gray-color has-text-color\">Enfin, dans ces comptines pour les plus \u00e2g\u00e9s de maternelle, je mets les chansonnettes li\u00e9es \u00e0 l&rsquo;Histoire de France. Nous avons, en effet, beaucoup de comptines \u00e9voquant un roi, un serviteur, Cadet Roussel ou autre.<br><br><\/p>\n\n\n\n<p class=\"has-dark-gray-color has-bright-blue-background-color has-text-color has-background\"><br>En conclusion, les comptines et jeux chant\u00e9s sont l&rsquo;id\u00e9al pour travailler le titre du Programme 2015, <strong>Mobiliser le langage dans toutes ses dimensions<\/strong>, \u00e0 condition de faire \u00e9voluer les mani\u00e8res de pr\u00e9senter les choses aux enfants et de leur soumettre des petits probl\u00e8mes \u00e0 leur port\u00e9e  :<br>&#8211; le courage de prendre la parole dans le groupe-classe (objectif 1)<br>&#8211; le langage \u00e0 plusieurs (objectif 2)<br>&#8211; l&rsquo;articulation dans la parole (objectif 4)<br>et avec toutes les possibilit\u00e9s de l&rsquo;\u00e9crit<br>&#8211; la d\u00e9couverte de la valeur de l&rsquo;\u00e9crit qui transcrit ce qu&rsquo;on dit (objectif 6)<br>&#8211; la d\u00e9couverte de l&rsquo;\u00e9criture qui utilise des marques textuelles particuli\u00e8res (objectif 7)<br>&#8211; la d\u00e9couverte du principe alphab\u00e9tique (objectif 8).<br><br><\/p>\n\n\n\n<p><\/p>\n\n\n\n<p><\/p>\n\n\n\n<p>xxx<\/p>\n","protected":false},"excerpt":{"rendered":"<p>On se reportera au suivi de la TPS en REP+, \u00e0 la fin du chapitre 4, pour le d\u00e9but de cette question. Au milieu de l&rsquo;ann\u00e9e de ce niveau particulier de la scolarit\u00e9 en maternelle, d&rsquo;une part, tous les enfants ne parlent pas encore tr\u00e8s distinctement, d&rsquo;autre part un des enjeux scolaires de la classe &hellip; <a href=\"https:\/\/mireillebrigaudiot.info\/index.php\/comptines\/\" class=\"more-link\">Continuer la lecture de <span class=\"screen-reader-text\">Comptines<\/span><\/a><\/p>\n","protected":false},"author":1,"featured_media":0,"parent":0,"menu_order":0,"comment_status":"closed","ping_status":"closed","template":"","meta":[],"_links":{"self":[{"href":"https:\/\/mireillebrigaudiot.info\/index.php\/wp-json\/wp\/v2\/pages\/2253"}],"collection":[{"href":"https:\/\/mireillebrigaudiot.info\/index.php\/wp-json\/wp\/v2\/pages"}],"about":[{"href":"https:\/\/mireillebrigaudiot.info\/index.php\/wp-json\/wp\/v2\/types\/page"}],"author":[{"embeddable":true,"href":"https:\/\/mireillebrigaudiot.info\/index.php\/wp-json\/wp\/v2\/users\/1"}],"replies":[{"embeddable":true,"href":"https:\/\/mireillebrigaudiot.info\/index.php\/wp-json\/wp\/v2\/comments?post=2253"}],"version-history":[{"count":11,"href":"https:\/\/mireillebrigaudiot.info\/index.php\/wp-json\/wp\/v2\/pages\/2253\/revisions"}],"predecessor-version":[{"id":2883,"href":"https:\/\/mireillebrigaudiot.info\/index.php\/wp-json\/wp\/v2\/pages\/2253\/revisions\/2883"}],"wp:attachment":[{"href":"https:\/\/mireillebrigaudiot.info\/index.php\/wp-json\/wp\/v2\/media?parent=2253"}],"curies":[{"name":"wp","href":"https:\/\/api.w.org\/{rel}","templated":true}]}}