{"id":2536,"date":"2024-07-07T16:46:16","date_gmt":"2024-07-07T16:46:16","guid":{"rendered":"https:\/\/mireillebrigaudiot.info\/?page_id=2536"},"modified":"2024-10-03T14:43:21","modified_gmt":"2024-10-03T14:43:21","slug":"une-annee-en-ps-chapitre-1-septembre","status":"publish","type":"page","link":"https:\/\/mireillebrigaudiot.info\/index.php\/une-annee-en-ps-chapitre-1-septembre\/","title":{"rendered":"Chapitre 1 &#8211; PS &#8211; Septembre"},"content":{"rendered":"\n<p class=\"has-medium-font-size\">Voici les enfants de la Petite Section suivie cette ann\u00e9e. Ils sont appel\u00e9s par 3 des lettres de leurs pr\u00e9noms. <strong>Le plus \u00e2g\u00e9 a 3;08 (3 ans 8 mois =nombre d&rsquo;ann\u00e9es;nombre de mois). Le plus jeune aura 3 ans le mois prochain.<\/strong><br>Cette pr\u00e9cision d&rsquo;\u00e2ge est particuli\u00e8rement importante car les acquisitions langagi\u00e8res et cognitives montr\u00e9es dans les recherches autour de 3 ans et demi &#8211; 4 ans sont: <br>&#8211; une certaine \u00ab\u00a0conscience\u00a0\u00bb de soi et l&rsquo;<strong>emploi de \u00ab\u00a0je\u00a0\u00bb pour s&rsquo;auto-d\u00e9signer, <\/strong><br>&#8211;<strong> <\/strong>des traces d&rsquo;une grande activit\u00e9 sur les premiers<strong> rep\u00e9rages temporels,<\/strong><br>&#8211; des traces <strong>d&rsquo;une premi\u00e8re \u00ab\u00a0conscience\u00a0\u00bb de sa propre pens\u00e9e et de celle des autres<\/strong>. C&rsquo;est le d\u00e9but du point de vue. <br>Ces 3 grands progr\u00e8s correspondent aux rep\u00e8res que nous utilisons toutes et tous quand nous parlons: on les appelle les <strong>rep\u00e8res de l&rsquo;\u00e9nonciation<\/strong>. J&rsquo;expliquerai en quoi c&rsquo;est bien diff\u00e9rent de ce qu&rsquo;on entend par \u00ab\u00a0phrase\u00a0\u00bb. Cette diff\u00e9rence entre \u00ab\u00a0\u00e9nonc\u00e9\u00a0\u00bb et \u00ab\u00a0phrase\u00a0\u00bb est importante lorsqu&rsquo;on essaie de comprendre la diff\u00e9rence entre le dernier projet de programme de 2024 et celui de 2015 auquel j&rsquo;ai particip\u00e9. C&rsquo;est ce que je r\u00e9sume quand je dis que, en maternelle, \u00a0\u00bb <em>plus on vise la langue, moins on travaille le langage<\/em>\u00ab\u00a0. On est hors zone d&rsquo;apprentissage quand a des attentes en mod\u00e8les de la langue fran\u00e7aise. Ce que les jeunes enfants s&rsquo;approprient quand ils vont bien et qu&rsquo;ils ont des enseignants form\u00e9s, c&rsquo;est le langage.<br>Je reviendrai sur le terme \u00ab\u00a0conscience\u00a0\u00bb avec des guillemets.<br>On esp\u00e8re assister \u00e0 ces progr\u00e8s merveilleux cette ann\u00e9e.<br><\/p>\n\n\n\n<p><\/p>\n\n\n\n<figure class=\"wp-block-table\"><table><tbody><tr><td>1<\/td><td>ILY<\/td><td>G<\/td><td>01\/2021<\/td><\/tr><tr><td>2<\/td><td>ABO<\/td><td>G<\/td><td>01\/2021<\/td><\/tr><tr><td>3<\/td><td>YOU<\/td><td>G<\/td><td>03\/2021<\/td><\/tr><tr><td>4<\/td><td>OLI<\/td><td>F<\/td><td>03\/2021<\/td><\/tr><tr><td>5<\/td><td>MAN<\/td><td>F<\/td><td>03\/2021<\/td><\/tr><tr><td>6<\/td><td>LYS<\/td><td>G<\/td><td>05\/2021<\/td><\/tr><tr><td>7<\/td><td>ADA<\/td><td>G<\/td><td>06\/2021<\/td><\/tr><tr><td>8<\/td><td>CHE<\/td><td>F<\/td><td>06\/2021<\/td><\/tr><tr><td>9<\/td><td>MA\u00cf<\/td><td>F<\/td><td>06\/2021<\/td><\/tr><tr><td>10<\/td><td>ARI<\/td><td>F<\/td><td>07\/2021<\/td><\/tr><tr><td>11<\/td><td>MIN<\/td><td>G<\/td><td>07\/2021<\/td><\/tr><tr><td>12<\/td><td>AND<\/td><td>F<\/td><td>08\/2021<\/td><\/tr><tr><td>13<\/td><td>ANY<\/td><td>G<\/td><td>08\/2021<\/td><\/tr><tr><td>14<\/td><td>MOH<\/td><td>G<\/td><td>09\/2021<\/td><\/tr><tr><td>15<\/td><td>YAN<\/td><td>G<\/td><td>09\/2021<\/td><\/tr><tr><td>16<\/td><td>INA<\/td><td>F<\/td><td>10\/2021<\/td><\/tr><tr><td>17<\/td><td>LYD<\/td><td>G<\/td><td>10\/2021<\/td><\/tr><tr><td>18<\/td><td>BAD<\/td><td>G<\/td><td>10\/2021<\/td><\/tr><tr><td>19<\/td><td>PAP<\/td><td>G<\/td><td>10\/2021<\/td><\/tr><\/tbody><\/table><\/figure>\n\n\n\n<p>La rentr\u00e9e s&rsquo;est bien pass\u00e9e: pratiquement plus de larmes d\u00e8s la deuxi\u00e8me semaine.<br>17 enfants sur 19 viennent dor\u00e9navant toute la journ\u00e9e. <br>2 enfants ne sont pas propres: PAP et ADA.<\/p>\n\n\n\n<div class=\"wp-block-media-text alignwide is-stacked-on-mobile\"><figure class=\"wp-block-media-text__media\"><img decoding=\"async\" loading=\"lazy\" width=\"514\" height=\"648\" src=\"http:\/\/mireillebrigaudiot.info\/wp-content\/uploads\/2024\/09\/04.png\" alt=\"\" class=\"wp-image-2617 size-full\" srcset=\"https:\/\/mireillebrigaudiot.info\/wp-content\/uploads\/2024\/09\/04.png 514w, https:\/\/mireillebrigaudiot.info\/wp-content\/uploads\/2024\/09\/04-238x300.png 238w\" sizes=\"(max-width: 514px) 100vw, 514px\" \/><\/figure><div class=\"wp-block-media-text__content\">\n<p><\/p>\n<\/div><\/div>\n\n\n\n<p>Des \u00e9v\u00e8nements ont d\u00e9j\u00e0 eu lieu car AND et ANY, n\u00e9s en ao\u00fbt, ont f\u00eat\u00e9 leurs anniversaires de 3 ans!<br><\/p>\n\n\n\n<figure class=\"wp-block-gallery has-nested-images columns-default is-cropped wp-block-gallery-1 is-layout-flex\">\n<figure class=\"wp-block-image size-large\"><img decoding=\"async\" loading=\"lazy\" width=\"511\" height=\"647\" data-id=\"2616\"  src=\"https:\/\/mireillebrigaudiot.info\/wp-content\/uploads\/2024\/09\/03.png\" alt=\"\" class=\"wp-image-2616\" srcset=\"https:\/\/mireillebrigaudiot.info\/wp-content\/uploads\/2024\/09\/03.png 511w, https:\/\/mireillebrigaudiot.info\/wp-content\/uploads\/2024\/09\/03-237x300.png 237w\" sizes=\"(max-width: 511px) 100vw, 511px\" \/><\/figure>\n\n\n\n<figure class=\"wp-block-image size-large\"><img decoding=\"async\" loading=\"lazy\" width=\"517\" height=\"650\" data-id=\"2615\"  src=\"https:\/\/mireillebrigaudiot.info\/wp-content\/uploads\/2024\/09\/02.png\" alt=\"\" class=\"wp-image-2615\" srcset=\"https:\/\/mireillebrigaudiot.info\/wp-content\/uploads\/2024\/09\/02.png 517w, https:\/\/mireillebrigaudiot.info\/wp-content\/uploads\/2024\/09\/02-239x300.png 239w\" sizes=\"(max-width: 517px) 100vw, 517px\" \/><\/figure>\n<\/figure>\n\n\n\n<p><\/p>\n\n\n\n<p><strong><mark style=\"background-color:rgba(0, 0, 0, 0)\" class=\"has-inline-color has-medium-pink-color\">Matin\u00e9e type<\/mark><\/strong><br>&#8211; accueil dans la classe avec les parents (jeux \u00e0 disposition)<br>&#8211; <strong>1er regroupement<\/strong>: chanson avec gestes (une seule pour l&rsquo;instant) ; appel par M pour que les enfants apprennent leurs pr\u00e9noms<br>&#8211; passage aux toilettes, lavage de mains puis collation (fruits ou compote car certains enfants n&rsquo;ont pas d\u00e9jeun\u00e9)<br>&#8211; <strong>2\u00e8me regroupement<\/strong>: \u00e9coute de musique<br>&#8211; 9h30 \u00e0 10h motricit\u00e9 (avec 6 enfants d&rsquo;une autre classe et un adulte suppl\u00e9mentaire car il n&rsquo;y a pas assez de cr\u00e9neaux horaires le matin pour toutes les classes)<br>&#8211; 10h \u00e0 10h30 r\u00e9cr\u00e9ation<br>&#8211; activit\u00e9s sans consigne dans la classe: coin-jeux ou plots de couleurs<br>&#8211; rangement de la classe<br>&#8211; <strong>3\u00e8me regroupement<\/strong>: lecture d&rsquo;histoire<\/p>\n\n\n\n<p>Quelques remarques \u00e0 propos de ce d\u00e9roul\u00e9 matinal.<\/p>\n\n\n\n<p><br>         1- dans le cadre d&rsquo;une PS de REP +, il faut, plus qu&rsquo;ailleurs, <strong>respecter l&rsquo;ordre<\/strong> de ce d\u00e9roul\u00e9. Car si les tr\u00e8s jeunes enfants n&rsquo;ont pas conscience des dur\u00e9es, en revanche ils savent tr\u00e8s bien rep\u00e9rer des r\u00e9gularit\u00e9s dans ce qu&rsquo;ils vivent. Et lors de cette premi\u00e8re scolarit\u00e9, c&rsquo;est ce qui leur permet d&rsquo;anticiper sur ce qui va se passer. Et <strong>quand on peut anticiper on a moins peur<\/strong>. C&rsquo;est dans cette optique que nombre d&rsquo;enseignants affichent des photos correspondant \u00e0 chacun des \u00e9pisodes de la matin\u00e9e pour entra\u00eener les enfants \u00e0 les mettre \u00ab\u00a0dans le bon ordre\u00a0\u00bb, c&rsquo;est-\u00e0-dire comme on le fait chaque matin. <br>Dans cette optique \u00e9galement, il est parfois bon d&rsquo;utiliser un signal indiquant un certain changement: une bo\u00eete \u00e0 musique par exemple pour dire qu&rsquo;on va \u00e9couter telle ou telle chose.<br><br>        2- Les<strong> regroupements <\/strong>sont des rep\u00e8res importants parce que c&rsquo;est l\u00e0 que les enfants attendent un \u00e9v\u00e9nement particulier. Certains ma\u00eetres, connaissant bien l&rsquo;attachement des enfants de cet \u00e2ge au \u00ab\u00a0pareil &#8211; pas pareil\u00a0\u00bb, introduisent dans ces moments, des surprises. Attention, il ne s&rsquo;agit pas du tout de les surprendre par de l&rsquo;inconnu. Ces enfants aiment retrouver ce qu&rsquo;ils connaissent bien mais aiment aussi qu&rsquo;une mini dose de nouveaut\u00e9 accompagne cette exp\u00e9rience. C&rsquo;est ce que j&rsquo;appelle le <strong>pareil pas pareil<\/strong>. Exemple: depuis plusieurs semaines, M sort son <strong>cahier d&rsquo;appel<\/strong> en disant toujours la m\u00eame chose (<em>je prends mon grand cahier o\u00f9 je lis tous vos pr\u00e9noms et je vais noter s&rsquo;il manque des enfants ce matin<\/em>) et en faisant lentement toujours la m\u00eame chose. M regarde son cahier (elle lit), prononce un pr\u00e9nom, l\u00e8ve la t\u00eate et attend une r\u00e9ponse de quelqu&rsquo;un. Je d\u00e9cris ainsi pr\u00e9cis\u00e9ment les actions de M parce que c&rsquo;est ce que comprennent les enfants. <br>Un matin, elle pr\u00e9vient les enfants: <em>je vais noter sur mon grand cahier mais c&rsquo;est pas comme d&rsquo;habitude, <strong>c&rsquo;est une petite surprise<\/strong>. Au lieu de dire le pr\u00e9nom d&rsquo;un enfant je vais le d\u00e9crire, dire comment il est ce matin. Je commence. C&rsquo;est une fille, elle rigole souvent, elle a des cheveux marron, elle a un chignon ce matin parce que sa maman lui a attach\u00e9 les cheveux, et elle a un tricot rose<\/em>. <br>M apprend beaucoup de choses sur chaque enfant dans ce type de situation. Elle rep\u00e8re les enfants int\u00e9ress\u00e9s qui cherchent et ceux qui ne comprennent pas l&rsquo;activit\u00e9 attendue. M commencera par ces enfants-l\u00e0 le lendemain.<br><br>        3- On remarque que le <strong>2\u00e8me regroupement<\/strong> est l&rsquo;\u00e9coute de musique. C&rsquo;est bien mais en milieu REP+ peut-\u00eatre est-il plus profitable aux enfants de les habituer aux caract\u00e9ristiques de la langue fran\u00e7aise. Et certaines <strong>comptines<\/strong> mim\u00e9es sont particuli\u00e8rement efficaces. Voir les d\u00e9tails dans mots-cl\u00e9s &#8211;> <a href=\"http:\/\/mireillebrigaudiot.info\/index.php\/comptines\/\" data-type=\"page\" data-id=\"2253\">comptines<\/a> pour comprendre leur choix, les mani\u00e8res de les dire et ce qu&rsquo;elles apportent aux enfants. Surtout ceux qui ne parlent pas du tout fran\u00e7ais. Dans cette classe, c&rsquo;est le cas par exemple de PAP qui ne parle que le wolof.<br>Et notre exp\u00e9rience de TPS nous a montr\u00e9 l&rsquo;enthousiasme des enfants pour ces comptines.<\/p>\n\n\n\n<p>        4- Le <strong>moment de l&rsquo;histoire<\/strong> doit \u00eatre trait\u00e9 comme un cas tr\u00e8s particulier. Il faut avoir choisi le support (magazine ou album) chez soi, en r\u00e9fl\u00e9chissant \u00e0 ce dont les enfants ont besoin. Un d\u00e9roul\u00e9 en plusieurs \u00e9tapes permet aux enfants de se pr\u00e9parer \u00e0 quelque chose. Evitez de leur faire deviner ce qui va se passer dans le livre \u00e7a n&rsquo;a pas de sens. Au contraire, dites-leur et montrez-leur ce qui va s&rsquo;y passer. Parce que pour la plupart d&rsquo;entre eux il s&rsquo;agit de leurs <strong>premi\u00e8res rencontres avec des livres<\/strong>. Si vous commencez par leur montrer une ou deux images, en parlant, \u00e7a suffit (ex: regardez, voil\u00e0 un gar\u00e7on, il s&rsquo;appelle Jeannot, c&rsquo;est son histoire que je vais vous raconter). Et essayez de maintenir leur attention. Utiliser les bons mots pour renvoyer \u00e0 vos activit\u00e9s de lecteur: je montre, je raconte, je lis, je tourne la page.<br>Ce moment tr\u00e8s important m\u00e9rite donc une <strong>plage horaire<\/strong> tr\u00e8s prot\u00e9g\u00e9e: assez longue (jusqu&rsquo;\u00e0 10 minutes) et non-interrompue. Il est donc conseill\u00e9 d&rsquo;\u00e9viter la fin de matin\u00e9e si certains enfants sont appel\u00e9s pour le d\u00e9part \u00e0 la cantine<\/p>\n\n\n\n<p><strong><mark style=\"background-color:rgba(0, 0, 0, 0)\" class=\"has-inline-color has-medium-pink-color\">La classe de M et le langage<\/mark><\/strong><\/p>\n\n\n\n<p>M a rempli un tableau comme l&rsquo;avait fait la ma\u00eetresse de TPS.<br>Devant chaque pr\u00e9nom d&rsquo;enfants, j&rsquo;ai eu ses remarques dans 3 domaines: le langage oral (compr\u00e9hension et production, y compris sans langage articul\u00e9), les jeux spontan\u00e9s (ce qu&rsquo;il fait dans la classe quand il est libre de choisir), son attitude par rapport aux autres enfants (notamment quand il veut un objet qu&rsquo;un autre enfant tient dans la main).<br>Par ailleurs, M m&rsquo;a racont\u00e9, expliqu\u00e9, des moments de sa classe. A partir de l\u00e0, voil\u00e0 l&rsquo;\u00e9tat de ses pr\u00e9occupations en cette fin septembre.<br><br><strong>2 enfants prioritaires<\/strong>: ILY et PAP<br>Ils ne sont pas int\u00e9gr\u00e9s au groupe, m\u00eame s&rsquo;ils sont tr\u00e8s diff\u00e9rents. L&rsquo;un parle tr\u00e8s bien mais a de nombreuses crises de larmes (souffrance) et l&rsquo;autre ne parle pas du tout et se bouche les oreilles.<br>Pour eux, M pr\u00e9voit des rendez-vous parents pour leur demander \u00e0 quoi ils jouent \u00e0 la maison et comment ils s&rsquo;occupent. Beaucoup de <strong>pr\u00e9cautions \u00ab\u00a0affectives\u00a0\u00bb<\/strong> sont n\u00e9cessaires pour ces enfants: leur laisser leur doudou, leurs v\u00eatements s&rsquo;il ne veulent pas les enlever et les accompagner dans les <strong>coins-jeux<\/strong> pour essayer de les enr\u00f4ler dans des activit\u00e9s symboliques (pour les gar\u00e7ons, il est bon d&rsquo;avoir des petites voitures et une piste). Enfin, s&rsquo;ils montrent toujours des traces de malaise (pleurs difficiles \u00e0 calmer) on peut demander aux <strong>parents<\/strong> de rester un peu plus longtemps en classe \u00e0 l&rsquo;arriv\u00e9e du matin. Eux ou un grand fr\u00e8re ou une grande soeur. En expliquant \u00e0 l&rsquo;enfant qu&rsquo;il ne sera jamais tout seul \u00e0 l&rsquo;\u00e9cole: <strong><mark style=\"background-color:rgba(0, 0, 0, 0)\" class=\"has-inline-color has-medium-pink-color\">tout le monde rentre \u00e0 la maison<\/mark><\/strong> tous les soirs, il faut le r\u00e9p\u00e9ter.<br>Quand M est tr\u00e8s inqui\u00e8te pour le langage elle peut faire des petits tests avant d&rsquo;aller chercher de l&rsquo;aide. Voir PS \/<a href=\"http:\/\/mireillebrigaudiot.info\/index.php\/ps-vigilances\/\" data-type=\"page\" data-id=\"1650\"> Vigilances<\/a><\/p>\n\n\n\n<p><strong>3 enfants fragiles<\/strong>:BAD, MAN, AND<br>Les 2 premiers sont tr\u00e8s jeunes, BAD n&rsquo;aura 3 ans qu&rsquo;en octobre.<br>Ces enfants ont pleur\u00e9 \u00e0 la rentr\u00e9e. Ils commencent \u00e0 \u00eatre int\u00e9gr\u00e9s au groupe mais c&rsquo;est fragile. Ils semblent parfois ne pas comprendre ce qu&rsquo;ils peuvent faire.<br>Pour eux, M pourra envisager de choisir un ou deux matins, \u00e0 l&rsquo;accueil, qu&rsquo;elle leur consacrera. En pr\u00e9venant les parents pour ne pas \u00eatre d\u00e9rang\u00e9e c&rsquo;est un bon moyen pour montrer \u00e0 ces enfants qu&rsquo;ils ont leur place dans cette classe. Pendant quelques minutes, r\u00e9guli\u00e8rement, M peut avoir un livre connu dans les mains, ou un jeu, mais toujours <strong>en attention conjointe<\/strong> (M est assise entre les enfants et les regards sont sur l&rsquo;objet).<\/p>\n\n\n\n<p><strong>14 enfants<\/strong>: bien int\u00e9gr\u00e9s dans cette classe, parfois parleurs et parfois joueurs coop\u00e9rants! Comme sur cette photo.<\/p>\n\n\n\n<figure class=\"wp-block-image size-full\"><img decoding=\"async\" loading=\"lazy\" width=\"512\" height=\"644\" src=\"http:\/\/mireillebrigaudiot.info\/wp-content\/uploads\/2024\/09\/01.png\" alt=\"\" class=\"wp-image-2614\" srcset=\"https:\/\/mireillebrigaudiot.info\/wp-content\/uploads\/2024\/09\/01.png 512w, https:\/\/mireillebrigaudiot.info\/wp-content\/uploads\/2024\/09\/01-239x300.png 239w\" sizes=\"(max-width: 512px) 100vw, 512px\" \/><\/figure>\n\n\n\n<p><br>C&rsquo;est tr\u00e8s positif. A noter l&rsquo;effet facilitateur des ann\u00e9es pr\u00e9c\u00e9dentes: <strong>5 enfants ont fait la TPS de REP + et 4 \u00e9taient en cr\u00e8che.<\/strong><\/p>\n\n\n\n<p>M est donc une ma\u00eetresse contente de sa rentr\u00e9e et de sa classe.<br>Afin de valoriser les r\u00e9ussites des enfants, elle a mis en route les \u00ab\u00a0cahiers de progr\u00e8s\u00a0\u00bb.<br>                                                    <\/p>\n\n\n\n<p><a href=\"http:\/\/mireillebrigaudiot.info\/index.php\/une-annee-en-ps-chapitre-2-octobre\/\" data-type=\"page\" data-id=\"2538\">Cliquez ici pour la suite en Octobre<\/a>.<\/p>\n","protected":false},"excerpt":{"rendered":"<p>Voici les enfants de la Petite Section suivie cette ann\u00e9e. Ils sont appel\u00e9s par 3 des lettres de leurs pr\u00e9noms. Le plus \u00e2g\u00e9 a 3;08 (3 ans 8 mois =nombre d&rsquo;ann\u00e9es;nombre de mois). Le plus jeune aura 3 ans le mois prochain.Cette pr\u00e9cision d&rsquo;\u00e2ge est particuli\u00e8rement importante car les acquisitions langagi\u00e8res et cognitives montr\u00e9es dans &hellip; <a href=\"https:\/\/mireillebrigaudiot.info\/index.php\/une-annee-en-ps-chapitre-1-septembre\/\" class=\"more-link\">Continuer la lecture de <span class=\"screen-reader-text\">Chapitre 1 &#8211; PS &#8211; Septembre<\/span><\/a><\/p>\n","protected":false},"author":1,"featured_media":0,"parent":0,"menu_order":0,"comment_status":"closed","ping_status":"closed","template":"","meta":[],"_links":{"self":[{"href":"https:\/\/mireillebrigaudiot.info\/index.php\/wp-json\/wp\/v2\/pages\/2536"}],"collection":[{"href":"https:\/\/mireillebrigaudiot.info\/index.php\/wp-json\/wp\/v2\/pages"}],"about":[{"href":"https:\/\/mireillebrigaudiot.info\/index.php\/wp-json\/wp\/v2\/types\/page"}],"author":[{"embeddable":true,"href":"https:\/\/mireillebrigaudiot.info\/index.php\/wp-json\/wp\/v2\/users\/1"}],"replies":[{"embeddable":true,"href":"https:\/\/mireillebrigaudiot.info\/index.php\/wp-json\/wp\/v2\/comments?post=2536"}],"version-history":[{"count":25,"href":"https:\/\/mireillebrigaudiot.info\/index.php\/wp-json\/wp\/v2\/pages\/2536\/revisions"}],"predecessor-version":[{"id":2697,"href":"https:\/\/mireillebrigaudiot.info\/index.php\/wp-json\/wp\/v2\/pages\/2536\/revisions\/2697"}],"wp:attachment":[{"href":"https:\/\/mireillebrigaudiot.info\/index.php\/wp-json\/wp\/v2\/media?parent=2536"}],"curies":[{"name":"wp","href":"https:\/\/api.w.org\/{rel}","templated":true}]}}