{"id":2542,"date":"2024-07-07T16:51:22","date_gmt":"2024-07-07T16:51:22","guid":{"rendered":"https:\/\/mireillebrigaudiot.info\/?page_id=2542"},"modified":"2025-07-01T16:14:28","modified_gmt":"2025-07-01T16:14:28","slug":"une-annee-en-ps-de-rep","status":"publish","type":"page","link":"https:\/\/mireillebrigaudiot.info\/index.php\/une-annee-en-ps-de-rep\/","title":{"rendered":"Une ann\u00e9e en PS de REP+"},"content":{"rendered":"\n<p>La classe suivie cette ann\u00e9e 2024-25 est une PS de REP+ en r\u00e9gion parisienne.<br>La ma\u00eetresse, appel\u00e9e M, d\u00e9marre l&rsquo;ann\u00e9e avec 19 enfants.<br><br>Je rappelle que, comme l&rsquo;an dernier pour la TPS, je ne vais pas en classe et je ne conna\u00eetrai les enfants que par l&rsquo;interm\u00e9diaire des r\u00e9cits et des photos que M va m&rsquo;adresser.<br><br>Le but est d&rsquo;aider cette ma\u00eetresse, en plus de tous les appuis de l&rsquo;\u00e9cole et du REP dont elle b\u00e9n\u00e9ficie. Cette aide particuli\u00e8re figure dans l&rsquo;objectif 5 du R\u00e9f\u00e9rentiel pour l&rsquo;Education Prioritaire: <em>Un accompagnement ext\u00e9rieur par un formateur ou un chercheur est mis en oeuvre pour au moins un projet du r\u00e9seau<\/em>.<\/p>\n\n\n\n<p>Pour suivre le feuilleton :<\/p>\n\n\n\n<p>en septembre,\u00a0<a href=\"https:\/\/mireillebrigaudiot.info\/index.php\/une-annee-en-ps-chapitre-1-septembre\/\" data-type=\"page\" data-id=\"2536\">cliquez ici<\/a><br>en octobre,\u00a0<a href=\"https:\/\/mireillebrigaudiot.info\/index.php\/une-annee-en-ps-chapitre-2-octobre\/\" data-type=\"page\" data-id=\"2538\">cliquez ici<\/a><br>en novembre \/ d\u00e9cembre,\u00a0<a href=\"https:\/\/mireillebrigaudiot.info\/index.php\/une-annee-en-ps-chapitre-3-novembre-decembre\/\" data-type=\"page\" data-id=\"2540\">cliquez ici<\/a><br>en juin, <a href=\"https:\/\/mireillebrigaudiot.info\/index.php\/chapitre-4-ps-juin\/\" data-type=\"page\" data-id=\"2980\">cliquez ici<\/a><\/p>\n\n\n\n<p><\/p>\n\n\n\n<p><br> <\/p>\n\n\n\n<p><\/p>\n","protected":false},"excerpt":{"rendered":"<p>La classe suivie cette ann\u00e9e 2024-25 est une PS de REP+ en r\u00e9gion parisienne.La ma\u00eetresse, appel\u00e9e M, d\u00e9marre l&rsquo;ann\u00e9e avec 19 enfants. Je rappelle que, comme l&rsquo;an dernier pour la TPS, je ne vais pas en classe et je ne conna\u00eetrai les enfants que par l&rsquo;interm\u00e9diaire des r\u00e9cits et des photos que M va m&rsquo;adresser. &hellip; <a href=\"https:\/\/mireillebrigaudiot.info\/index.php\/une-annee-en-ps-de-rep\/\" class=\"more-link\">Continuer la lecture de <span class=\"screen-reader-text\">Une ann\u00e9e en PS de REP+<\/span><\/a><\/p>\n","protected":false},"author":1,"featured_media":0,"parent":0,"menu_order":0,"comment_status":"closed","ping_status":"closed","template":"","meta":[],"_links":{"self":[{"href":"https:\/\/mireillebrigaudiot.info\/index.php\/wp-json\/wp\/v2\/pages\/2542"}],"collection":[{"href":"https:\/\/mireillebrigaudiot.info\/index.php\/wp-json\/wp\/v2\/pages"}],"about":[{"href":"https:\/\/mireillebrigaudiot.info\/index.php\/wp-json\/wp\/v2\/types\/page"}],"author":[{"embeddable":true,"href":"https:\/\/mireillebrigaudiot.info\/index.php\/wp-json\/wp\/v2\/users\/1"}],"replies":[{"embeddable":true,"href":"https:\/\/mireillebrigaudiot.info\/index.php\/wp-json\/wp\/v2\/comments?post=2542"}],"version-history":[{"count":8,"href":"https:\/\/mireillebrigaudiot.info\/index.php\/wp-json\/wp\/v2\/pages\/2542\/revisions"}],"predecessor-version":[{"id":2984,"href":"https:\/\/mireillebrigaudiot.info\/index.php\/wp-json\/wp\/v2\/pages\/2542\/revisions\/2984"}],"wp:attachment":[{"href":"https:\/\/mireillebrigaudiot.info\/index.php\/wp-json\/wp\/v2\/media?parent=2542"}],"curies":[{"name":"wp","href":"https:\/\/api.w.org\/{rel}","templated":true}]}}