{"id":27,"date":"2015-12-30T15:08:16","date_gmt":"2015-12-30T15:08:16","guid":{"rendered":"http:\/\/mireillebrigaudiot.info\/?page_id=27"},"modified":"2024-09-23T10:09:25","modified_gmt":"2024-09-23T10:09:25","slug":"bravo","status":"publish","type":"page","link":"https:\/\/mireillebrigaudiot.info\/index.php\/mots-cles\/bravo\/","title":{"rendered":"Bravo"},"content":{"rendered":"<p>Ce qu&rsquo;une ma\u00eetresse ou un ma\u00eetre dit et fait au sujet d&rsquo;un enfant a des cons\u00e9quences consid\u00e9rables, \u00e0 court terme, \u00e0 moyen terme, \u00e0 long terme. Cet adulte a un statut unique pour l&rsquo;enfant: c&rsquo;est celui qui sait, qui d\u00e9cide, qui commande, qui est s\u00fbr de lui, etc. Il faut profiter de ce statut particulier pour renvoyer aux enfants le reflet le plus beau possible de leurs capacit\u00e9s. C&rsquo;est ce qui explique le fait que le DVD produit par le SNUipp a fini par avoir comme titre: \u00ab\u00a0Bravo! A la maternelle on apprend!\u00a0\u00bb. Les tournages dans 3 classes ont \u00e9t\u00e9 enti\u00e8rement retranscrits et l\u00e0, surprise, les ma\u00eetresses disaient tout le temps \u00ab\u00a0bravo!\u00a0\u00bb. En REP notamment, certains enfants n&rsquo;ont que l&rsquo;\u00e9cole pour entendre \u00ab\u00a0ce qu&rsquo;ils valent\u00a0\u00bb. Pour un petit, le moindre progr\u00e8s pour nous est un exploit, un pas de g\u00e9ant pour lui. Et si on le valorise, il va refaire ce qui vient d&rsquo;\u00eatre valoris\u00e9: il va s&rsquo;auto-apprendre.<\/p>\n<p>Le d\u00e9but de la vid\u00e9o est sans son, attendez quelques secondes.<\/p>\n<p><img decoding=\"async\" loading=\"lazy\" class=\"size-medium wp-image-138 aligncenter\" src=\"http:\/\/mireillebrigaudiot.info\/wp-content\/uploads\/2015\/12\/index-e1453557281587-208x300.jpg\" alt=\"index\" width=\"208\" height=\"300\" srcset=\"https:\/\/mireillebrigaudiot.info\/wp-content\/uploads\/2015\/12\/index-e1453557281587-208x300.jpg 208w, https:\/\/mireillebrigaudiot.info\/wp-content\/uploads\/2015\/12\/index-e1453557281587.jpg 303w\" sizes=\"(max-width: 208px) 100vw, 208px\" \/><\/p>\n<p><iframe loading=\"lazy\" title=\"YouTube video player\" src=\"https:\/\/www.youtube.com\/embed\/X6e4rqF5rw0\" width=\"560\" height=\"315\" frameborder=\"0\" allowfullscreen=\"allowfullscreen\"><\/iframe><\/p>\n<p><a href=\"http:\/\/progmaternelle.free.fr\/classe\/texte7.pdf\">cliquer ici pour plus d&rsquo;\u00e9l\u00e9ments th\u00e9oriques \u00e0 propos des exploits<\/a><\/p>\n\n\n<p><strong><mark style=\"background-color:rgba(0, 0, 0, 0)\" class=\"has-inline-color has-medium-pink-color\">Mais quand d\u00e9marre ce r\u00f4le magnifique du Bravo! qu&rsquo;on adresse aux enfants?<\/mark><\/strong><\/p>\n\n\n\n<p>Tr\u00e8s t\u00f4t dans la vie, les parents, sensibles aux nouveaut\u00e9s que montre leur tout petit, se mettent \u00e0 le f\u00e9liciter. Bien avant le langage articul\u00e9. Souvent les bravos concernent des exploits moteurs, tr\u00e8s visibles. Et le bravo des parents s&rsquo;accompagne de l&rsquo;applaudissement, ce qui enchante le petit.<br>Voici Gr\u00e9goire \u00e0 13 mois. Il a vu des adultes qui enfilaient les anneaux dans ce support et qui se mettaient \u00e0 applaudir en criant Bravo! d\u00e8s qu&rsquo;il prenait un anneau et avan\u00e7ait la main. Les adultes anticipent en effet un peu les r\u00e9ussites quand ils connaissent bien l&rsquo;enfant: ils le f\u00e9licitent AVANT les r\u00e9ussites. Cela signifie que cet exploit est loin d&rsquo;\u00eatre seulement moteur. C&rsquo;est une connivence adulte &#8211; enfant: <em>\u00ab\u00a0je sais que tu vas y arriver\u00a0\u00bb -> \u00ab\u00a0je sais que je vais y arriver\u00a0\u00bb.<\/em><br><\/p>\n\n\n\n<figure class=\"wp-block-image size-large\"><img decoding=\"async\" loading=\"lazy\" width=\"819\" height=\"1024\" src=\"http:\/\/mireillebrigaudiot.info\/wp-content\/uploads\/2024\/09\/Design-sans-titre-2-819x1024.png\" alt=\"\" class=\"wp-image-2662\" srcset=\"https:\/\/mireillebrigaudiot.info\/wp-content\/uploads\/2024\/09\/Design-sans-titre-2-819x1024.png 819w, https:\/\/mireillebrigaudiot.info\/wp-content\/uploads\/2024\/09\/Design-sans-titre-2-240x300.png 240w, https:\/\/mireillebrigaudiot.info\/wp-content\/uploads\/2024\/09\/Design-sans-titre-2-768x960.png 768w, https:\/\/mireillebrigaudiot.info\/wp-content\/uploads\/2024\/09\/Design-sans-titre-2.png 1080w\" sizes=\"(max-width: 819px) 100vw, 819px\" \/><\/figure>\n\n\n\n<p><br>Et \u00e7a y est, il y arrive! Gr\u00e9goire s&rsquo;auto-f\u00e9licite, tr\u00e8s heureux.<\/p>\n\n\n\n<figure class=\"wp-block-embed is-type-video is-provider-youtube wp-block-embed-youtube wp-embed-aspect-16-9 wp-has-aspect-ratio\"><div class=\"wp-block-embed__wrapper\">\n<iframe loading=\"lazy\" title=\"Bravo! Sept 2024\" width=\"660\" height=\"371\" src=\"https:\/\/www.youtube.com\/embed\/Vy4N3BZCWig?feature=oembed\" frameborder=\"0\" allow=\"accelerometer; autoplay; clipboard-write; encrypted-media; gyroscope; picture-in-picture; web-share\" referrerpolicy=\"strict-origin-when-cross-origin\" allowfullscreen><\/iframe>\n<\/div><\/figure>\n\n\n\n<p>Ces moments sont des boucles vertueuses: un adulte f\u00e9licite, l&rsquo;enfant r\u00e9cepteur se sent valoris\u00e9 et il montre \u00e0 d&rsquo;autres adultes les exploits dont il est capable. Du bonheur.<\/p>\n","protected":false},"excerpt":{"rendered":"<p>Ce qu&rsquo;une ma\u00eetresse ou un ma\u00eetre dit et fait au sujet d&rsquo;un enfant a des cons\u00e9quences consid\u00e9rables, \u00e0 court terme, \u00e0 moyen terme, \u00e0 long terme. Cet adulte a un statut unique pour l&rsquo;enfant: c&rsquo;est celui qui sait, qui d\u00e9cide, qui commande, qui est s\u00fbr de lui, etc. Il faut profiter de ce statut particulier &hellip; <a href=\"https:\/\/mireillebrigaudiot.info\/index.php\/mots-cles\/bravo\/\" class=\"more-link\">Continuer la lecture de <span class=\"screen-reader-text\">Bravo<\/span><\/a><\/p>\n","protected":false},"author":1,"featured_media":0,"parent":7,"menu_order":4,"comment_status":"closed","ping_status":"closed","template":"","meta":[],"_links":{"self":[{"href":"https:\/\/mireillebrigaudiot.info\/index.php\/wp-json\/wp\/v2\/pages\/27"}],"collection":[{"href":"https:\/\/mireillebrigaudiot.info\/index.php\/wp-json\/wp\/v2\/pages"}],"about":[{"href":"https:\/\/mireillebrigaudiot.info\/index.php\/wp-json\/wp\/v2\/types\/page"}],"author":[{"embeddable":true,"href":"https:\/\/mireillebrigaudiot.info\/index.php\/wp-json\/wp\/v2\/users\/1"}],"replies":[{"embeddable":true,"href":"https:\/\/mireillebrigaudiot.info\/index.php\/wp-json\/wp\/v2\/comments?post=27"}],"version-history":[{"count":23,"href":"https:\/\/mireillebrigaudiot.info\/index.php\/wp-json\/wp\/v2\/pages\/27\/revisions"}],"predecessor-version":[{"id":2675,"href":"https:\/\/mireillebrigaudiot.info\/index.php\/wp-json\/wp\/v2\/pages\/27\/revisions\/2675"}],"up":[{"embeddable":true,"href":"https:\/\/mireillebrigaudiot.info\/index.php\/wp-json\/wp\/v2\/pages\/7"}],"wp:attachment":[{"href":"https:\/\/mireillebrigaudiot.info\/index.php\/wp-json\/wp\/v2\/media?parent=27"}],"curies":[{"name":"wp","href":"https:\/\/api.w.org\/{rel}","templated":true}]}}