{"id":2730,"date":"2024-10-29T14:43:14","date_gmt":"2024-10-29T14:43:14","guid":{"rendered":"https:\/\/mireillebrigaudiot.info\/?page_id=2730"},"modified":"2024-10-30T08:04:23","modified_gmt":"2024-10-30T08:04:23","slug":"agentivite","status":"publish","type":"page","link":"https:\/\/mireillebrigaudiot.info\/index.php\/agentivite\/","title":{"rendered":"Agentivit\u00e9"},"content":{"rendered":"\n<p>L&rsquo;<strong>agentivit\u00e9<\/strong> vient du terme anglais \u00ab\u00a0agency\u00a0\u00bb, qui d\u00e9signe le sentiment chez l&rsquo;enfant d&rsquo;\u00eatre capable de produire un effet. La p\u00e9riode qui nous int\u00e9resse est juste apr\u00e8s la marche: les enfants se ressentent autonomes et capables de vaincre les plus grands obstacles (par exemple contourner un caillou pour continuer son chemin). Les \u00ab\u00a0ingr\u00e9dients\u00a0\u00bb de l&rsquo;agentivit\u00e9, v\u00e9ritable moteur de vie, sont: un enfant qui a une bonne image de soi et des adultes qui ont envie de voir l&rsquo;enfant se d\u00e9brouiller tout seul. A partir de l\u00e0, les adultes donnent des occasions \u00e0 l&rsquo;enfant de mettre son pouvoir d&rsquo;agent \u00e0 l&rsquo;\u00e9preuve. Et c&rsquo;est parti!! L&rsquo;enfant se met \u00e0 faire ce qu&rsquo;il n&rsquo;a jamais fait, et \u00e0 refaire ind\u00e9finiment cet exploit, tout en tournant le regard vers l&rsquo;adulte pour v\u00e9rifier qu&rsquo;on le regarde avec admiration.<br><mark><strong>On voit ici l&rsquo;encha\u00eenement des capacit\u00e9s inn\u00e9es des b\u00e9b\u00e9s, leur d\u00e9veloppement avec tension vers \u00ab\u00a0\u00eatre grand\u00a0\u00bb et la place des \u00ab\u00a0bravos\u00a0\u00bb adultes dans ce d\u00e9roulement.<\/strong><\/mark><br><\/p>\n\n\n\n<p>Bien que ce moteur soit caract\u00e9ristique de toute la petite enfance, il y a une p\u00e9riode o\u00f9 il est plus visible, juste parce qu&rsquo;il a des <strong>cons\u00e9quences motrices donc visibles.<\/strong> Cette p\u00e9riode est celle qui suit la premi\u00e8re r\u00e9ussite de la marche. Quelque temps apr\u00e8s cette conqu\u00eate, parfois quelques jours seulement, l&rsquo;enfant cherche \u00e0 \u00eatre en exploit moteur, juste dans sa zone de capacit\u00e9. Voici par exemple 2 enfants qui n&rsquo;ont aucun rapport de mode garde, qui, le lendemain de la marche, se mettent \u00e0 pousser une petite chaise. On remarque le choix de cette activit\u00e9 qui leur permet d&rsquo;avoir un appui des mains ET qui permet le d\u00e9placement en toute s\u00e9curit\u00e9: c&rsquo;est un d\u00e9ambulateur. <br>Pensez-y ma\u00eetresses de TPS, mettez des chaises en salle de motricit\u00e9 et vous allez voir le grand bonheur de vos petits!<\/p>\n\n\n\n<figure class=\"wp-block-embed is-type-video is-provider-youtube wp-block-embed-youtube wp-embed-aspect-16-9 wp-has-aspect-ratio\"><div class=\"wp-block-embed__wrapper\">\n<iframe loading=\"lazy\" title=\"Agentivit\u00e9 1\" width=\"660\" height=\"371\" src=\"https:\/\/www.youtube.com\/embed\/vDz1DhmfV1w?feature=oembed\" frameborder=\"0\" allow=\"accelerometer; autoplay; clipboard-write; encrypted-media; gyroscope; picture-in-picture; web-share\" referrerpolicy=\"strict-origin-when-cross-origin\" allowfullscreen><\/iframe>\n<\/div><\/figure>\n\n\n\n<p>Gr\u00e9goire en 2024, \u00e0 1an 1 mois.<\/p>\n\n\n\n<figure class=\"wp-block-embed is-type-video is-provider-youtube wp-block-embed-youtube wp-embed-aspect-16-9 wp-has-aspect-ratio\"><div class=\"wp-block-embed__wrapper\">\n<iframe loading=\"lazy\" title=\"Agentivit\u00e9 2\" width=\"660\" height=\"371\" src=\"https:\/\/www.youtube.com\/embed\/cvnIYtE4DC0?feature=oembed\" frameborder=\"0\" allow=\"accelerometer; autoplay; clipboard-write; encrypted-media; gyroscope; picture-in-picture; web-share\" referrerpolicy=\"strict-origin-when-cross-origin\" allowfullscreen><\/iframe>\n<\/div><\/figure>\n\n\n\n<p>Charles en 2016, \u00e0 1an 4 mois.<\/p>\n\n\n\n<p><mark style=\"background-color:rgba(0, 0, 0, 0)\" class=\"has-inline-color has-medium-pink-color\">Bravo les enfants!!!<\/mark><\/p>\n\n\n\n<p>J&rsquo;ai choisi un autre exemple typique de l&rsquo;agentivit\u00e9 moteur d&rsquo;une <strong>activit\u00e9 totalement intellectuelle c&rsquo;est-\u00e0-dire beaucoup moins (ou pas du tout) visible<\/strong>. <br>Apr\u00e8s une sortie au cirque, une fillette tr\u00e8s timide, en fin de MS, dit \u00e0 la ma\u00eetresse pendant la r\u00e9cr\u00e9ation: \u00ab\u00a0<em>je te dis mon histoire. C&rsquo;est l&rsquo;histoire d&rsquo;un clown blanc qui veut une trompette blanche. Il la fait en sucre et il la mange en soufflant<\/em>\u00ab\u00a0.<br>Et elle ajoute 3 fois: \u00ab\u00a0<em>c&rsquo;est moi qui l&rsquo;ai invent\u00e9e\u00a0\u00bb, \u00ab\u00a0c&rsquo;est moi qui l&rsquo;ai invent\u00e9e\u00a0\u00bb, \u00ab\u00a0c&rsquo;est moi qui l&rsquo;ai invent\u00e9e<\/em>\u00ab\u00a0.<br>C&rsquo;est cette derni\u00e8re r\u00e9p\u00e9tition qui montre la conscience et la fiert\u00e9 de la fillette qui se sent pleinement auteur de l&rsquo;exploit.<\/p>\n","protected":false},"excerpt":{"rendered":"<p>L&rsquo;agentivit\u00e9 vient du terme anglais \u00ab\u00a0agency\u00a0\u00bb, qui d\u00e9signe le sentiment chez l&rsquo;enfant d&rsquo;\u00eatre capable de produire un effet. La p\u00e9riode qui nous int\u00e9resse est juste apr\u00e8s la marche: les enfants se ressentent autonomes et capables de vaincre les plus grands obstacles (par exemple contourner un caillou pour continuer son chemin). Les \u00ab\u00a0ingr\u00e9dients\u00a0\u00bb de l&rsquo;agentivit\u00e9, v\u00e9ritable &hellip; <a href=\"https:\/\/mireillebrigaudiot.info\/index.php\/agentivite\/\" class=\"more-link\">Continuer la lecture de <span class=\"screen-reader-text\">Agentivit\u00e9<\/span><\/a><\/p>\n","protected":false},"author":1,"featured_media":0,"parent":0,"menu_order":0,"comment_status":"closed","ping_status":"closed","template":"","meta":[],"_links":{"self":[{"href":"https:\/\/mireillebrigaudiot.info\/index.php\/wp-json\/wp\/v2\/pages\/2730"}],"collection":[{"href":"https:\/\/mireillebrigaudiot.info\/index.php\/wp-json\/wp\/v2\/pages"}],"about":[{"href":"https:\/\/mireillebrigaudiot.info\/index.php\/wp-json\/wp\/v2\/types\/page"}],"author":[{"embeddable":true,"href":"https:\/\/mireillebrigaudiot.info\/index.php\/wp-json\/wp\/v2\/users\/1"}],"replies":[{"embeddable":true,"href":"https:\/\/mireillebrigaudiot.info\/index.php\/wp-json\/wp\/v2\/comments?post=2730"}],"version-history":[{"count":3,"href":"https:\/\/mireillebrigaudiot.info\/index.php\/wp-json\/wp\/v2\/pages\/2730\/revisions"}],"predecessor-version":[{"id":2736,"href":"https:\/\/mireillebrigaudiot.info\/index.php\/wp-json\/wp\/v2\/pages\/2730\/revisions\/2736"}],"wp:attachment":[{"href":"https:\/\/mireillebrigaudiot.info\/index.php\/wp-json\/wp\/v2\/media?parent=2730"}],"curies":[{"name":"wp","href":"https:\/\/api.w.org\/{rel}","templated":true}]}}