{"id":2811,"date":"2024-12-10T09:35:15","date_gmt":"2024-12-10T09:35:15","guid":{"rendered":"https:\/\/mireillebrigaudiot.info\/?page_id=2811"},"modified":"2024-12-12T10:00:49","modified_gmt":"2024-12-12T10:00:49","slug":"vip","status":"publish","type":"page","link":"https:\/\/mireillebrigaudiot.info\/index.php\/vip\/","title":{"rendered":"VIP"},"content":{"rendered":"\n<p>On sait que parmi les conditions des apprentissages chez les jeunes enfants il y a ce que j&rsquo;appelle \u00ab\u00a0la belle relation\u00a0\u00bb avec la ma\u00eetresse ou le ma\u00eetre. C&rsquo;est une bienveillance, un accueil chaleureux de M pour chaque enfant, mais pas que. Il y a le fait que M s&rsquo;int\u00e9resse en vrai \u00e0 chacun d&rsquo;eux: M montre que son m\u00e9tier est de s&rsquo;int\u00e9resser \u00e0 ce qu&rsquo;ils sont, \u00e0 ce qu&rsquo;ils font et aux moyens qu&rsquo;ils utilisent pour grandir sous ses yeux.<br>Pour y parvenir, en terme de formation \u00e0 la maternelle, il faut \u00e0 l&rsquo;enseignant une double connaissance:<br>&#8211;&gt; avoir des connaissances d\u00e9veloppementales, c&rsquo;est-\u00e0-dire des rep\u00e8res de ce qui mobilise les enfants sur la dur\u00e9e de 2 \u00e0 6 ans. Ces connaissances viennent des recherches et devraient avoir une vraie place dans la formation. On ne peut pas les inventer parce que les jeunes enfants ne fonctionnent pas du tout comme les adultes.<br>&#8211;&gt; avoir une connaissance la plus claire possible des quelques objectifs sp\u00e9cifiques au Langage sur le cursus. Normalement, on devrait trouver \u00e7a dans le Programme national. Profitons de cette ann\u00e9e 2024, on a encore les restes du programme 2015 qui \u00e9tait ainsi pens\u00e9. Si le programme 2025 n&rsquo;est pas supprim\u00e9, les enseignants n&rsquo;auront plus de boussole&#8230;<\/p>\n\n\n\n<p>Et quand les enfants ressentent ces savoirs chez un adulte, ils l&rsquo;\u00e9coutent, le suivent et apprennent.<\/p>\n\n\n\n<figure class=\"wp-block-image size-large is-resized\"><img decoding=\"async\" loading=\"lazy\" src=\"http:\/\/mireillebrigaudiot.info\/wp-content\/uploads\/2024\/02\/IMG_0695-1.jpg-ecritureKa-1-1024x768.jpg\" alt=\"\" class=\"wp-image-2182\" width=\"689\" height=\"516\" srcset=\"https:\/\/mireillebrigaudiot.info\/wp-content\/uploads\/2024\/02\/IMG_0695-1.jpg-ecritureKa-1-1024x768.jpg 1024w, https:\/\/mireillebrigaudiot.info\/wp-content\/uploads\/2024\/02\/IMG_0695-1.jpg-ecritureKa-1-300x225.jpg 300w, https:\/\/mireillebrigaudiot.info\/wp-content\/uploads\/2024\/02\/IMG_0695-1.jpg-ecritureKa-1-768x576.jpg 768w, https:\/\/mireillebrigaudiot.info\/wp-content\/uploads\/2024\/02\/IMG_0695-1.jpg-ecritureKa-1.jpg 1200w\" sizes=\"(max-width: 689px) 100vw, 689px\" \/><\/figure>\n\n\n\n<p><br><strong><mark>L&rsquo;attitude V.I.P. <\/mark><\/strong>(pages 43-44 de Langage et \u00e9cole maternelle) d\u00e9coule des 2 domaines de connaissances pr\u00e9c\u00e9dents: l&rsquo;enseignant constatant qu&rsquo;un enfant essaie de progresser, il utilise sa \u00ab\u00a0grille\u00a0\u00bb mentale de connaissances et adresse \u00e0 l&rsquo;enfant 3 renseignements.<br>1&#8211;> Il lui dit que c&rsquo;est vraiment bien (V de <strong>Valoriser<\/strong>), et surtout ne lui dit jamais ni qu&rsquo;il s&rsquo;est tromp\u00e9, ni qu&rsquo;il ne sait pas, ni qu&rsquo;il dit n&rsquo;importe quoi, etc.<br>2&#8211;> Puis il lui envoie un d\u00e9cryptage de la mani\u00e8re dont il a proc\u00e9d\u00e9 dans son essai. Parfois c&rsquo;est une action, parfois c&rsquo;est un morceau d&rsquo;\u00e9nonc\u00e9, parfois c&rsquo;est un graphisme, parfois c&rsquo;est une activit\u00e9 purement intellectuelle. C&rsquo;est un art chez un enseignant de faire ce renvoi \u00e0 l&rsquo;enfant parce qu&rsquo;il interpr\u00e8te du cognitif invisible. Le I de VIP veut dire <strong>Interpr\u00e9ter<\/strong>. Tous les coll\u00e8gues avec qui j&rsquo;ai travaill\u00e9 m&rsquo;ont dit que c&rsquo;\u00e9tait difficile \u00e0 faire au d\u00e9but mais que tr\u00e8s vite, constatant les effets extr\u00eamement positifs sur l&rsquo;enfant, cette habitude devenait pour eux une seconde nature.<br>3&#8211;> Enfin, il faut donner des moyens \u00e0 cet enfant de pouvoir faire-dire autrement car pour l&rsquo;instant son apprentissage n&rsquo;est pas \u00ab\u00a0abouti\u00a0\u00bb, c&rsquo;est seulement un essai. C&rsquo;est le P de VIP qui veut dire \u00ab\u00a0<strong>Poser un \u00e9cart<\/strong>\u00ab\u00a0, c&rsquo;est-\u00e0-dire se d\u00e9brouiller pour \u00e9clairer l&rsquo;enfant sur nos mani\u00e8res \u00e0 nous de traiter ce dont il est question. Car ensuite, l&rsquo;enfant fera quelque chose de cet exemple, ou pas, et si oui il le fera vite ou tr\u00e8s lentement, etc, tout cela d\u00e9pendra de l&rsquo;enfant et de l&rsquo;essai en question. Et en maternelle, on a le temps. Le but de VIP est d&rsquo;\u00eatre dans la ZPD (Zone Proximale d&rsquo;Apprentissages, pages 31-38 de mon livre) de cet enfant l\u00e0 et \u00e0 ce moment l\u00e0.<br><br>L&rsquo;exemple le plus simple est l&rsquo;essai d&rsquo;\u00e9criture. <br><br>Le M valorise et explique \u00e0 l&rsquo;enfant \u00ab\u00a0<em>je crois que je sais ce que tu as fait. Tu as voulu \u00e9crire, c&rsquo;est vraiment super (<\/em><strong>c&rsquo;est V)<\/strong><em>. Alors tu as regard\u00e9 comme je fais moi quand j&rsquo;\u00e9cris et tu as vu que \u00e7a ressemblait \u00e0 \u00e7a, des vagues, des dents. Tu as raison <\/em><strong>(c&rsquo;est I<\/strong><em>). Et je vais te montrer ce que je fais en vrai. Je vais \u00e9crire \u00ab\u00a0XX est un beau petit gar\u00e7on\u00a0\u00bb, regarde<\/em> (<strong>c&rsquo;est P<\/strong>).<br>Et c&rsquo;est pour \u00e7a que <strong>M doit absolument \u00e9crire en cursive<\/strong>, parce que pour l&rsquo;instant, ce n&rsquo;est pas le code que l&rsquo;enfant imite, c&rsquo;est l&rsquo;allure sur la feuille. Donc M dit et \u00e9crit simultan\u00e9ment, lentement, XX, est, un, beau, petit, gar\u00e7on. Puis termine en suivant du doigt par une accolade sous chaque mot, XX, est, un, beau petit, gar\u00e7on. M peut m\u00eame ajouter \u00ab\u00a0<em>et bient\u00f4t toi aussi tu \u00e9criras comme \u00e7a<\/em>\u00ab\u00a0. Cela pose le caract\u00e8re social de l&rsquo;activit\u00e9 d&rsquo;\u00e9criture dans notre langue.<br>J&rsquo;ai th\u00e9oris\u00e9 cette attitude en l&#8217;empruntant \u00e0 ce que font les mamans spontan\u00e9ment dans les tr\u00e8s nombreux corpus que nous poss\u00e9dons en acquisition du langage.<strong> Cette attitude est donc intrins\u00e8quement d\u00e9veloppementale<\/strong>. Je le rappelle au moment o\u00f9 un texte d\u00e9sincarn\u00e9 et administratif est propos\u00e9 comme Programme 2025 pour l&rsquo;\u00e9cole maternelle. Les mamans (et les \u00e9ducateurs de la petite enfance d&rsquo;une mani\u00e8re g\u00e9n\u00e9rale) ne fonctionnent jamais \u00e0 partir de progressions \u00e0 suivre, n&rsquo;utilisent jamais de grilles d&rsquo;\u00e9valuation tomb\u00e9es du ciel, ne se demandent jamais si l&rsquo;enfant sachant faire A il peut faire B. Ce n&rsquo;est pas du tout du tout comme \u00e7a que les adultes interagissent avec les enfants. Et heureusement, ils apprennent.<\/p>\n\n\n\n<p>Vive V.I.P.<\/p>\n\n\n\n<p><\/p>\n","protected":false},"excerpt":{"rendered":"<p>On sait que parmi les conditions des apprentissages chez les jeunes enfants il y a ce que j&rsquo;appelle \u00ab\u00a0la belle relation\u00a0\u00bb avec la ma\u00eetresse ou le ma\u00eetre. C&rsquo;est une bienveillance, un accueil chaleureux de M pour chaque enfant, mais pas que. Il y a le fait que M s&rsquo;int\u00e9resse en vrai \u00e0 chacun d&rsquo;eux: M &hellip; <a href=\"https:\/\/mireillebrigaudiot.info\/index.php\/vip\/\" class=\"more-link\">Continuer la lecture de <span class=\"screen-reader-text\">VIP<\/span><\/a><\/p>\n","protected":false},"author":1,"featured_media":0,"parent":0,"menu_order":0,"comment_status":"closed","ping_status":"closed","template":"","meta":[],"_links":{"self":[{"href":"https:\/\/mireillebrigaudiot.info\/index.php\/wp-json\/wp\/v2\/pages\/2811"}],"collection":[{"href":"https:\/\/mireillebrigaudiot.info\/index.php\/wp-json\/wp\/v2\/pages"}],"about":[{"href":"https:\/\/mireillebrigaudiot.info\/index.php\/wp-json\/wp\/v2\/types\/page"}],"author":[{"embeddable":true,"href":"https:\/\/mireillebrigaudiot.info\/index.php\/wp-json\/wp\/v2\/users\/1"}],"replies":[{"embeddable":true,"href":"https:\/\/mireillebrigaudiot.info\/index.php\/wp-json\/wp\/v2\/comments?post=2811"}],"version-history":[{"count":5,"href":"https:\/\/mireillebrigaudiot.info\/index.php\/wp-json\/wp\/v2\/pages\/2811\/revisions"}],"predecessor-version":[{"id":2822,"href":"https:\/\/mireillebrigaudiot.info\/index.php\/wp-json\/wp\/v2\/pages\/2811\/revisions\/2822"}],"wp:attachment":[{"href":"https:\/\/mireillebrigaudiot.info\/index.php\/wp-json\/wp\/v2\/media?parent=2811"}],"curies":[{"name":"wp","href":"https:\/\/api.w.org\/{rel}","templated":true}]}}