{"id":3094,"date":"2025-10-31T14:05:21","date_gmt":"2025-10-31T14:05:21","guid":{"rendered":"https:\/\/mireillebrigaudiot.info\/?page_id=3094"},"modified":"2026-04-15T09:58:28","modified_gmt":"2026-04-15T09:58:28","slug":"une-annee-en-ms-hors-rep-mai-juin","status":"publish","type":"page","link":"https:\/\/mireillebrigaudiot.info\/index.php\/une-annee-en-ms-hors-rep-mai-juin\/","title":{"rendered":"Une ann\u00e9e en MS hors REP &#8211; mai\/juin"},"content":{"rendered":"\n<h2 class=\"wp-block-heading\">Objectif 5<\/h2>\n\n\n\n<p>Les enfants ont maintenant l&rsquo;habitude de chercher ce qui motive les personnages de ces histoires qu&rsquo;ils aiment. Ils vont pouvoir r\u00e9fl\u00e9chir \u00e0 une <strong><mark style=\"background-color:rgba(0, 0, 0, 0)\" class=\"has-inline-color has-medium-pink-color\">r\u00e9solution de probl\u00e8me enti\u00e8rement d\u00e9di\u00e9e \u00e0 des savoirs et de la r\u00e9flexion<\/mark><\/strong>.<\/p>\n\n\n\n<p><em><strong>L&rsquo;ogre, le loup, la petite fille et le g\u00e2teau<\/strong><\/em>, Philippe Corentin, l&rsquo;\u00e9cole des loisirs. <br><br>Cette histoire est une variante de l&rsquo;enigme du passeur, du loup, de la ch\u00e8vre et du chou. Le passeur n&rsquo;ayant qu&rsquo;une place dans sa barque, avec lui, il ne peut pas laisser seuls loup et ch\u00e8vre, ni ch\u00e8vre et chou.<br>Ici, le passeur est un <strong><mark style=\"background-color:rgba(0, 0, 0, 0)\" class=\"has-inline-color has-medium-pink-color\">ogre<\/mark><\/strong>. Il est tr\u00e8s important de commencer par redire aux enfants ce qu&rsquo;est un ogre, car m\u00eame ceux qui vont dire \u00ab\u00a0moi je sais\u00a0\u00bb ne le savent pas vraiment. L&rsquo;ogre est un personnage qui n&rsquo;existe QUE dans les histoires et QUE dans les histoires pour les enfants. Il a \u00e9t\u00e9 invent\u00e9 parce que les enfants aiment bien avoir un petit peur et l&rsquo;ogre est un monsieur fort et et souvent effrayant qui mange les enfants. Heureusement, c&rsquo;est seulement dans les histoires! comme les sorci\u00e8res, comme les loups qui mangent les enfants. Cette mise au point permet d&rsquo;entrer dans l&rsquo;histoire.<\/p>\n\n\n\n<figure class=\"wp-block-image size-full\"><img decoding=\"async\" loading=\"lazy\" width=\"320\" height=\"240\" src=\"http:\/\/mireillebrigaudiot.info\/wp-content\/uploads\/2025\/11\/ogre1-rotated.jpg\" alt=\"\" class=\"wp-image-3134\" srcset=\"https:\/\/mireillebrigaudiot.info\/wp-content\/uploads\/2025\/11\/ogre1-rotated.jpg 320w, https:\/\/mireillebrigaudiot.info\/wp-content\/uploads\/2025\/11\/ogre1-300x225.jpg 300w\" sizes=\"(max-width: 320px) 100vw, 320px\" \/><\/figure>\n\n\n\n<p><strong>Cadre de l&rsquo;histoire<\/strong><br>En montrant la couverture, l&rsquo;enseignant peut montrer l&rsquo;ogre: il a un gros nez, un casque parce que \u00e7a se passe dans un pays chaud, il a une gourde d&rsquo;eau pour pas mourir de soif et il tient un fusil parce qu&rsquo;il revient de la chasse. Il faut ensuite dire aux enfants que l&rsquo;ogre revient de la chasse avec 3 personnes: un loup, une petite fille et un g\u00e2teau. Oui, dans l&rsquo;histoire, ce sont des personnes qui parlent et qui ressentent des choses comme les personnes. <br><strong>Probl\u00e8me de l&rsquo;ogre<\/strong><br>Toujours \u00e0 l&rsquo;oral et en regroupement, M va pr\u00e9ciser le probl\u00e8me de l&rsquo;ogre. <\/p>\n\n\n\n<figure class=\"wp-block-image size-full\"><img decoding=\"async\" loading=\"lazy\" width=\"320\" height=\"240\" src=\"http:\/\/mireillebrigaudiot.info\/wp-content\/uploads\/2025\/11\/ogre4.jpg\" alt=\"\" class=\"wp-image-3141\" srcset=\"https:\/\/mireillebrigaudiot.info\/wp-content\/uploads\/2025\/11\/ogre4.jpg 320w, https:\/\/mireillebrigaudiot.info\/wp-content\/uploads\/2025\/11\/ogre4-300x225.jpg 300w\" sizes=\"(max-width: 320px) 100vw, 320px\" \/><\/figure>\n\n\n\n<p><br>En tournant la page, on a une vue \u00e0 180 degr\u00e9s du lieu qui permet de comprendre le probl\u00e8me. Mieux vaut le montrer aux enfants pour le leur commenter:<br>\u00ab\u00a0<em>Voil\u00e0 o\u00f9 arrive l&rsquo;ogre. Il va arriver l\u00e0<\/em> (montrer le bord gauche avec la crique et une barque). <em>Le probl\u00e8me de l&rsquo;ogre est qu&rsquo;il veut aller chez lui, et chez lui, c&rsquo;est l\u00e0<\/em> (montrer le ch\u00e2teau \u00e0 droite). <em>Alors il doit monter dans la barque et ramer pour aller de l&rsquo;autre c\u00f4t\u00e9 du fleuve. Mais il y a un autre probl\u00e8me&#8230;<\/em>.\u00a0\u00bb.<br>Une fois expliqu\u00e9e cette question incroyable, M peut montrer la demi-page qui se tourne et lire le titre en suivant du doigt (parce que c&rsquo;est un titre long qui m\u00e9rite une dur\u00e9e de lecture). <\/p>\n\n\n\n<figure class=\"wp-block-image size-full\"><img decoding=\"async\" loading=\"lazy\" width=\"320\" height=\"240\" src=\"http:\/\/mireillebrigaudiot.info\/wp-content\/uploads\/2025\/11\/ogre5.jpg\" alt=\"\" class=\"wp-image-3142\" srcset=\"https:\/\/mireillebrigaudiot.info\/wp-content\/uploads\/2025\/11\/ogre5.jpg 320w, https:\/\/mireillebrigaudiot.info\/wp-content\/uploads\/2025\/11\/ogre5-300x225.jpg 300w\" sizes=\"(max-width: 320px) 100vw, 320px\" \/><\/figure>\n\n\n\n<p><br><strong>Compr\u00e9hension du texte \u00e9crit<\/strong><br>A partir de l\u00e0, encore en regroupement (pour que tous les enfants aient les m\u00eames rep\u00e8res), M va dire qu&rsquo;il faut lire et essayer de comprendre cette grande histoire tr\u00e8s compliqu\u00e9e.<br>Chaque double page est lue et expliqu\u00e9e. <br>Il y a 2  zones de travail \u00e0 mener: <br>&#8211; les savoirs sur <strong>qui mange qui<\/strong> et les explications sont directement ou indirectement dans le texte (exemple: \u00ab\u00a0<em>\u00e7a, c&rsquo;est bon, la petite fille<\/em>\u00ab\u00a0et il faut montrer et dire que c&rsquo;est le loup qui parle),<br>&#8211; la compr\u00e9hension de la <strong>direction des diff\u00e9rentes travers\u00e9es<\/strong> pour \u00e9viter un drame (exemple: \u00ab\u00a0<em>Allez hop! Demi-tour!<\/em>\u00a0\u00bb \u00e0 bien expliquer).<br>C&rsquo;est pourquoi la suite du travail se d\u00e9roulera dans le pr\u00e9au pour mimer les sc\u00e8nes&#8230; <br>avant de revenir au livre, cette fois-ci en petits groupes pour savoir ce que chaque enfant a pris &#8211; compris de cette histoire.<br>Au vu de tout \u00e7a, je trouve que ce livre est plus adapt\u00e9 \u00e0 une GS qu&rsquo;\u00e0 une MS. Comme souvent les histoires de Philippe Corentin. Des enfants de CP seraient heureux de pouvoir le lire aussi.<\/p>\n\n\n\n<h2 class=\"wp-block-heading\">Objectif 6<\/h2>\n\n\n\n<p>Un beau travail d&rsquo;<strong><mark style=\"background-color:rgba(0, 0, 0, 0)\" class=\"has-inline-color has-medium-pink-color\">\u00e9criture \u00ab\u00a0adress\u00e9e\u00a0\u00bb<\/mark><\/strong> qui a passionn\u00e9 les enfants<br>M annonce un jeu qui va nous faire tous travailler: <br><em>Chaque enfant va choisir un des livres qu&rsquo;on a beaucoup travaill\u00e9 et il faudra qu&rsquo;il trouve un conseil \u00e0 donner au personnage de l&rsquo;histoire qui a eu un probl\u00e8me. Quand vous aurez trouv\u00e9 le conseil vous venez me le dire \u00e0 l&rsquo;oreille et je l&rsquo;\u00e9cris dans un cahier pour garder tout ce que vous avez trouv\u00e9!! Quand tout le monde sera pass\u00e9 je vous lirai tout et \u00e7a vous fera rire.<br>Alors, je redis  ce qui est le plus important: il faut donner un conseil \u00e9crit au personnage qui a eu un probl\u00e8me pour qu&rsquo;il n&rsquo;ait plus de probl\u00e8me.<br>Par exemple, moi, si je donnais un conseil \u00e0 Boucle d&rsquo;Or, je lui \u00e9crirais Ne va pas dans la for\u00eat toute seule.<\/em><br>Ainsi, quand ils le veulent, les enfants prennent un des 11 livres tr\u00e8s travaill\u00e9s cette ann\u00e9e et viennent dicter un message \u00e0 M. Voici des r\u00e9sultats.<\/p>\n\n\n\n<p><strong>Bon app\u00e9tit Monsieur lapin<\/strong> &#8211;&gt;<em> tu devrais manger des \u00e9pinards, c&rsquo;est bon les carottes, les lapins mangent des souris, heureusement que tu as retrouv\u00e9 tes oreilles<\/em><\/p>\n\n\n\n<p><strong>Je mangerais bien une souris<\/strong> &#8211;&gt; <em>fais attention les souris mangent les chats, n&rsquo;essaie pas de manger un cheval, un cheval c&rsquo;est trop gros, c&rsquo;est tr\u00e8s bon les boites pour les chats<\/em><\/p>\n\n\n\n<p><strong>Porculus<\/strong> &#8211;&gt; <em>fais ta valise Porculus tu pars en voyage, est-ce que tu voudrais aller \u00e0 Paris?, profite bien de la boue si douce, reste \u00e0 la ferme avec la fermi\u00e8re<\/em><\/p>\n\n\n\n<p><strong>Je t&rsquo;ai vu!<\/strong> &#8211;&gt;<em> je dis au gar\u00e7on \u00ab\u00a0fais attention au renard\u00a0\u00bb, ta mamie est gentille, c&rsquo;est bien d&rsquo;aimer les animaux, c&rsquo;est l&rsquo;\u00e9cureuil le plus malin<\/em> <em> <\/em><\/p>\n\n\n\n<p><\/p>\n\n\n\n<h2 class=\"wp-block-heading\">Objectif 7<\/h2>\n\n\n\n<p>Pour la f\u00eate des m\u00e8res, M a expliqu\u00e9 aux enfants que le cadeau pour les mamans serait <mark style=\"background-color:rgba(0, 0, 0, 0)\" class=\"has-inline-color has-medium-pink-color\"><strong>une po\u00e9sie<\/strong> <\/mark>qu&rsquo;ils pourraient DIRE mais aussi LIRE. C&rsquo;est la f\u00eate! Car, tr\u00e8s important, il ne faut pas le dire avant le jour de f\u00eate des m\u00e8res (rep\u00e8re sur le calendrier). La notion de secret est encore fragile \u00e0 cet \u00e2ge.<br>M part de l&rsquo;album \u00ab\u00a0Devine combien je t&rsquo;aime\u00a0\u00bb. Elle raconte, montre, lit.  M demande aux enfants s&rsquo;ils veulent apprendre les \u00ab\u00a0formules\u00a0\u00bb pr\u00e9sentes dans le texte. Mais c&rsquo;est trop long pour l&rsquo;apprendre, aussi se mettent-ils \u00e0 discuter de ce qu&rsquo;ils gardent.<br>Paul: i faut garder \u00ab\u00a0fort comme un tr\u00e9sor\u00a0\u00bb parce que \u00e7a rime, Alice: i faut garder \u00ab\u00a0de tout mon coeur\u00a0\u00bb parce que \u00e7a fait beaucoup beaucoup, etc.<\/p>\n\n\n\n<p>Ils apprennent le texte chaque jour seulement  \u00e0 l&rsquo;oral.<\/p>\n\n\n\n<div class=\"wp-block-group is-vertical is-layout-flex wp-container-1\">\n<p><em>Maman je t&rsquo;aime<\/em>,<\/p>\n\n\n\n<p><em>Fort comme un tr\u00e9sor,<br>Grand comme l&rsquo;univers,<br>Loin comme l&rsquo;infini,<br>Chaud comme le soleil,<\/em><br><em>Je t&rsquo;aime de tout mon coeur.<\/em><br><br>Quand tout le monde le sait bien, ils le dictent, par groupe, \u00e0 M qui l&rsquo;\u00e9crit en grand face aux enfants. Elle fait les remarques textuelles et orthographiques qui vont aider les enfants \u00e0 rep\u00e9rer la correspondance de l&rsquo;oral et du texte \u00e9crit.<br>Exemples: utiliser la disposition des bloc de texte avec l&rsquo;intonation, utiliser la majuscule des lignes dont ils apprennent le son correspondant (Fort comme Fourmi, Grand comme Guillaume&#8230;).<br>Ils partent \u00e0 la photocopieuse pour avoir un exemplaire, le collent dans le cahier de po\u00e9sies et chansons, puis s&rsquo;entrainent \u00e0 le lire avec suivi du doigt.<br>En atelier, M demande aux enfants s&rsquo;ils peuvent trouver o\u00f9 est \u00e9crit \u00ab\u00a0maman\u00a0\u00bb, o\u00f9 est \u00e9crit \u00ab\u00a0coeur\u00a0\u00bb, et plus difficile o\u00f9 est \u00e9crit \u00ab\u00a0soleil\u00a0\u00bb. Les enfants sont tr\u00e8s fiers.<br>Ils illustrent leur texte.<\/p>\n<\/div>\n\n\n\n<p>Grand jour! le retour apr\u00e8s le dimanche f\u00eate des m\u00e8res.<br>Les r\u00e9cits sont magnifiques. <br>Exemple:<br><strong>Julien<\/strong> &#8211; <em>moi je lui ai donn\u00e9 dimanche le cadeau, je l&rsquo;avais cach\u00e9 sous mon lit, quand elle s&rsquo;est r\u00e9veill\u00e9e j&rsquo;ai dit cherche maman et j&rsquo;ai fait c&rsquo;est chaud c&rsquo;est froid, et elle a trouv\u00e9<\/em><br><strong>Pablo<\/strong> &#8211; <em>j&rsquo;ai donn\u00e9 dimanche matin, maman elle a lu tout fort et j&rsquo;ai dit que  je pouvais lire aussi, elle a dit c&rsquo;est beau, je crois qu&rsquo;elle \u00e9tait contente<\/em><br><strong>Laurence<\/strong> &#8211;<em> j&rsquo;ai donn\u00e9 avant dimanche, j&rsquo;ai ouvert le cahier, elle a regard\u00e9 les dessins, elle a dit c&rsquo;est beau, et je l&rsquo;ai lu et elle a dit oh lala, et elle l&rsquo;a rang\u00e9 dans le cagibi<\/em><br><strong>Laura<\/strong> &#8211; <em>j&rsquo;ai donn\u00e9 dimanche matin, j&rsquo;ai dit Bonne f\u00eate maman et j&rsquo;ai r\u00e9cit\u00e9 la po\u00e9sie, et j&rsquo;ai dit c&rsquo;est nous qu&rsquo;on l&rsquo;a fait, elle \u00e9tait contente elle m&rsquo;a fait un bisou<\/em><\/p>\n\n\n\n<p>Remarque: on voit que la \u00ab\u00a0lecture\u00a0\u00bb n&rsquo;est pas ce qui a le plus marqu\u00e9 les enfants. C&rsquo;est normal, ils sont jeunes. On verra la diff\u00e9rence l&rsquo;an prochain.<\/p>\n\n\n\n<h2 class=\"wp-block-heading\">Objectif 8<\/h2>\n\n\n\n<p>Pendant cette fin d&rsquo;ann\u00e9e, M a fait chaque jour, durant le regroupement, un jeu visant la d\u00e9couverte du principe alphab\u00e9tique (P.A.).<br>Exemples: <br><strong><mark style=\"background-color:rgba(0, 0, 0, 0)\" class=\"has-inline-color has-medium-pink-color\">Ecriture magistrale au tableau face aux enfants<\/mark><\/strong><br>M &#8211; <em>aujourd&rsquo;hui je vais choisir le pr\u00e9nom d&rsquo;un enfant de la classe et je vais l&rsquo;\u00e9crire en faisant le bruit de ce qu&rsquo;on entend. Apr\u00e8s chaque bruit transcrit je m&rsquo;arr\u00eaterai et regarderai si quelqu&rsquo;un l\u00e8ve la main. Le premier qui trouve quel pr\u00e9nom je voulais \u00e9crire a gagn\u00e9.<br>Je commence. Ca y est il est dans ma t\u00eate.<br>[l::::] , \u00e9crit L et se retourne<\/em><br>enfant 1 &#8211; <em>Laurice<\/em><br>enfant 2 &#8211; <em>Lili comme ma soeur<\/em><br>enfant 3 &#8211; <em>Laura<\/em><br>M &#8211; <em>oh je suis contente, tous ces pr\u00e9noms commencent par L. Mais est-ce que \u00e7a suffit ce que j&rsquo;ai \u00e9crit?<\/em><br>Tous &#8211; <em>non<\/em><br>M &#8211; \u00ab\u00a0<em>alors je continue. [l:: o], [lo], \u00e9crit Lau et se retourne<\/em>\u00ab\u00a0<br>etc<br>Avec ce jeu, un pr\u00e9nom par jour suffit et on peut rapidement passer \u00e0 un pr\u00e9nom \u00ab\u00a0<em>d&rsquo;un enfant que je connais dans une autre \u00e9cole et que vous pouvez trouver<\/em>\u00ab\u00a0.<br>Par exemple, comme dans cette classe, il y a Laura et Laurice, M va choisir Laurine comme nouveau pr\u00e9nom. Les enfants ne trouveront pas. Sauf au moment o\u00f9 elle va dire \u00ab\u00a0<em>vous avez trouv\u00e9 le d\u00e9but, c&rsquo;est [lor] et \u00e0 la fin, \u00e7a finit comme ce pr\u00e9nom <\/em>(prend et montre l&rsquo;\u00e9tiquette de Valentine).<\/p>\n\n\n\n<p><\/p>\n\n\n\n<p><strong><mark style=\"background-color:rgba(0, 0, 0, 0)\" class=\"has-inline-color has-medium-pink-color\">Commande d&rsquo;\u00e9criture d&rsquo;un \u00ab\u00a0morceau\u00a0\u00bb de son propre pr\u00e9nom<\/mark><\/strong><br>M a \u00e9tabli, chez elle, une liste de commandes possibles et choisit chaque jour en fonction des enfants qu&rsquo;elle veut aider \u00e0 la d\u00e9couverte du P.A.<br>M &#8211; <em>aujourd&rsquo;hui on va regarder travailler Alexandre. Ecoute bien, je voudrais que tu essaies d&rsquo;\u00e9crire devant les copains, le pr\u00e9nom d&rsquo;un enfant que je connais dans une autre \u00e9cole, qui s&rsquo;appelle Alex. R\u00e9fl\u00e9chis et \u00e9cris. C&rsquo;est pas grave du tout si tu sais pas.<\/em><\/p>\n\n\n\n<p>Cette situation est tr\u00e8s tr\u00e8s int\u00e9ressante pour M comme pour les enfants. Elle permet de voir si le P.A., concept totalement abstrait, est mobilis\u00e9, m\u00eame \u00e0 minima, dans cette situation-probl\u00e8me qui demande le passage d&rsquo;un bloc sonore \u00e0 un bloc \u00e9crit, avec une connaissance parfaite de cette correspondance sonore-\u00e9crit dans leur propre pr\u00e9nom. C&rsquo;est donc leur r\u00e9flexion, leur vocalisation (ou subvocalisation) et la recherche du \u00ab\u00a0morceau\u00a0\u00bb ad\u00e9quat de leur pr\u00e9nom qui peut les mettre sur la voie.<br>M commence par demander l&rsquo;essai d&rsquo;\u00e9criture Alex pour Alexandre parce que c&rsquo;est ce qu&rsquo;il y a de plus simple: c&rsquo;est le d\u00e9but du pr\u00e9nom \u00e9crit tout simplement. <br>M continuera avec L\u00e9o demand\u00e9 \u00e0 L\u00e9opold, et Vic demand\u00e9 \u00e0 Victoria.<br>Elle peut continuer avec des commandes assez simples en redoublant des syllabes: Vava est demand\u00e9 \u00e0 Valentine, Nono est demand\u00e9 \u00e0 Noah, Sasa est demand\u00e9 \u00e0 Salom\u00e9&#8230;<br>Enfin, selon les acquis des enfants, et notamment en GS, M pourra passer \u00e0 des commandes plus sophistiqu\u00e9es:  Martine demand\u00e9 \u00e0 toute la classe parce que celle-ci compte une Valentine, et une Margaux, ou encore Jun\u00e9a parce que les enfants connaissent Jules, Julia et En\u00e9a. Plusieurs s\u00e9ances seront n\u00e9cessaires avant que M fasse la d\u00e9monstration devant le groupe-classe. Il faut en effet \u00eatre prudent et ne pas demander l&rsquo;impossible aux enfants, les s\u00e9ances doivent \u00eatre courtes. Et je rappelle que le but n&rsquo;est pas de trouver LA bonne r\u00e9ponse mais d&rsquo;ESSAYER de mobiliser sa connaissance du P.A. appliqu\u00e9 \u00e0 un pr\u00e9nom. Par exemple, quand Jade va dire \u00ab\u00a0c&rsquo;est moi\u00a0\u00bb et \u00e9crira son pr\u00e9nom alors que M a demand\u00e9 Jami. C&rsquo;est M qui dira \u00ab\u00a0<em>je crois que c&rsquo;est tr\u00e8s tr\u00e8s bien ce que qu&rsquo;a fait Jade: elle a ENTENDU ja dans ce que j&rsquo;ai demand\u00e9 et elle sait \u00e9crire ja dans son pr\u00e9nom. Bravo Jade! Mainteant je vais vous montrer comment j&rsquo;\u00e9cris la fin du pr\u00e9nom Jami\u00a0\u00bb<\/em>&#8230;<\/p>\n\n\n\n<p><br><strong><mark style=\"background-color:rgba(0, 0, 0, 0)\" class=\"has-inline-color has-medium-pink-color\">Bilan fin d&rsquo;ann\u00e9e, commande \u00ab\u00a0cocorico<\/mark><\/strong>\u00ab\u00a0<br><br>Sur les 26 enfants restants (il y a eu des d\u00e9m\u00e9nagements)<br>&#8211; 6 n&rsquo;encodent rien de ce qu&rsquo;ils entendent dans \u00ab\u00a0cocorico\u00a0\u00bb,<br>&#8211; 20 ont pass\u00e9 le mur du son, ils encodent \u00ab\u00a0cocorico\u00a0\u00bb (histoire construite sur le m\u00eame  principe que d&rsquo;autres que j&rsquo;ai mises en ligne, mot-cl\u00e9 <a href=\"https:\/\/mireillebrigaudiot.info\/index.php\/les-classes-de-la-tps-a-la-gs\/en-gs\/\" data-type=\"page\" data-id=\"64\"><mark style=\"background-color:rgba(0, 0, 0, 0)\" class=\"has-inline-color has-bright-blue-color\"><strong>en GS<\/strong><\/mark><\/a>), le plus souvent avec les voyelles, parfois 2, 3 ou 4.<br>C&rsquo;est magnifique pour une fin de MS.<\/p>\n\n\n\n<p>On voit ici que Hakim et C\u00f4me n&rsquo;ont pas d\u00e9couvert le P.A.: ils tracent des lettres quelconques ou des pseudo-lettres. Il leur faut encore assister \u00e0 des exp\u00e9riences d&rsquo;encodage.<br>Solveig et Hannah ont d\u00e9couvert le P.A.: les 4 syllabes et certains ou toutes les voyelles qu&rsquo;on entend dans \u00ab\u00a0cocorico\u00a0\u00bb sont encod\u00e9es. Bravo!!<\/p>\n\n\n\n<figure class=\"wp-block-gallery has-nested-images columns-default is-cropped wp-block-gallery-2 is-layout-flex\">\n<figure class=\"wp-block-image size-large\"><img decoding=\"async\" loading=\"lazy\" width=\"320\" height=\"240\" data-id=\"3380\"  src=\"https:\/\/mireillebrigaudiot.info\/wp-content\/uploads\/2026\/04\/Hakim-rotated.jpg\" alt=\"\" class=\"wp-image-3380\" srcset=\"https:\/\/mireillebrigaudiot.info\/wp-content\/uploads\/2026\/04\/Hakim-rotated.jpg 320w, https:\/\/mireillebrigaudiot.info\/wp-content\/uploads\/2026\/04\/Hakim-300x225.jpg 300w\" sizes=\"(max-width: 320px) 100vw, 320px\" \/><\/figure>\n\n\n\n<figure class=\"wp-block-image size-large\"><img decoding=\"async\" loading=\"lazy\" width=\"240\" height=\"320\" data-id=\"3379\"  src=\"https:\/\/mireillebrigaudiot.info\/wp-content\/uploads\/2026\/04\/come-rotated.jpg\" alt=\"\" class=\"wp-image-3379\" srcset=\"https:\/\/mireillebrigaudiot.info\/wp-content\/uploads\/2026\/04\/come-rotated.jpg 240w, https:\/\/mireillebrigaudiot.info\/wp-content\/uploads\/2026\/04\/come-225x300.jpg 225w\" sizes=\"(max-width: 240px) 100vw, 240px\" \/><\/figure>\n<\/figure>\n\n\n\n<figure class=\"wp-block-gallery has-nested-images columns-default is-cropped wp-block-gallery-4 is-layout-flex\">\n<figure class=\"wp-block-image size-large\"><img decoding=\"async\" loading=\"lazy\" width=\"240\" height=\"320\" data-id=\"3382\"  src=\"https:\/\/mireillebrigaudiot.info\/wp-content\/uploads\/2026\/04\/solveig-rotated.jpg\" alt=\"\" class=\"wp-image-3382\" srcset=\"https:\/\/mireillebrigaudiot.info\/wp-content\/uploads\/2026\/04\/solveig-rotated.jpg 240w, https:\/\/mireillebrigaudiot.info\/wp-content\/uploads\/2026\/04\/solveig-225x300.jpg 225w\" sizes=\"(max-width: 240px) 100vw, 240px\" \/><\/figure>\n\n\n\n<figure class=\"wp-block-image size-large\"><img decoding=\"async\" loading=\"lazy\" width=\"240\" height=\"320\" data-id=\"3381\"  src=\"https:\/\/mireillebrigaudiot.info\/wp-content\/uploads\/2026\/04\/hannah-rotated.jpg\" alt=\"\" class=\"wp-image-3381\" srcset=\"https:\/\/mireillebrigaudiot.info\/wp-content\/uploads\/2026\/04\/hannah-rotated.jpg 240w, https:\/\/mireillebrigaudiot.info\/wp-content\/uploads\/2026\/04\/hannah-225x300.jpg 225w\" sizes=\"(max-width: 240px) 100vw, 240px\" \/><\/figure>\n<\/figure>\n\n\n\n<p><\/p>\n\n\n\n<p>D&rsquo;autre part, <strong>tous les enfants \u00e9crivent leur pr\u00e9nom en cursive<\/strong>, avec parfois de grandes approximations. Ce n&rsquo;est pas un probl\u00e8me, ils ont encore une ann\u00e9e en GS pour s&rsquo;entra\u00eener.<br><\/p>\n\n\n\n<p>FIN DE CE  FEUILLETON EN MS<\/p>\n\n\n\n<p><br>Pour suivre le feuilleton :<br><br>en septembre\/octobre, <a href=\"https:\/\/mireillebrigaudiot.info\/index.php\/une-annee-en-ms-hors-rep-sept-oct\/\" data-type=\"page\" data-id=\"3086\">cliquez ici<\/a><br>en novembre\/d\u00e9cembre,&nbsp;<a href=\"https:\/\/mireillebrigaudiot.info\/index.php\/une-annee-en-ms-hors-rep-nov-dec\/\" data-type=\"page\" data-id=\"3088\">cliquez ici<\/a><br>en janvier\/f\u00e9vrier,&nbsp;<a href=\"https:\/\/mireillebrigaudiot.info\/index.php\/une-annee-en-ms-hors-rep-janv-fev\/\" data-type=\"page\" data-id=\"3090\">cliquez ici<\/a><br>en mars\/avril,&nbsp;<a href=\"https:\/\/mireillebrigaudiot.info\/index.php\/une-annee-en-ms-hors-rep-mars-avr\/\" data-type=\"page\" data-id=\"3092\">cliquez ici<\/a><br>en mai\/juin,&nbsp;<a href=\"https:\/\/mireillebrigaudiot.info\/index.php\/une-annee-en-ms-hors-rep-mai-juin\/\" data-type=\"page\" data-id=\"3094\">cliquez ici<\/a><br>O<\/p>\n","protected":false},"excerpt":{"rendered":"<p>Objectif 5 Les enfants ont maintenant l&rsquo;habitude de chercher ce qui motive les personnages de ces histoires qu&rsquo;ils aiment. Ils vont pouvoir r\u00e9fl\u00e9chir \u00e0 une r\u00e9solution de probl\u00e8me enti\u00e8rement d\u00e9di\u00e9e \u00e0 des savoirs et de la r\u00e9flexion. L&rsquo;ogre, le loup, la petite fille et le g\u00e2teau, Philippe Corentin, l&rsquo;\u00e9cole des loisirs. Cette histoire est une &hellip; <a href=\"https:\/\/mireillebrigaudiot.info\/index.php\/une-annee-en-ms-hors-rep-mai-juin\/\" class=\"more-link\">Continuer la lecture de <span class=\"screen-reader-text\">Une ann\u00e9e en MS hors REP &#8211; mai\/juin<\/span><\/a><\/p>\n","protected":false},"author":1,"featured_media":0,"parent":0,"menu_order":0,"comment_status":"closed","ping_status":"closed","template":"","meta":[],"_links":{"self":[{"href":"https:\/\/mireillebrigaudiot.info\/index.php\/wp-json\/wp\/v2\/pages\/3094"}],"collection":[{"href":"https:\/\/mireillebrigaudiot.info\/index.php\/wp-json\/wp\/v2\/pages"}],"about":[{"href":"https:\/\/mireillebrigaudiot.info\/index.php\/wp-json\/wp\/v2\/types\/page"}],"author":[{"embeddable":true,"href":"https:\/\/mireillebrigaudiot.info\/index.php\/wp-json\/wp\/v2\/users\/1"}],"replies":[{"embeddable":true,"href":"https:\/\/mireillebrigaudiot.info\/index.php\/wp-json\/wp\/v2\/comments?post=3094"}],"version-history":[{"count":21,"href":"https:\/\/mireillebrigaudiot.info\/index.php\/wp-json\/wp\/v2\/pages\/3094\/revisions"}],"predecessor-version":[{"id":3388,"href":"https:\/\/mireillebrigaudiot.info\/index.php\/wp-json\/wp\/v2\/pages\/3094\/revisions\/3388"}],"wp:attachment":[{"href":"https:\/\/mireillebrigaudiot.info\/index.php\/wp-json\/wp\/v2\/media?parent=3094"}],"curies":[{"name":"wp","href":"https:\/\/api.w.org\/{rel}","templated":true}]}}