{"id":37,"date":"2015-12-30T15:12:24","date_gmt":"2015-12-30T15:12:24","guid":{"rendered":"http:\/\/mireillebrigaudiot.info\/?page_id=37"},"modified":"2024-03-01T08:53:53","modified_gmt":"2024-03-01T08:53:53","slug":"objectif-1","status":"publish","type":"page","link":"https:\/\/mireillebrigaudiot.info\/index.php\/les-objectifs-de-1-a-9\/objectif-1\/","title":{"rendered":"Objectif 1"},"content":{"rendered":"<p><strong>Contours de la question<\/strong><\/p>\n<p>Les verbes OSER et COMMUNIQUER indiquent qu\u2019il s\u2019agit d\u2019un objectif de pr\u00e9vention. C\u2019est la premi\u00e8re fois qu\u2019il y en a un dans le Programme maternelle. Pr\u00e9ventif veut dire que c\u2019est un peu l\u2019inverse des performances qu\u2019on attend depuis des ann\u00e9es. C\u2019est une case d\u00e9part, un premier pas, mais indispensable si on veut \u00e9viter les difficult\u00e9s ensuite. Ce premier pas, sur le cycle maternelle, c\u2019est oser dire, ou oser avoir un comportement, sans mot, mais qui montre que l\u2019enfant prend une place langagi\u00e8re dans la classe\u00a0: il DIT, <strong>avec ou sans mot<\/strong>.<\/p>\n<p>Exemple v\u00e9cu en MS.<br \/>\nLa ma\u00eetresse lit un livre et dit\u00a0: \u00ab\u00a0<em>il d\u00e9cida d\u2019aller chercher la voisine<\/em>\u00a0\u00bb. A ce moment-l\u00e0, un enfant qui ne parle jamais dit \u00ab\u00a0et zizinub\u00e9ole\u00a0\u00bb.<\/p>\n<p>M (s\u2019arr\u00eate, r\u00e9fl\u00e9chit puis dit) \u2013 <em>ah oui, je sais ce que tu dis, ta maman me l\u2019a dit, ta cousine a la rub\u00e9ole. Alors c\u2019est bien Anna, tu as entendu que je disais \u00ab\u00a0la voisine\u00a0\u00bb et \u00e7a t\u2019a fait penser \u00e0 \u00ab\u00a0ta cousine\u00a0\u00bb. C\u2019est des mots qui ressemblent. La voisine c\u2019est la dame qui habite \u00e0 c\u00f4t\u00e9. Je continue l\u2019histoire.<\/em><\/p>\n<p>Voil\u00e0 une vraie pro de la maternelle. Elle a INTERPRETE l\u2019\u00e9nonc\u00e9 de cette enfant pour lui montrer qu\u2019elle vient de faire un exploit. Elle a os\u00e9 dire quelque chose et ce quelque chose aurait \u00e9t\u00e9 interpr\u00e9t\u00e9 comme \u00ab\u00a0n\u2019importe quoi\u00a0\u00bb par un non-professionnel.<\/p>\n<p>Cet objectif est d\u00e9cisif pour les enfants que j\u2019appelle <strong>enfants prioritaires<\/strong>. Ceux que vous n\u2019entendez jamais. En PS parce qu\u2019ils ne sont pas encore apprivois\u00e9s. En MS parce que les enfants \u00e9crans emp\u00eachent de voir les effac\u00e9s. En GS parce qu\u2019ils sont non-francophones, ou primo-arrivants. Bref, il y a bien des raisons pour un enfant de se taire en classe. Vous devez donc dire aux enfants qu\u2019\u00e0 l\u2019\u00e9cole ils peuvent parler et que vous, vous \u00eates l\u00e0 pour les \u00e9couter, que c\u2019est tr\u00e8s important pour eux et pour vous.<\/p>\n<p>Vous devez aussi l\u2019expliquer aux enfants regroup\u00e9s pour que tous le sachent. Ils comprendront mieux ainsi ce qui fait que vous prenez X, Y et Z chaque matin avec un livre pendant 10 minutes. Parce que vous pouvez l\u2019expliquer au groupe\u00a0: <em>\u00ab\u00a0je les aide parce que pour l\u2019instant, ils n\u2019osent pas parler devant tout le monde. Mais \u00e7a va venir<\/em>.\u00a0\u00bb Du coup c\u2019est le groupe entier qui applaudira quand la prise de parole aura lieu.<\/p>\n<p>Vous devez \u00e9couter les enfants prioritaires plus que les autres, vous devez rebondir systematiquement sur leurs essais langagiers, vous devez demander au groupe-classe de vous aider pour que X et Y se mettent \u00e0 parler. Ce doit \u00eatre le challenge de la classe. Conseil\u00a0: \u00e0 partir de la MS prenez les enfants prioritaires chaque matin \u00e0 l\u2019accueil avec un livre qu\u2019ils choisissent eux-m\u00eames. Sans rien leur demander. En regardant seulement les images (attention conjointe) et en discutant de ce qu\u2019ils voient et disent.<\/p>\n<p>Et faites tr\u00e8s attention de n\u2019adresser publiquement que des valorisations \u00e0 ces enfants\u00a0:<br \/>\n\u00ab\u00a0<em>Les enseignants ont trop peu conscience de ce pouvoir qui leur est donn\u00e9\u00a0: \u2026il est tr\u00e8s \u00e9tonnant de constater \u00e0 quel point ils sous-estiment l\u2019effet de leur personne et surestiment la transmission de leurs connaissances. Beaucoup d\u2019enfants, vraiment beaucoup, expliquent en psychoth\u00e9rapie \u00e0 quel point un enseignant a modifi\u00e9 la trajectoire de leur existence par une simple attitude ou une phrase, anodine pour l\u2019adulte mais bouleversante pour le petit<\/em>\u00a0\u00bb.<\/p>\n<p>Boris Cyrulnik, Le murmure des fant\u00f4mes, Odile Jacob, 2003<\/p>\n<p>A la moindre prise de parole, vous f\u00e9licitez publiquement l\u2019enfant et vous \u00e9crivez l\u2019exploit dans le carnet, devant l\u2019enfant. Je vous renvoie \u00e0 ce que j\u2019\u00e9voque, dans mon livre, pour cr\u00e9er les conditions d\u2019une prise de parole sans danger pour tous les enfants. Il faut notamment jouer sur le pouvoir du groupe et jouer sur les affinit\u00e9s entre enfants. On est dans le langage, et donc dans la relation.<\/p>\n<p>Pour ce qui est du contenu de l\u2019acte langagier, peu importe, ce n\u2019est pas \u00e7a que vous jugez. L\u2019important est que cet acte ait lieu. Des choses simples\u00a0: regardez les enfants quand ils jouent et n\u2019oubliez pas de les mettre \u00e0 plusieurs dans les <strong>coins-jeux<\/strong> en leur disant \u00ab\u00a0<em>X et Y vous allez au coin d\u00eenette pour parler de mieux en mieux<\/em>\u00a0\u00bb. Mettez-vous en <strong>attention conjointe<\/strong> sur une activit\u00e9 avec un ou 2 petits parleurs et commentez ce que vous faites (les yeux sont sur l\u2019objet de l\u2019activit\u00e9, pas en face \u00e0 face).<br \/>\nEnfin, encouragez-les \u00e0 prendre votre chaise pour <strong>dire qq chose au groupe<\/strong>. M\u00eame une comptine qu\u2019on n\u2019entend pas. Ce sera un exploit que vous garderez parce que ce n\u2019est pas rien.<br \/>\nEt n\u2019oubliez pas\u00a0: un enfant petit parleur n\u2019est pas du tout un enfant en difficult\u00e9. Il n\u2019a pas encore trouv\u00e9 sa place dans la classe. A vous de lui en donner une.<\/p>\n<p><strong>La s\u00e9curit\u00e9 n\u00e9cessaire<\/strong><\/p>\n<p>L&rsquo;objectif 1 s&rsquo;intitule \u00ab\u00a0oser entrer en communication\u00a0\u00bb parce qu&rsquo;\u00e0 l&rsquo; \u00e9cole, et dans l&rsquo;\u00e9cole dans une classe, rien n&rsquo;est familier a priori pour un enfant qui arrive. C&rsquo;est pourquoi j&rsquo;insiste beaucoup sur tout ce que peut faire un enseignant pour \u00ab\u00a0apprivoiser\u00a0\u00bb les enfants \u00e0 ce milieu de vie (pages 76-88).<\/p>\n<p><strong>La prise de risque<\/strong><\/p>\n<p>L&rsquo;objectif 1 s&rsquo;intitule \u00ab\u00a0oser entrer en communication\u00a0\u00bb \u00e9galement parce que les enfants ont tr\u00e8s t\u00f4t une sorte de pr\u00e9-conscience du fait qu&rsquo;ils ne peuvent pas parler comme les adultes. Il leur faut donc prendre des risques en osant dire, avec leurs moyens.<br \/>\nVoici des \u00e9tapes d&rsquo;une sc\u00e8ne de vie entre Ana\u00e9 et sa maman.<\/p>\n<p>La maman lit et commente un livre. Elle dit: <em>il aime bien les \u00e9chantillons que ram\u00e8ne maman. Je connais quelqu&rsquo;un qui aime bien \u00e7a aussi?\u00a0<\/em>\u00a0et elle sourit.<br \/>\nLa fillette comprend le sous-entendu, sourit et quand sa m\u00e8re lui demande:\u00a0<em>c&rsquo;est pas toi \u00a0la petite fille qui aime ce que je ram\u00e8ne de voyage?\u00a0<\/em>, elle r\u00e9pond: <em>non, non, non<\/em>\u00a0en riant.<br \/>\nPuis la maman \u00e9voque l&rsquo;enfant du livre qui aime surtout les petites bouteilles de parfum. Ana\u00e9 est tr\u00e8s attentive. M\u00e8re et fille sont en attention conjointe.<\/p>\n<p><img decoding=\"async\" loading=\"lazy\" class=\"alignnone wp-image-142 \" src=\"http:\/\/mireillebrigaudiot.info\/wp-content\/uploads\/2015\/12\/001.jpg\" alt=\"001\" width=\"400\" height=\"293\" \/><\/p>\n<p>Lorsque sa m\u00e8re lui demande: <em>t&rsquo;aimes bien les parfums?\u00a0<\/em>, les interlocutrices se regardent; elles \u00ab\u00a0quittent\u00a0\u00bb le livre momentan\u00e9ment. On est dans du face \u00e0 face. Ana\u00e9 \u00e9coute sa m\u00e8re et r\u00e9fl\u00e9chit. Elle h\u00e9site dans sa r\u00e9ponse: <em>heu, heu\u00a0<\/em>.<\/p>\n<p><img decoding=\"async\" loading=\"lazy\" class=\"alignnone wp-image-143\" src=\"http:\/\/mireillebrigaudiot.info\/wp-content\/uploads\/2015\/12\/002-300x169.jpg\" alt=\"002\" width=\"400\" height=\"193\" \/><\/p>\n<p>Au bout d&rsquo;un moment elle pointe l&rsquo;enfant du livre: elle \u00ab\u00a0repasse\u00a0\u00bb du monde de ses propres exp\u00e9riences au monde de la fiction. Elle s&rsquo;\u00e9crie <em>ah!!<\/em>\u00a0en pointant l&rsquo;enfant, comme si tout s&rsquo;\u00e9clairait. Elle a compris que cet enfant du livre utilise l&rsquo;\u00e9chantillon de parfum, comme elle le fait parfois.<\/p>\n<p><img decoding=\"async\" loading=\"lazy\" class=\"alignnone wp-image-145\" src=\"http:\/\/mireillebrigaudiot.info\/wp-content\/uploads\/2015\/12\/003-300x169.jpg\" alt=\"003\" width=\"400\" height=\"196\" \/><\/p>\n<p>Faisant le lien entre sa vie et celle de l&rsquo;enfant du livre, elle commente ensuite \u00a0et dit quelque chose \u00e0 sa m\u00e8re: <em>xxxx<\/em>. Sauf que c&rsquo;est incompr\u00e9hensible. La maman\u00a0lui demande gentiment de le redire, par deux fois. Mais c&rsquo;est toujours un \u00e9chec. Ana\u00e9 va alors essayer autre chose, qu&rsquo;on voit ci-dessous.<\/p>\n<p><img decoding=\"async\" loading=\"lazy\" class=\"alignnone wp-image-146\" src=\"http:\/\/mireillebrigaudiot.info\/wp-content\/uploads\/2015\/12\/004-300x169.jpg\" alt=\"004\" width=\"400\" height=\"192\" \/><\/p>\n<p>Elle montre une zone de son corps en disant <em>l\u00e0!\u00a0<\/em>. Et la maman, ne comprenant toujours pas, elle tourne la page. Or en regardant maintes fois la vid\u00e9o, on s&rsquo;aper\u00e7oit que la fillette montre son corps apr\u00e8s avoir entendu de sa maman:\u00a0<em>moi aussi\u00a0je te mets du parfum dans le cou!<\/em>. On peut donc interpr\u00e9ter le geste d&rsquo;Ana\u00e9: elle montre son cou! Et elle est en train de construire son sch\u00e9ma corporel.<br \/>\nCette analyse montre \u00e0 quel point une communication entre un adulte et un jeune enfant n\u00e9cessite de l&rsquo;attention chez les interlocuteurs et de l&rsquo;expertise en interpr\u00e9tation chez l&rsquo;adulte. A partir du moment o\u00f9 un enfant \u00ab\u00a0ose parler\u00a0\u00bb \u00e0 l&rsquo;\u00e9cole, un ma\u00eetre doit \u00eatre rassur\u00e9. M\u00eame s&rsquo;il ne comprend pas tout ce que dit cet enfant.<\/p>\n<p>Cela fait dire \u00e0 Laurent Danon-Boileau: <em>L&rsquo;\u00e9change adulte &#8211; enfant n&rsquo;est pas un apport d&rsquo;informations, c&rsquo;est un partage de repr\u00e9sentations autour d&rsquo;un affect\u00a0<\/em>.<\/p>\n<p>&#8212;&#8212;&#8212;&#8212;&#8212;&#8212;&#8212;&#8212;&#8212;&#8212;&#8212;&#8212;&#8212;<\/p>\n<p><strong>Premiers r\u00e9cits<\/strong><\/p>\n<p>Commen\u00e7ons par l&rsquo;exploit de Lucas, 2 ans 4 mois (page 84) qui reconna\u00eet, raconte, parle, commente son livre pr\u00e9f\u00e9r\u00e9.<br \/>\n<iframe loading=\"lazy\" src=\"https:\/\/www.youtube.com\/embed\/oZEuQi-dx04\" width=\"600\" height=\"450\" frameborder=\"0\" allowfullscreen=\"allowfullscreen\"><\/iframe><\/p>\n<p>\u00e0 suivre<\/p>\n","protected":false},"excerpt":{"rendered":"<p>Contours de la question Les verbes OSER et COMMUNIQUER indiquent qu\u2019il s\u2019agit d\u2019un objectif de pr\u00e9vention. C\u2019est la premi\u00e8re fois qu\u2019il y en a un dans le Programme maternelle. Pr\u00e9ventif veut dire que c\u2019est un peu l\u2019inverse des performances qu\u2019on attend depuis des ann\u00e9es. C\u2019est une case d\u00e9part, un premier pas, mais indispensable si on &hellip; <a href=\"https:\/\/mireillebrigaudiot.info\/index.php\/les-objectifs-de-1-a-9\/objectif-1\/\" class=\"more-link\">Continuer la lecture de <span class=\"screen-reader-text\">Objectif 1<\/span><\/a><\/p>\n","protected":false},"author":1,"featured_media":0,"parent":9,"menu_order":0,"comment_status":"closed","ping_status":"closed","template":"","meta":[],"_links":{"self":[{"href":"https:\/\/mireillebrigaudiot.info\/index.php\/wp-json\/wp\/v2\/pages\/37"}],"collection":[{"href":"https:\/\/mireillebrigaudiot.info\/index.php\/wp-json\/wp\/v2\/pages"}],"about":[{"href":"https:\/\/mireillebrigaudiot.info\/index.php\/wp-json\/wp\/v2\/types\/page"}],"author":[{"embeddable":true,"href":"https:\/\/mireillebrigaudiot.info\/index.php\/wp-json\/wp\/v2\/users\/1"}],"replies":[{"embeddable":true,"href":"https:\/\/mireillebrigaudiot.info\/index.php\/wp-json\/wp\/v2\/comments?post=37"}],"version-history":[{"count":13,"href":"https:\/\/mireillebrigaudiot.info\/index.php\/wp-json\/wp\/v2\/pages\/37\/revisions"}],"predecessor-version":[{"id":2284,"href":"https:\/\/mireillebrigaudiot.info\/index.php\/wp-json\/wp\/v2\/pages\/37\/revisions\/2284"}],"up":[{"embeddable":true,"href":"https:\/\/mireillebrigaudiot.info\/index.php\/wp-json\/wp\/v2\/pages\/9"}],"wp:attachment":[{"href":"https:\/\/mireillebrigaudiot.info\/index.php\/wp-json\/wp\/v2\/media?parent=37"}],"curies":[{"name":"wp","href":"https:\/\/api.w.org\/{rel}","templated":true}]}}