{"id":41,"date":"2015-12-30T15:12:55","date_gmt":"2015-12-30T15:12:55","guid":{"rendered":"http:\/\/mireillebrigaudiot.info\/?page_id=41"},"modified":"2017-02-17T12:20:38","modified_gmt":"2017-02-17T12:20:38","slug":"objectif-4","status":"publish","type":"page","link":"https:\/\/mireillebrigaudiot.info\/index.php\/les-objectifs-de-1-a-9\/objectif-4\/","title":{"rendered":"Objectif 4"},"content":{"rendered":"<p><strong>A propos de \u00ab\u00a0conscience phonologique\u00a0\u00bb<\/strong><\/p>\n<p>On aura vu page 134 toutes les pr\u00e9cautions que je prends pour \u00e9voquer le bienfait de s\u00e9ances syst\u00e9matiques de manipulation d&rsquo;unit\u00e9s sonores. En grand groupe, cet entra\u00eenement\u00a0risque d&rsquo;aggraver les \u00e9carts car il y a les enfants qui ont compris ce jeu et d&rsquo;autres qui essaient d\u00e9sesp\u00e9r\u00e9ment d&rsquo;imiter les pr\u00e9c\u00e9dents avant de se retirer. Par ailleurs, l&rsquo;objectif v\u00e9ritable \u00e9tant la d\u00e9couverte du Principe Alphab\u00e9tique (les lettres codent des sons), ces entra\u00eenements ne recouvrent qu&rsquo;une infime partie du probl\u00e8me. De plus, la notion d&rsquo;entra\u00eenement vient des laboratoires de recherche dans lesquels des enfants (choisis apr\u00e8s des tests de niveau sur diff\u00e9rents plans) sont soumis \u00e0 quelques minutes de r\u00e9ponse \u00e0 des stimuli extr\u00eamement pr\u00e9cis, sans aucune distraction possible, et ce, r\u00e9it\u00e9r\u00e9 sur plusieurs jours. il s&rsquo;agit de protocoles exp\u00e9rimentaux.<\/p>\n<p>J&rsquo;ai donc cherch\u00e9 ce qui, dans la vraie vie, permettait aux enfants de faire ces d\u00e9couvertes sur le sonore \u00ab\u00a0naturellement\u00a0\u00bb. Car ce qui se fait en laboratoire ne ressemble en rien \u00e0 la vraie vie de nos classes.<\/p>\n<p>Voici la r\u00e9ponse.<\/p>\n<p>On sait que jusque vers 2 ans, parfois 3 ans, seul l&rsquo;entourage familier comprend un enfant. Vers 3 ans &#8211; 4 ans, les enfants ne parlent plus \u00ab\u00a0b\u00e9b\u00e9\u00a0\u00bb, un interlocuteur quelconque\u00a0\u00a0peut les comprendre parce qu&rsquo;il entend les \u00e9nonc\u00e9s habituels dans leurs productions. Sauf que. De temps en temps, quelques <strong>mots ou prononciations ne sont pas conformes \u00e0 la langue<\/strong>. L&rsquo;adulte interlocuteur r\u00e9agit alors en donnant la bonne forme linguistique \u00e0 l&rsquo;enfant. Cette situation se r\u00e9p\u00e9tant, ce <strong>feed-back<\/strong> va provoquer chez l&rsquo;enfant une <strong>sorte de conscientisation<\/strong> de ce qu&rsquo;il faut dire et pas dire. Je ne dis pas \u00ab\u00a0conscience\u00a0\u00bb parce qu&rsquo;on n&rsquo;en sait rien. Je dis \u00ab\u00a0sorte de conscientisation\u00a0\u00bb parce qu&rsquo;on a des traces de ce qu&rsquo;il va en faire ensuite. Je vais le montrer dans 2 exemples.<\/p>\n<p style=\"text-align: center;\">EVE<\/p>\n<p>Eve a 3 \u00a0ans 3 mois quand elle part en vacances en voiture, avec sa grand-m\u00e8re. Sur la route, \u00e0 un moment, la mamie dit \u00ab\u00a0regarde! un champ de tournesols, c&rsquo;est beau les tournesols! \u00e7a ressemble \u00e0 des soleils!\u00a0\u00bb. On remarque que la fillette entend 2 fois un nouveau mot, \u00ab\u00a0tournesol\u00a0\u00bb. Avec un appui cognitif comme le font les familles dites favoris\u00e9es(voir l&rsquo;exemple du chausse-pied, page 92): une comparaison entre \u00ab\u00a0tournesol\u00a0\u00bb et \u00ab\u00a0soleil\u00a0\u00bb qui est d\u00e9j\u00e0 un pas vers la morphologie du mot.<\/p>\n<p>Quelques minutes apr\u00e8s, la grand-m\u00e8re et Eve s&rsquo;installent \u00e0 la plage. La fillette demande: \u00ab\u00a0tu peux mettre le tournesol?\u00a0\u00bb. Et la grand-m\u00e8re r\u00e9pond: \u00ab\u00a0ah \u00e7a, \u00e7a s&rsquo;appelle un parasol, c&rsquo;est un mot qui ressemble \u00e0 &lsquo;tournesol&rsquo; tu as raison, c&rsquo;est un parasol\u00a0\u00bb. \u00a0Remarquons ici que dans cette belle nouvelle explication, Eve entend 3 fois des mots qui se ressemblent dans leurs suites sonores.<\/p>\n<p>La grand-m\u00e8re installe le parasol. Eve s&rsquo;approche et dit: \u00ab\u00a0je vais me mettre sous le , heu, heu, pr, je vais me mettre sous le pr\u00e9au\u00a0\u00bb.<\/p>\n<p>Dans ce bel exemple, on voit Eve qui entend, qui retient et qui veut faire quelque chose de ce que lui a appris sa grand-m\u00e8re. Et comme c&rsquo;est difficile, elle h\u00e9site (les \u00ab\u00a0<strong>heu<\/strong>\u00a0\u00bb sont la trace d&rsquo;une <strong>sorte de conscience<\/strong> du fait qu&rsquo;elle sait qu&rsquo;elle peut se tromper) puis choisit un mot dont elle est s\u00fbre du sens (parasol). Elle contourne la difficult\u00e9 en \u00e9vitant le mot. J\u00e9r\u00e9mi Sauvage \u00e9voque les 4 traces de ces premi\u00e8res conscientisations des unit\u00e9s sonores de la langues (L&rsquo;acquisition du langage, un syst\u00e8me complexe, L&rsquo;Harmattan, 2015) : les <strong>h\u00e9sitations<\/strong> (\u00ab\u00a0heu\u00a0\u00bb, arr\u00eats d&rsquo;\u00e9nonciation, voix basse, essais), les <strong>reformulations<\/strong> (m\u00eame mot prononc\u00e9 de diff\u00e9rentes mani\u00e8res dans une m\u00eame s\u00e9ance), les <strong>\u00e9vitements<\/strong> (choix d&rsquo;uatre \u00e9l\u00e9ment linguistique), les <strong>focalisations<\/strong> (question de type \u00ab\u00a0comment \u00e7a s&rsquo;appelle?\u00a0\u00bb, \u00ab\u00a0comment on dit\u00a0\u00bb).<\/p>\n<p>On peut qualifier ces activit\u00e9s de m\u00e9talinguistiques parce que le sujet porte alors sa conscience sur la langue et en parle. Et comme les adultes poursuivent leurs reformulations, les enfants finissent par dire le bon mot et prononcer la mani\u00e8re canonique. Il leur arrive m\u00eame alors de s&rsquo;auto-f\u00e9liciter, ce qui nous ram\u00e8ne \u00e0 la notion d&rsquo;exploit (cf. Bravo).<\/p>\n<p style=\"text-align: center;\">ALBANE<\/p>\n<p style=\"text-align: left;\">Dans l&rsquo;exemple de J. Sauvage, Albane a 2 ans 8 mois quand elle joue avec lui et prononce le mot \u00ab\u00a0tracteur\u00a0\u00bb successivement \u00ab\u00a0tacteur\u00a0\u00bb et \u00ab\u00a0tateur\u00a0\u00bb. L&rsquo;adulte donne chaque fois la bonne prononciation. Et voici un extrait d&rsquo;une discussion \u00e0 3 ans 2 mois, soit 5 mois apr\u00e8s (Sauvage 2015, page 109).<\/p>\n<p style=\"text-align: left;\">\u00a0 \u00a0 Albane &#8211; <em>on va jouer aux Playmobiles<\/em><br \/>\nAdulte\u00a0&#8211; <em>on joue \u00e0 \u00e7a? c&rsquo;est quoi \u00e7a?<br \/>\n<\/em>\u00a0 \u00a0Albane &#8211; (chuchote) <em>un kracteur<br \/>\n<\/em>Adulte &#8211; <em>un quoi?<br \/>\n<\/em>\u00a0 \u00a0Albane &#8211; (chuchote) <em>racteur<br \/>\n<\/em>Adulte &#8211; <em>j&rsquo;entends pas ce que tu dis<br \/>\n<\/em>\u00a0 \u00a0Albane &#8211; <em>racteur!<br \/>\n<\/em>Adulte &#8211; <em>parle-moi normalement&#8230; \u00e7a c&rsquo;est quoi?<br \/>\n<\/em>\u00a0 \u00a0Albane &#8211; (montre autre chose) <em>une balan\u00e7oire!<\/em><\/p>\n<p style=\"text-align: left;\">On a ici h\u00e9sitations successives puis \u00e9vitement. Ainsi, toutes ces activit\u00e9s sont des formes de conscience phonologiques qui vont permettre \u00e0 un enfant, \u00e0 terme, de stabiliser une prononciation.<\/p>\n<p style=\"text-align: left;\">Dans ces 2 exemples, on voit des enfants travailler sur des petites unit\u00e9s de la langue. Je fais le pari que c&rsquo;est cette app\u00e9tence \u00e0 s&rsquo;int\u00e9resser \u00e0 des signes \u00ab\u00a0morts\u00a0\u00bb (un morph\u00e8me ne veut rien dire tout seul) qui est d\u00e9cisive parce qu&rsquo;elle va leur donner le go\u00fbt de jouer avec les mots, les morceaux de mots, les sons.<\/p>\n<p style=\"text-align: left;\">Conclusion: les renvois des adultes sont d\u00e9cisifs et en acquisition du langage, il faut toujours du temps.<\/p>\n<p style=\"text-align: center;\"><strong>Exemple de r\u00e9sultat en \u00ab\u00a0<a href=\"http:\/\/mireillebrigaudiot.info\/index.php\/les-classes-de-la-tps-a-la-gs\/en-gs\/\">conscience phonologique<\/a>\u00a0\u00bb dans une classe REP qui a remplac\u00e9 la progression phono par la verbalisation du ma\u00eetre<br \/>\n<\/strong><strong>et le sc\u00e9nario <a href=\"http:\/\/mireillebrigaudiot.info\/index.php\/les-classes-de-la-tps-a-la-gs\/en-gs\/\">classe fictive<\/a><\/strong><\/p>\n<p style=\"text-align: left;\">Evaluation men\u00e9e par le m\u00e9decin scolaire attach\u00e9 \u00e0 l&rsquo;\u00e9cole.<\/p>\n<p>R\u00e9sultats \u00e9valuation phonologique du m\u00e9decin scolaire pour 15 GS REP, au mois d\u2019avril<\/p>\n<table>\n<tbody>\n<tr>\n<td width=\"114\">Enfants<\/td>\n<td width=\"131\">Comptage de syllabes \/5<\/td>\n<td width=\"137\">Segmentation \/10<\/td>\n<td width=\"124\">Rimes<br \/>\n\/8<\/td>\n<td width=\"113\">Total<br \/>\n\/23<\/td>\n<\/tr>\n<tr>\n<td width=\"114\">A<\/td>\n<td width=\"131\">5<\/td>\n<td width=\"137\">10<\/td>\n<td width=\"124\">4<\/td>\n<td width=\"113\">19<\/td>\n<\/tr>\n<tr>\n<td width=\"114\">B<\/td>\n<td width=\"131\">5<\/td>\n<td width=\"137\">10<\/td>\n<td width=\"124\">4<\/td>\n<td width=\"113\">19<\/td>\n<\/tr>\n<tr>\n<td width=\"114\">C<\/td>\n<td width=\"131\">5<\/td>\n<td width=\"137\">9<\/td>\n<td width=\"124\">7<\/td>\n<td width=\"113\">21<\/td>\n<\/tr>\n<tr>\n<td width=\"114\">D<\/td>\n<td width=\"131\">5<\/td>\n<td width=\"137\">5<\/td>\n<td width=\"124\">1<\/td>\n<td width=\"113\">11<\/td>\n<\/tr>\n<tr>\n<td width=\"114\">E<\/td>\n<td width=\"131\">5<\/td>\n<td width=\"137\">10<\/td>\n<td width=\"124\">8<\/td>\n<td width=\"113\">23<\/td>\n<\/tr>\n<tr>\n<td width=\"114\">F<\/td>\n<td width=\"131\">5<\/td>\n<td width=\"137\">9<\/td>\n<td width=\"124\">7<\/td>\n<td width=\"113\">21<\/td>\n<\/tr>\n<tr>\n<td width=\"114\">G<\/td>\n<td width=\"131\">5<\/td>\n<td width=\"137\">10<\/td>\n<td width=\"124\">6<\/td>\n<td width=\"113\">21<\/td>\n<\/tr>\n<tr>\n<td width=\"114\">H<\/td>\n<td width=\"131\">5<\/td>\n<td width=\"137\">10<\/td>\n<td width=\"124\">6<\/td>\n<td width=\"113\">21<\/td>\n<\/tr>\n<tr>\n<td width=\"114\">I<\/td>\n<td width=\"131\">5<\/td>\n<td width=\"137\">10<\/td>\n<td width=\"124\">8<\/td>\n<td width=\"113\">23<\/td>\n<\/tr>\n<tr>\n<td width=\"114\">J<\/td>\n<td width=\"131\">5<\/td>\n<td width=\"137\">10<\/td>\n<td width=\"124\">8<\/td>\n<td width=\"113\">23<\/td>\n<\/tr>\n<tr>\n<td width=\"114\">K<\/td>\n<td width=\"131\">5<\/td>\n<td width=\"137\">0<\/td>\n<td width=\"124\">0<\/td>\n<td width=\"113\">5<\/td>\n<\/tr>\n<tr>\n<td width=\"114\">L<\/td>\n<td width=\"131\">5<\/td>\n<td width=\"137\">9<\/td>\n<td width=\"124\">4<\/td>\n<td width=\"113\">18<\/td>\n<\/tr>\n<tr>\n<td width=\"114\">M<\/td>\n<td width=\"131\">5<\/td>\n<td width=\"137\">10<\/td>\n<td width=\"124\">8<\/td>\n<td width=\"113\">23<\/td>\n<\/tr>\n<tr>\n<td width=\"114\">N<\/td>\n<td width=\"131\">5<\/td>\n<td width=\"137\">7<\/td>\n<td width=\"124\">3<\/td>\n<td width=\"113\">15<\/td>\n<\/tr>\n<tr>\n<td width=\"114\">O<\/td>\n<td width=\"131\">5<\/td>\n<td width=\"137\">9<\/td>\n<td width=\"124\">5<\/td>\n<td width=\"113\">19<\/td>\n<\/tr>\n<\/tbody>\n<\/table>\n<p>Enfant K n\u2019a pas pu \u00eatre \u00e9valu\u00e9e en segmentation et rimes\u00a0: pb de langue trop important.Les moyennes sont les suivantes\u00a0:<br \/>\n17\/23 pour les enfants de 5 ans<br \/>\n18\/23 pour les enfants de 5 ans et 6 mois<\/p>\n<p>Ces excellents r\u00e9sultats montrent que les \u00e9preuves de \u00ab\u00a0conscience phonologique\u00a0\u00bb sont globalement r\u00e9ussies sans entra\u00eenement sp\u00e9cifiquement phono. <strong><span style=\"color: #ff0000;\">Les enfants construisent simultan\u00e9ment leurs habilet\u00e9s phonos, leurs savoirs sur les lettres ET la d\u00e9couverte du principe alphab\u00e9tique.<\/span><\/strong><\/p>\n<p style=\"text-align: left;\">\n","protected":false},"excerpt":{"rendered":"<p>A propos de \u00ab\u00a0conscience phonologique\u00a0\u00bb On aura vu page 134 toutes les pr\u00e9cautions que je prends pour \u00e9voquer le bienfait de s\u00e9ances syst\u00e9matiques de manipulation d&rsquo;unit\u00e9s sonores. En grand groupe, cet entra\u00eenement\u00a0risque d&rsquo;aggraver les \u00e9carts car il y a les enfants qui ont compris ce jeu et d&rsquo;autres qui essaient d\u00e9sesp\u00e9r\u00e9ment d&rsquo;imiter les pr\u00e9c\u00e9dents avant &hellip; <a href=\"https:\/\/mireillebrigaudiot.info\/index.php\/les-objectifs-de-1-a-9\/objectif-4\/\" class=\"more-link\">Continuer la lecture de <span class=\"screen-reader-text\">Objectif 4<\/span><\/a><\/p>\n","protected":false},"author":1,"featured_media":0,"parent":9,"menu_order":0,"comment_status":"closed","ping_status":"closed","template":"","meta":[],"_links":{"self":[{"href":"https:\/\/mireillebrigaudiot.info\/index.php\/wp-json\/wp\/v2\/pages\/41"}],"collection":[{"href":"https:\/\/mireillebrigaudiot.info\/index.php\/wp-json\/wp\/v2\/pages"}],"about":[{"href":"https:\/\/mireillebrigaudiot.info\/index.php\/wp-json\/wp\/v2\/types\/page"}],"author":[{"embeddable":true,"href":"https:\/\/mireillebrigaudiot.info\/index.php\/wp-json\/wp\/v2\/users\/1"}],"replies":[{"embeddable":true,"href":"https:\/\/mireillebrigaudiot.info\/index.php\/wp-json\/wp\/v2\/comments?post=41"}],"version-history":[{"count":13,"href":"https:\/\/mireillebrigaudiot.info\/index.php\/wp-json\/wp\/v2\/pages\/41\/revisions"}],"predecessor-version":[{"id":353,"href":"https:\/\/mireillebrigaudiot.info\/index.php\/wp-json\/wp\/v2\/pages\/41\/revisions\/353"}],"up":[{"embeddable":true,"href":"https:\/\/mireillebrigaudiot.info\/index.php\/wp-json\/wp\/v2\/pages\/9"}],"wp:attachment":[{"href":"https:\/\/mireillebrigaudiot.info\/index.php\/wp-json\/wp\/v2\/media?parent=41"}],"curies":[{"name":"wp","href":"https:\/\/api.w.org\/{rel}","templated":true}]}}