{"id":43,"date":"2015-12-30T15:13:09","date_gmt":"2015-12-30T15:13:09","guid":{"rendered":"http:\/\/mireillebrigaudiot.info\/?page_id=43"},"modified":"2019-09-02T11:17:50","modified_gmt":"2019-09-02T11:17:50","slug":"objectif-5","status":"publish","type":"page","link":"https:\/\/mireillebrigaudiot.info\/index.php\/les-objectifs-de-1-a-9\/objectif-5\/","title":{"rendered":"Objectif 5"},"content":{"rendered":"<p><strong>Compr\u00e9hension d&rsquo;histoire de fiction<\/strong><\/p>\n<p>Voir pages 119-132 pour la compr\u00e9hension des histoires <strong>racont\u00e9e<\/strong>s, et pages 150 &#8211; 167 pour la compr\u00e9hension des histoires <strong>lues<\/strong>.<br \/>\nDans les deux cas, une \u00e9tape d&rsquo;explication par le ma\u00eetre est n\u00e9cessaire, avant de poser des questions aux enfants! Et parfois, un d\u00e9cor et des objets peuvent \u00e9tayer la compr\u00e9hension.<br \/>\nVoici des jeux o\u00f9 les enfants sont en compr\u00e9hension intense, aux 3 niveaux de la maternelle.<\/p>\n<p>En TPS &#8211; PS<\/p>\n<p>Parfois les objets sont des personnages (marottes) qui parlent \u00e0 la 1\u00b0 personne, ce qui permet aux TPS et PS de comprendre le sc\u00e9nario parce qu&rsquo;il est dit en \u00ab\u00a0langage ordinaire\u00a0\u00bb. On pourra ensuite leur montrer le livre sur lequel ils retrouvent les personnages (les marottes doivent \u00eatre des photocopies couleur du livre afin de faciliter l&rsquo;identification). Lorsque les enfants voient le livre, ils se mettent \u00e0 raconter tout seuls, oralement. C&rsquo;est magique! Il n&rsquo;y a aucune question \u00e0 leur poser. Exemple: alors qu&rsquo;ils ont entendu un cochon dire <span style=\"color: #ff0000;\"><em>moi je vais faire une maison en bois, elle sera plus solide \u00a0<\/em><span style=\"color: #000000;\">(<strong>E1<\/strong>)<\/span><\/span>, ils disent en d\u00e9couvrant l&rsquo;image <span style=\"color: #ff0000;\"><em>\u00e7ui-l\u00e0 i fait en bois\u00a0<\/em><span style=\"color: #000000;\">(<strong>E2<\/strong>)<\/span><\/span>. Ainsi ils changent d&rsquo;\u00e9nonciation (<strong>E1 -&gt; E2<\/strong>).<br \/>\nDans un dernier temps, la ma\u00eetresse annonce qu&rsquo;elle va lire un livre et elle pr\u00e9cise:<em> je ne vous le montre pas parce que vous allez comprendre sans le voir!!<br \/>\n<\/em>Elle lit le titre et chaque page lentement. Certains enfants reconnaissent vite l&rsquo;histoire \u00ab\u00a0c&rsquo;est les cochons!\u00a0\u00bb. La ma\u00eetresse met son doigt sur la bouche: <em>laissez les autres chercher<\/em>. \u00a0Et certains vont mettre longtemps \u00e0 trouver l&rsquo;histoire parce qu&rsquo;ils sont, l\u00e0, en r\u00e9ception d&rsquo;un 3\u00b0 registre \u00e9nonciatif, celui du conte \u00e9crit: \u00ab\u00a0<span style=\"color: #ff0000;\">Le deuxi\u00e8me rencontra un b\u00fbcheron qui portait du bois.<\/span> <span style=\"color: #ff0000;\">Pardon monsieur, pourriez-vous me donner un peu de bois? C&rsquo;est pour me construire une maison<\/span>.\u00a0\u00bb (<strong>E3<\/strong>).<\/p>\n<p>En MS<\/p>\n<p>Les enfants ayant des bases de \u00ab\u00a0th\u00e9ories de l&rsquo;esprit\u00a0\u00bb (voir pages 115-118), on peut leur demander d&rsquo;aider d&rsquo;autres enfants \u00e0 comprendre.<br \/>\nVoici des \u00e9tapes d&rsquo;un travail avec des MS.<\/p>\n<p>La premi\u00e8re annonce magistrale est tr\u00e8s pr\u00e9cise: <em>je vous ai apport\u00e9 le livre des 3 petits cochons que vous connaissez bien, depuis l&rsquo;ann\u00e9e derni\u00e8re. On va d&rsquo;abord la raconter et apr\u00e8s je vous proposerai un travail tr\u00e8s int\u00e9ressant<\/em>.<br \/>\nDiscussion sur l&rsquo;histoire: la ma\u00eetresse n&rsquo;a rien dans les mains. Elle reprend les propositions des enfants, en excluent quelques unes (<em>ah non, dans cette histoire, c&rsquo;est pas un renard<\/em>) et en fin de s\u00e9ance, elle raconte seule l&rsquo;histoire dans sa chronologie. Ce rappel peut \u00eatre fait d&rsquo;abord en atelier avec les enfants prioritaires puis en collectif.<br \/>\nOn v\u00e9rifie la conformit\u00e9 de l&rsquo;histoire est faite avec les illustrations et le texte du livre.<\/p>\n<p>La deuxi\u00e8me \u00e9tape est l&rsquo;annonce du challenge! <em>Vous allez faire une maquette, une construction avec les maisons de l&rsquo;histoire des trois petits cochons. Quand vous aurez fini cette maquette, vous vous entra\u00eenerez \u00e0 raconter l&rsquo;histoire aux petits. On ira dans leur classe et vous leur raconterez l&rsquo;histoire et il faudra qu&rsquo;ils comprennent bien<\/em>.<br \/>\nEvidemment, cette \u00e9tape passionne les enfants. En atelier, ils ont une mission qui correspond \u00e0 illustrer un \u00e9pisode de la narration, sous forme de construction. La ma\u00eetresse ne perd jamais son objectif 5: <em>ah, voil\u00e0 la maison de bois termin\u00e9e, vous pensez qu&rsquo;elle va avant ou apr\u00e8s le travail du groupe maison de briques?<\/em> Il ne s&rsquo;agit pas d&rsquo;une question ferm\u00e9e mais d&rsquo;un questionnement: les enfants doivent r\u00e9fl\u00e9chir, se souvenir que la ma\u00eetresse a expliqu\u00e9 et montr\u00e9 que dans cette histoire, les maisons \u00e9taient de plus en plus solides. C&rsquo;est un facteur pertinent pour la compr\u00e9hension. Ce n&rsquo;est pas une question de simple m\u00e9morisation chronologique.<\/p>\n<p>A la fin du travail de construction de nombreux ateliers ont eu lieu. Les enfants prennent alors les personnages et chacun leur tour, doivent choisir le \u00ab\u00a0bon\u00a0\u00bb d\u00e9cor et raconter le \u00ab\u00a0bon\u00a0\u00bb \u00e9pisode. La pr\u00e9sentation chez les petits sera la conclusion.<br \/>\nTout au long de ce travail, l&rsquo;\u00e9tayage magistral est de type: <em>comment\u00a0vous pourriez mieux expliquer pour que les petits comprennent?<\/em><\/p>\n<p style=\"text-align: center;\"><img decoding=\"async\" loading=\"lazy\" class=\"alignnone size-medium wp-image-98 aligncenter\" src=\"http:\/\/mireillebrigaudiot.info\/wp-content\/uploads\/2016\/01\/3cochons6-300x225.jpg\" alt=\"3cochons6\" width=\"300\" height=\"225\" srcset=\"https:\/\/mireillebrigaudiot.info\/wp-content\/uploads\/2016\/01\/3cochons6-300x225.jpg 300w, https:\/\/mireillebrigaudiot.info\/wp-content\/uploads\/2016\/01\/3cochons6-768x576.jpg 768w, https:\/\/mireillebrigaudiot.info\/wp-content\/uploads\/2016\/01\/3cochons6-1024x768.jpg 1024w, https:\/\/mireillebrigaudiot.info\/wp-content\/uploads\/2016\/01\/3cochons6.jpg 1118w\" sizes=\"(max-width: 300px) 100vw, 300px\" \/>les 3 maisons<\/p>\n<p style=\"text-align: center;\"><img decoding=\"async\" loading=\"lazy\" class=\"alignnone size-medium wp-image-94 aligncenter\" src=\"http:\/\/mireillebrigaudiot.info\/wp-content\/uploads\/2016\/01\/3cochons2-300x227.jpg\" alt=\"3cochons2\" width=\"300\" height=\"227\" srcset=\"https:\/\/mireillebrigaudiot.info\/wp-content\/uploads\/2016\/01\/3cochons2-300x227.jpg 300w, https:\/\/mireillebrigaudiot.info\/wp-content\/uploads\/2016\/01\/3cochons2-768x581.jpg 768w, https:\/\/mireillebrigaudiot.info\/wp-content\/uploads\/2016\/01\/3cochons2.jpg 973w\" sizes=\"(max-width: 300px) 100vw, 300px\" \/>\u00a0maison de bois \u00e9pisode 6<\/p>\n<p style=\"text-align: center;\"><img decoding=\"async\" loading=\"lazy\" class=\"wp-image-96 aligncenter\" src=\"http:\/\/mireillebrigaudiot.info\/wp-content\/uploads\/2016\/01\/3cochons4-300x224.jpg\" alt=\"3cochons4\" width=\"323\" height=\"240\" srcset=\"https:\/\/mireillebrigaudiot.info\/wp-content\/uploads\/2016\/01\/3cochons4-300x224.jpg 300w, https:\/\/mireillebrigaudiot.info\/wp-content\/uploads\/2016\/01\/3cochons4-768x572.jpg 768w, https:\/\/mireillebrigaudiot.info\/wp-content\/uploads\/2016\/01\/3cochons4.jpg 805w\" sizes=\"(max-width: 323px) 100vw, 323px\" \/>maison de briques \u00e9pisode 8<\/p>\n<p style=\"text-align: center;\"><img decoding=\"async\" loading=\"lazy\" class=\"alignnone size-medium wp-image-99 aligncenter\" src=\"http:\/\/mireillebrigaudiot.info\/wp-content\/uploads\/2016\/01\/3cochons7-227x300.jpg\" alt=\"3cochons7\" width=\"227\" height=\"300\" srcset=\"https:\/\/mireillebrigaudiot.info\/wp-content\/uploads\/2016\/01\/3cochons7-227x300.jpg 227w, https:\/\/mireillebrigaudiot.info\/wp-content\/uploads\/2016\/01\/3cochons7.jpg 716w\" sizes=\"(max-width: 227px) 100vw, 227px\" \/>maison de briques \u00e9pisode 9<\/p>\n<p>En GS<\/p>\n<p>En GS, j&rsquo;ai vu maintes fois des <strong>lectures en r\u00e9seau<\/strong>. J&rsquo;ai toujours vu des enfants mal \u00e0 l&rsquo;aise en entendant une histoire qui ressemble \u00e0 du connu, tout en comprenant que ce n&rsquo;est pas celle qu&rsquo;ils connaissent. En effet, si cette pratique de lectures avec mise en r\u00e9seau d&rsquo;oeuvres de litt\u00e9rature jeunesse est particuli\u00e8rement pertinente au coll\u00e8ge et dans les grandes classes d&rsquo;\u00e9l\u00e9mentaire, c&rsquo;est bien diff\u00e9rent en maternelle. Jusqu&rsquo;\u00e0 3 ans et demi, 4 ans, les enfants reconnaissent les histoires essentiellement gr\u00e2ce au support livre illustr\u00e9. Et c&rsquo;est difficile de leur faire \u00e9couter du texte \u00ab\u00a0nu\u00a0\u00bb (sans regarder des images) aussi court et simple soit-il (page 127, le jeu du livre \u00e0 retrouver). A partir de la MS, ils peuvent bien \u00e9couter, mieux comprendre mais l&rsquo;impact affectif qu&rsquo;ont les histoires sur eux est ce qui leur permet le mieux de \u00ab\u00a0classer\u00a0\u00bb les histoires dans leurs t\u00eates: dans <em>Loulou<\/em>, \u00a0ils se souviennent plus facilement du grand-p\u00e8re mort que du fait que ce loup est \u00ab\u00a0gentil\u00a0\u00bb alors que la lecture en r\u00e9seau est traditionnellement bas\u00e9e sur l&rsquo;opposition \u00ab\u00a0loup m\u00e9chant\u00a0\u00bb VS \u00ab\u00a0loup gentil\u00a0\u00bb.<br \/>\nCeci explique ma pr\u00e9f\u00e9rence pour d&rsquo;autres activit\u00e9s, avec \u00e9galement plusieurs livres \u00e0 traiter ensemble. L&rsquo;exemple qui suit a \u00e9t\u00e9 travaill\u00e9 en REP.<\/p>\n<p>D\u00e9marrage: <em>Je vous explique le jeu que j\u2019ai invent\u00e9 pour vous faire travailler. Vous allez fermer les yeux pour pouvoir <strong>bien \u00e9couter<\/strong>. Je vais lire une page d\u2019un livre que vous connaissez bien, mais sans vous le montrer. Vous devez trouver de quelle histoire il s\u2019agit. Mais il ne faut pas le dire\u00a0! Je mettrai les photos de couvertures de livres au tableau. Quand vous penserez que vous avez reconnu l\u2019histoire, vous viendrez \u00e9crire votre nom sur la feuille que vous choisisserez. T<strong>out le monde n&rsquo;aura pas la m\u00eame id\u00e9e, c&rsquo;est normal<\/strong>. On regardera tout \u00e7a apr\u00e8s.<strong> \u00c7a vous apprend \u00e0 bien \u00e9couter et \u00e0 comprendre les histoires. C\u2019est un peu difficile mais vous pouvez tous y arriver.<\/strong><\/em><br \/>\nCe qui est en gras rel\u00e8ve de la <a href=\"http:\/\/mireillebrigaudiot.info\/index.php\/mots-cles\/metacognition\/\">m\u00e9tacognition<\/a>, c&rsquo;est tr\u00e8s important.<br \/>\nIl y a plusieurs lectures successives d&rsquo;une phrase &#8211; cible d&rsquo;une histoire connue \u00e0 l&rsquo;\u00e9crit (elle a \u00e9t\u00e9 racont\u00e9e, expliqu\u00e9e, et lue plusieurs fois dans l&rsquo;ann\u00e9e). Exemple: \u00ab\u00a0mais la vieille femme s&rsquo;\u00e9tait \u00e0 peine recouch\u00e9e qu&rsquo;on cogna une nouvelle fois \u00e0 la porte de la maison\u00a0\u00bb.<\/p>\n<p>Suite du travail: <em>je vais afficher 6 feuilles avec les photocopies des couvertures de 6 histoires que vous connaissez bien. Vous ne dites rien!! Sinon on ne peut pas jouer! Vous regardez et vous cherchez dans votre t\u00eate dans quelle histoire va bien ce que je vous ai lu. Vous avez le temps. Voil\u00e0 la premi\u00e8re.<\/em>\u00a0Et elle affiche <em>La petite poule rousse<\/em> (B. Barton, l&rsquo;\u00e9cole des loisirs), sans parler. Ainsi de suite avec <em>Les trois petits cochons<\/em> (E. Feutamata et E. Kishida, l&rsquo;\u00e9cole des loisirs), <em>A trois on moins froid<\/em> (E. Devernois et M. Gay), <em>Comment la grand-m\u00e8re se fit des amis<\/em> (J. Muzi et A. Guillerey, P\u00e8re Castor), <em>Une soupe au caillou<\/em> (A. Vaugelade, l&rsquo;\u00e9cole des loisirs), <em>Je t&rsquo;ai vu!<\/em> (M. d&rsquo;Allanc\u00e9, l&rsquo;\u00e9cole des loisirs).<br \/>\nDans les 6 histoires, les animaux sont les h\u00e9ros. Dans 4 d&rsquo;entre elles, on frappe \u00e0 la porte. Dans 4 d&rsquo;entre elles, la question de l&rsquo;aide \u00e0 autrui est le noeud de l&rsquo;intrigue. Ainsi, la r\u00e9flexion des enfants va \u00eatre mobilis\u00e9e.<\/p>\n<p>La discussion a lieu une fois que tous les enfants ont \u00ab\u00a0vot\u00e9\u00a0\u00bb. La ma\u00eetresse connaissant les enfants, elle sait quels sont ceux qui r\u00e9pondront sans probl\u00e8me \u00e0 la question <em>comment tu as fait pour choisir cette histoire?<\/em>. Elle commencera donc par les autres enfants, <strong>les prioritaires<\/strong>, afin d&rsquo;interpr\u00e9ter leurs votes et de <strong>leur dire comment ils ont fait<\/strong>, sans leur poser la question.<\/p>\n<p>Exemple:\u00a0<em>alors, J\u00e9r\u00e9my <strong>pense que<\/strong> j\u2019ai lu une page de \u00ab\u00a0la soupe au caillou\u00a0\u00bb. Et \u00e7a pourrait \u00eatre \u00e7a<strong>, je crois que tu l\u2019as choisie parce que <\/strong>tu as entendu qu\u2019un animal frappait \u00e0 la porte.<strong> C\u2019est bien. Mais tu sais que <\/strong>dans \u00ab\u00a0la soupe au caillou\u00a0\u00bb, les animaux tapent \u00e0 la porte de la poule.<strong> Et \u00e9coute bien<\/strong>, \u00ab\u00a0mais la VIEILLE FEMME\u00a0s\u2019\u00e9tait \u00e0 peine recouch\u00e9e qu\u2019on cogna une nouvelle fois \u00e0 la porte de la maison<\/em>\u00a0\u00bb.\u00a0C\u2019est une forme d\u2019\u00e9tayage, passant par une <strong><span style=\"color: #000000;\">m\u00e9tacognition<\/span><\/strong> (avec les termes mis en gras: penser que, choisir parce que, savoir que) .<\/p>\n<p>Il faut arr\u00eater le jeu en relisant la phrase cible dans le livre et en disant <em>vous avez bien travaill\u00e9, tout le monde a essay\u00e9 de comprendre ce que j&rsquo;avais lu et de retrouver l&rsquo;histoire. On rejouera \u00e0 ce jeu.<\/em><\/p>\n<p>Il y a bien d&rsquo;autres fa\u00e7ons de mettre les enfants en r\u00e9flexion. Par exemple, une fois que plusieurs histoires \u00ab\u00a0\u00e0 point commun\u00a0\u00bb (ici avec les histoires o\u00f9 il est question d&rsquo;aide \u00e0 autrui) sont connues des enfants, on peut dire, avec rien dans les mains: <em>je vais demander \u00e0 un enfant d&rsquo;aller chercher dans les livres tous ceux qui parlent d&rsquo;aider quelqu&rsquo;un, de rendre service. Vous r\u00e9fl\u00e9chissez, fermez les yeux. Il faut trouver des histoires o\u00f9 quelqu&rsquo;un aide ou n&rsquo;aide pas un autre personnage<\/em>.<br \/>\nC&rsquo;est typiquement une \u00ab\u00a0lecture en r\u00e9seau\u00a0\u00bb invers\u00e9e: c&rsquo;est l&rsquo;adulte qui donne la cl\u00e9 du r\u00e9seau et ce sont les enfants qui rassemblent les histoires correspondantes, en cherchant dans tout ce qu&rsquo;ils connaissent d\u00e9j\u00e0.<br \/>\n&#8212;&#8212;&#8212;&#8212;&#8212;&#8212;&#8212;&#8212;&#8212;&#8212;&#8212;&#8212;&#8212;&#8212;&#8212;&#8212;&#8212;&#8212;&#8212;&#8212;&#8212;&#8212;&#8212;&#8212;<br \/>\n<strong>Compr\u00e9hension d&rsquo;un r\u00e9cit lu avec TOM<\/strong><\/p>\n<p>Vid\u00e9o: Lucas, 4;04, participe au r\u00e9cit de son grand p\u00e8re et montre sa compr\u00e9hension d&rsquo;une inf\u00e9rence : les 3 animaux sont punis par la poule parce qu&rsquo;ils ne l&rsquo;ont pas aid\u00e9e. Lucas peut penser \u00e0 la pens\u00e9e de la poule: c&rsquo;est une forme de \u00ab\u00a0th\u00e9orie de l&rsquo;esprit\u00a0\u00bb.<br \/>\n<iframe loading=\"lazy\" src=\"https:\/\/www.youtube.com\/embed\/aCytSH48zuk\" width=\"600\" height=\"450\" frameborder=\"0\" allowfullscreen=\"allowfullscreen\"><\/iframe><\/p>\n<p><strong>Retour sur les propositions que je fais pages 152-154 du livre<\/strong><\/p>\n<p>Je ne dis pas que certains livres doivent \u00eatre associ\u00e9s \u00e0 un niveau d&rsquo;\u00e9cole. Il y a un malentendu \u00e0 lever pour ces crit\u00e8res d&rsquo;analyse d&rsquo;albums (personnages-aventures, \u00e9tats mentaux, connaissance du monde, texte \u00e9crit). Ils peuvent servir aux enseignants \u00e0 2 choses: bien conna\u00eetre un livre avant de l&rsquo;utiliser ET, sachant quels sont les \u00e9l\u00e9ments d\u00e9cisifs \u00e0 la compr\u00e9hension et quel est le potentiel d\u00e9veloppemental des enfants de cette classe \u00e0 ce moment de l&rsquo;ann\u00e9e, ils peuvent se pr\u00e9parer \u00e0 souligner certains aspects de l&rsquo;histoire ou au contraire en abandonner d&rsquo;autres. Le corpus qui suit concerne des utilisations de <em>La petite poule rousse<\/em> de Byron Barton (vid\u00e9o pr\u00e9c\u00e9dente). Couvrant les 3 ann\u00e9es de scolarit\u00e9, vous pouvez y voir:<br \/>\n&#8211; les zones de travail que l&rsquo;enseignant privil\u00e9gie, au d\u00e9triment d&rsquo;autres, jug\u00e9es moins pertinentes dans la compr\u00e9hension,<br \/>\n&#8211; l&rsquo;\u00e9volution de Yohann dans son cheminement sur 3 ans.<\/p>\n<p><strong>PS<br \/>\n<\/strong>1<sup>\u00e8re<\/sup> pr\u00e9sentation par M en collectif. Elle commente ORALEMENT en montrant le livre<br \/>\nM1 \u2013(montre couverture) <em>ce livre \/<br \/>\n<\/em>Enfant A\u2013 <em>a cocotte<br \/>\n<\/em>M2 \u2013 oui c\u2019est l\u2019histoire d\u2019une poule<br \/>\nEnfant B- <em>a cocotte<br \/>\n<\/em>M3 \u2013 oui et cette poule a un nom, elle s\u2019appelle la petite poule rousse, rousse \u00e7a veut dire un peu rouge un peu orange c\u2019est sa couleur<br \/>\nYohann1 \u2013 (regarde couverture) <em><strong>et n\u00e9 b\u00e9b\u00e9s<\/strong><br \/>\n<\/em>M4- oui la petite poule rousse a des b\u00e9b\u00e9s. (montre) En voil\u00e0 un, en voil\u00e0 deux, en voil\u00e0 trois. Elle a 3 b\u00e9b\u00e9s.<br \/>\nYohann2 \u2013 <em><strong>moi z\u2019a un<\/strong><br \/>\n<\/em>M5- alors je vais vous raconter son histoire<br \/>\nM6- (montre maison) elle habite l\u00e0, (montre) dans une ferme, (montre) et elle a des amis, \u2026 dit et montre<br \/>\nPlusieurs enfants \u2013 le cochon\u00a0!<br \/>\nM continue en racontant oralement\u00a0: elle demande \u00e0 ses amis de l\u2019aider \u00e0 planter ses graines, elle leur dit \u00ab\u00a0qui veut\u2026\u00a0\u00bb et ils r\u00e9pondent\u00a0: \u00ab\u00a0non non, pas moi\u00a0\u00bb dit le cochon\u2026(ajout de non non)<br \/>\nYohann3- (page 16) <strong><em>et les b\u00e9b\u00e9s<\/em><\/strong><\/p>\n<p>En atelier plusieurs semaines plus tard, 5 enfants<br \/>\nM tourne les pages sans rien dire. Des interventions d\u2019enfants<br \/>\nEnfant 1 \u2013 <em>a cocotte \u00e8 na des b\u00e9b\u00e9s<br \/>\n<\/em>Enfant 2 \u2013 <em>non non pas moi<br \/>\n<\/em>Yohann \u2013 <strong><em>vais donner g\u00e2teau au b\u00e9b\u00e9<br \/>\n<\/em><\/strong>Enfant 3 \u2013 (page 9, illustration de l\u2019eau) <em>y\u2019a des oiseaux<br \/>\n<\/em>M \u2013 <em>ah non ils sont sur l\u2019eau, c\u2019est le dessin de l\u2019eau<\/em><em><br \/>\n<\/em>M lit enfin l\u2019album en regroupement (alternance lecture = livre tourn\u00e9 vers enfants) une fois en mai et une fois en juin. Plusieurs enfants disent \u00ab\u00a0<em>pas moi, dit le \u2026<\/em>\u00a0\u00bb pendant la lecture.<\/p>\n<p><strong>MS<br \/>\n<\/strong>M montre (sans parler) le livre en regroupement en septembre.<br \/>\nEnfant1 \u2013 <em>c\u2019est la poule<\/em>\u00a0!<br \/>\nEnfant2 \u2013 <em>elle veut pas \/ veut pas manger le gateau<br \/>\n<\/em>Enfant3 \u2013 <em>le cochon i veut<br \/>\n<\/em>Yohann1 \u2013 <strong><em>et les b\u00e9b\u00e9s aussi<br \/>\n<\/em><\/strong>Puis M lit et montre en alternance. Grand silence jusqu\u2019\u00e0 la fin.<br \/>\nM1 \u2013 <em>il faut que je vous explique quelque chose. Dans cette histoire, \u00e7a parle de la poule, mais aussi<\/em> \/<br \/>\nYohann2 \u2013 <strong><em>des b\u00e9b\u00e9s<br \/>\n<\/em><\/strong>M2 \u2013 <em>oui Yohann, elle a des b\u00e9b\u00e9s, les b\u00e9b\u00e9s de la poule \u00e7a s\u2019appelle des <strong>poussins<\/strong>, et elle veut leur donner du pain. Mais \u00e7a parle aussi des amis de la poule, le<\/em> \/<br \/>\nEnfantsX, Y, Z \u2013 <em>le cochon, le chat, le cochon, le cochon<br \/>\n<\/em>M3 \u2013 <em>le cochon, le canard, le chat. La poule leur demande tout le temps de l\u2019aider et ils r\u00e9pondent toujours non. Ils sont pas tr\u00e8s gentils. Alors \u00e0 la fin, quand le pain est fabriqu\u00e9, elle leur dit \u00ab\u00a0puisque vous m\u2019avez pas aid\u00e9, je vous donnerai pas de pain\u00a0\u00bb. <strong>C\u2019est \u00e7a cette histoire. Parce que c\u2019est pas tr\u00e8s gentil de pas aider les copains.<\/strong><\/em><\/p>\n<p><strong>GS,<\/strong> novembre<br \/>\nM1 \u2013 <em>Voil\u00e0 une histoire que certains enfants connaissent.<\/em> (montre couverture)<br \/>\nM2- <em>Je vais demander \u00e0 Yohann ce qu\u2019elle raconte cette histoire<br \/>\n<\/em>Yohann1 \u2013 <strong><em>la petite poule et les poussins<\/em><\/strong><br \/>\nM3- <em>oui, la poule et ses poussins, et aussi<\/em>\u2026<br \/>\nYohann2- <strong><em>le cochon<br \/>\n<\/em><\/strong>M4 \u2013 <em>oui\u00a0! c\u2019est bien\u00a0! les amis de la poule<\/em>\u00a0! (montre la page et pointe chacun)<br \/>\nEnfants dont Yohann 6 (disent les 3 noms)<br \/>\nM5 \u2013 <em>et il va se passer quelque chose parce qu\u2019elle veut faire du pain et ses amis<\/em>\u00a0\u2026<br \/>\nYohann3- <strong><em>i disent pas moi<br \/>\n<\/em><\/strong>M6 \u2013 <em>exactement, i veulent pas l\u2019aider. Alors \u00e0 la fin\/<br \/>\n<\/em>Yohann4- <strong><em>elle donne qu\u2019aux poussins<\/em><\/strong><br \/>\nM7 \u2013 <em>bravo Yohann\u00a0! elle va faire comme eux, elle va leur dire non, vous ne mangerez pas de pain parce que vous m\u2019avez pas aid\u00e9e<\/em><\/p>\n<p><em>\u00a0<\/em>En atelier plusieurs semaines plus tard, 5 enfants. M tourne les pages sans parler et laisse les enfants commenter<br \/>\nM1 \u2013 <em>bon, vous avez bien racont\u00e9. Alors je vais vous demander quelque chose de difficile. Il faut bien r\u00e9fl\u00e9chir pour trouver la r\u00e9ponse. Regardez. (montre page 28) le pain est fini. (montre page 29) et quand elle demande aux amis s\u2019ils en veulent ils disent oui. (montre pages 30 et 31) et pourtant elle ne leur en donne pas, c\u2019est seulement pour ses poussins. Alors voil\u00e0 ma question. A votre avis, comment \u00e7a se fait qu\u2019elle ne donne pas de pain \u00e0 ses amis\u00a0?<br \/>\n&#8212;&#8212;&#8212;&#8212;&#8212;&#8212;<br \/>\n<\/em><span style=\"color: #ff0000;\"><strong>Vous remarquerez la question en \u00ab\u00a0\u00e0 votre avis\u00a0\u00bb qui permet de valider tous les essais. Le but n&rsquo;est pas du tout d&rsquo;obtenir la bonne r\u00e9ponse, le but est de faire r\u00e9fl\u00e9chir les enfants.<\/strong><em><br \/>\n<\/em><\/span><\/p>\n<p>&nbsp;<\/p>\n<p><em>\u00a0<\/em><\/p>\n<p>&nbsp;<\/p>\n<p>&nbsp;<\/p>\n","protected":false},"excerpt":{"rendered":"<p>Compr\u00e9hension d&rsquo;histoire de fiction Voir pages 119-132 pour la compr\u00e9hension des histoires racont\u00e9es, et pages 150 &#8211; 167 pour la compr\u00e9hension des histoires lues. Dans les deux cas, une \u00e9tape d&rsquo;explication par le ma\u00eetre est n\u00e9cessaire, avant de poser des questions aux enfants! Et parfois, un d\u00e9cor et des objets peuvent \u00e9tayer la compr\u00e9hension. Voici &hellip; <a href=\"https:\/\/mireillebrigaudiot.info\/index.php\/les-objectifs-de-1-a-9\/objectif-5\/\" class=\"more-link\">Continuer la lecture de <span class=\"screen-reader-text\">Objectif 5<\/span><\/a><\/p>\n","protected":false},"author":1,"featured_media":0,"parent":9,"menu_order":0,"comment_status":"closed","ping_status":"closed","template":"","meta":[],"_links":{"self":[{"href":"https:\/\/mireillebrigaudiot.info\/index.php\/wp-json\/wp\/v2\/pages\/43"}],"collection":[{"href":"https:\/\/mireillebrigaudiot.info\/index.php\/wp-json\/wp\/v2\/pages"}],"about":[{"href":"https:\/\/mireillebrigaudiot.info\/index.php\/wp-json\/wp\/v2\/types\/page"}],"author":[{"embeddable":true,"href":"https:\/\/mireillebrigaudiot.info\/index.php\/wp-json\/wp\/v2\/users\/1"}],"replies":[{"embeddable":true,"href":"https:\/\/mireillebrigaudiot.info\/index.php\/wp-json\/wp\/v2\/comments?post=43"}],"version-history":[{"count":26,"href":"https:\/\/mireillebrigaudiot.info\/index.php\/wp-json\/wp\/v2\/pages\/43\/revisions"}],"predecessor-version":[{"id":634,"href":"https:\/\/mireillebrigaudiot.info\/index.php\/wp-json\/wp\/v2\/pages\/43\/revisions\/634"}],"up":[{"embeddable":true,"href":"https:\/\/mireillebrigaudiot.info\/index.php\/wp-json\/wp\/v2\/pages\/9"}],"wp:attachment":[{"href":"https:\/\/mireillebrigaudiot.info\/index.php\/wp-json\/wp\/v2\/media?parent=43"}],"curies":[{"name":"wp","href":"https:\/\/api.w.org\/{rel}","templated":true}]}}