{"id":70,"date":"2015-12-30T15:17:55","date_gmt":"2015-12-30T15:17:55","guid":{"rendered":"http:\/\/mireillebrigaudiot.info\/?page_id=70"},"modified":"2021-04-24T11:05:58","modified_gmt":"2021-04-24T11:05:58","slug":"courrier-des-lecteurs","status":"publish","type":"page","link":"https:\/\/mireillebrigaudiot.info\/index.php\/actualites\/courrier-des-lecteurs\/","title":{"rendered":"Courrier des lecteurs"},"content":{"rendered":"<p>Sylvie, avec qui j&rsquo;ai travaill\u00e9, va partir en retraite. Elle m&rsquo;\u00e9crit:<br \/>\n<em>Travailler avec toi aura \u00e9t\u00e9 un bonheur. Ton travail a chang\u00e9 ma fa\u00e7on d\u2019 appr\u00e9hender le m\u00e9tier.<\/em><br \/>\n<em>Le 11 Mai, la ferme sera \u00e0 l\u2019\u00e9cole. D\u00e8s <span id=\"OBJ_PREFIX_DWT93_com_zimbra_date\" class=\"Object\"><span id=\"OBJ_PREFIX_DWT94_com_zimbra_date\" class=\"Object\">lundi<\/span><\/span> nous allons pr\u00e9parer cette journ\u00e9e aupr\u00e8s des \u00e9l\u00e8ves. Faire une annonce avec des photos du camion et des enclos&#8230;&#8230;.. devancer les craintes pour mieux les appr\u00e9hender. Conna\u00eetre les images mentales qu\u2019ont nos \u00e9l\u00e8ves sur les animaux de la ferme&#8230;&#8230;<\/em><br \/>\n<em>Et comme tu le disais si bien: donner envie de parler, envie d\u2019apprendre en partant du v\u00e9cu de l\u2019enfant, d\u2019un v\u00e9cu commun sur l\u2019\u00e9cole. Faire \u00e9v\u00e8nement, faire chaque jour entrer une vache dans l\u2019\u00e9cole&#8230;&#8230;.<\/em><br \/>\n<em>J\u2019ai poursuivi ce travail dans l\u2019\u00e9cole o\u00f9 j\u2019ai pris la direction. Tous les coll\u00e8gues auront entendu parler de toi et t\u2019auront lu. Je leur ai toujours dit qu\u2019enseigner en ZEP, RAR, REP est diff\u00e9rent, qu\u2019il nous fallait faire autrement&#8230;..<\/em> &#8212;&#8212;&#8212;&#8212;&#8212;&#8212;&#8212;&#8212;&#8212;&#8212;&#8212;&#8212;&#8212;&#8212;&#8212;&#8212;&#8212;&#8212;&#8212;&#8212;&#8212;&#8212;&#8212;-<br \/>\nOdile rapporte une r\u00e9union de travail\u00a0:<br \/>\n<em>Lors de notre discussion d\u2019\u00e9quipe sur les <strong>carnets de progr\u00e8s<\/strong>, une coll\u00e8gue a dit quelque chose comme: \u00ab ceux qui <strong>ne r\u00e9ussissent jamais<\/strong> rien n\u2019auront jamais rien dans leur carnet de progr\u00e8s\u00bb.<br \/>\n<\/em>M\u00e9lanie \u00e9crit\u00a0:<br \/>\n\u00ab\u00a0<em>Il me reste maintenant \u00e0 \u00eatre plus claire avec mes \u00e9l\u00e8ves sur ce que je constate et sur ce que je fais avec et pour eux. M\u00eame si ce n&rsquo;est pas toujours facile de prendre ce temps parce qu&rsquo;on a l&rsquo;impression que <strong>ce qui compte c&rsquo;est le r\u00e9sultat<\/strong>. Et c&rsquo;est bien souvent ce qu&rsquo;on leur fait croire aussi malheureusement. Mais je vais m&rsquo;attacher \u00e0 changer les choses !!\u00a0\u00bb<\/em><\/p>\n<p>Le noyau dur de ces conversations c\u2019est <strong>\u00ab\u00a0r\u00e9ussir\u00a0\u00bb et \u00ab\u00a0r\u00e9sultat\u00a0\u00bb.<\/strong><br \/>\nPour un adulte quelconque, s\u2019occuper d\u2019un jeune enfant est une affaire de bon sens. L&rsquo;enfant dit et fait des choses qui ne vont pas et on rectifie. Oui, sauf que \u00e7a ne suffit pas. Les mamans (et oui\u00a0! il ne s\u2019agit pas du tout de sexisme, les recherches le montrent) nous l\u2019apprennent\u00a0: ayant leurs enfants un par un, elles LE regarde comme un \u00eatre particulier en d\u00e9veloppement et, en quelque sorte, elles apprennent de lui pour pouvoir lui montrer o\u00f9 il en est par rapport \u00e0 o\u00f9 il va. Donc elles ne font pas QUE rectifier, elles font bien plus\u00a0:<br \/>\nEnfant \u2013 <em>y\u2019a le navion<\/em><br \/>\nMaman \u2013 <em>oui, c\u2019est un avion, on voit l\u2019avion<br \/>\n<\/em>C\u2019est ce que j\u2019ai appel\u00e9 VIP: Valider (oui), Interpr\u00e9ter (il s\u2019est empar\u00e9 du mot \u00ab\u00a0navion\u00a0\u00bb entendu avec la liaison), Poser un \u00e9cart (elle donne 2 formes du mot avec 2 liaisons diff\u00e9rentes).<br \/>\nPour elle, l\u2019enfant a <strong>r\u00e9ussi<\/strong> \u00e0 dire quelque chose de juste puisqu\u2019il s\u2019agit bien d\u2019un avion et qu\u2019il <strong>poss\u00e8de presque<\/strong> la bonne formule. C\u2019est un progr\u00e8s puisque c\u2019est la premi\u00e8re fois qu\u2019il d\u00e9signe cette trace dans le ciel.<\/p>\n<p><span style=\"color: #ff0000;\"><strong>R\u00e9ussir pour un enfant c\u2019est montrer un tout petit plus de quelque chose vers la forme adulte.<\/strong><\/span><\/p>\n<p><strong><span style=\"color: #ff0000;\">Obtenir un r\u00e9sultat pour un enseignant de maternelle c\u2019est faire en sorte qu\u2019un enfant puisse montrer o\u00f9 il en est et qu\u2019il en tire profit<\/span><\/strong>. CE N\u2019EST PAS OBTENIR UNE PERFORMANCE D\u2019ADULTE.<br \/>\nC\u2019est pourquoi il faut une vraie formation aux enseignants, celle qui leur donne des rep\u00e8res du d\u00e9veloppement d\u2019un enfant afin que ceux-ci leur servent de <strong>\u00ab\u00a0grille\u00a0\u00bb d\u2019interpr\u00e9tation permanente<\/strong>. Toute la magie des interactions ma\u00eetre-\u00e9l\u00e8ve en maternelle est l\u00e0. C\u2019est du grand professionnalisme.<\/p>\n<p>Apprendre n&rsquo;est pas r\u00e9ussir, apprendre c&rsquo;est progresser. Le <a href=\"http:\/\/mireillebrigaudiot.info\/index.php\/mots-cles\/bravo\/\">carnet de suivi<\/a> est un bel outil pour le d\u00e9montrer.<\/p>\n<p><span style=\"font-family: Calibri;\">&#8212;&#8212;&#8212;&#8212;&#8212;&#8212;&#8212;&#8212;&#8212;&#8212;&#8212;&#8212;&#8212;&#8212;&#8212;&#8212;&#8212;&#8212;&#8212;&#8212;&#8212;&#8212;&#8212;&#8212;&#8212;&#8212;&#8212;&#8212;&#8212;&#8212;&#8212;&#8212;&#8212;&#8212;&#8212;&#8212;&#8212;&#8212;&#8212;&#8212;<\/span><\/p>\n<p><span style=\"font-family: Calibri;\">Bonjour madame BRIGAUDIOT,<br \/>\nJe vous ai parfois \u00e9crit, beaucoup lue et \u00e9cout\u00e9e et je me suis beaucoup inspir\u00e9 de vos travaux pour l&rsquo;oral et l&rsquo;\u00e9crit en maternelle, savoirs et pratiques que je mets aussi au service des cycles 2 et 3&#8230; Si je vous \u00e9cris, c&rsquo;est que je suis formateur depuis 7 ans et conseiller p\u00e9dagogique depuis 3 ans et qu&rsquo;<span id=\"OBJ_PREFIX_DWT122_com_zimbra_date\" class=\"Object\">aujourd&rsquo;hui<\/span> mon institution me contraint \u00e0 \u00e9couter un prof en sciences du langage qui dit \u00e0 peu pr\u00e8s exactement le contraire de ce que vous avez toujours dit. Il me semble tellement d\u00e9connect\u00e9 du terrain&#8230; il n&rsquo;y a pas de lien, que des principes \u00e9num\u00e9r\u00e9s hors sol. Et j&rsquo;ai pens\u00e9 \u00e0 vous. Je ne relaierai pas son propos qui s&rsquo;appuie vaguement sur une morale qui sent la naphtaline et surtout qui ne prend en compte que les bons \u00e9l\u00e8ves&#8230; Bref, je pense \u00e0 vous et \u00e0 ce que vous diriez en entendant \u00e7a. Alors pour passer un peu le temps en attendant la fin de cette maudite r\u00e9union, je vous \u00e9cris.<br \/>\nBien \u00e0 vous<\/span><\/p>\n<p>&#8212;&#8212;&#8212;&#8212;&#8212;&#8212;&#8212;&#8212;&#8212;&#8212;&#8212;&#8212;&#8212;&#8212;&#8212;&#8212;&#8212;&#8212;&#8212;&#8212;&#8212;&#8212;&#8212;&#8212;-<br \/>\nBonjour Mireille,<br \/>\nJ&rsquo;ai \u00e9t\u00e9 une de vos \u00e9l\u00e8ves en 2002\/2003 \u00e0 l&rsquo;IUFM d&rsquo; Anthony. Tr\u00e8s int\u00e9ress\u00e9e par vos travaux d\u00e8s le d\u00e9part, et m\u00eame passionn\u00e9e par vos cours. J&rsquo;ai suivi vos travaux \u00e0 distance, tentant de mettre en \u0153uvre en classe petit \u00e0 petit. Avec la sortie de votre ouvrage en 2015, j&rsquo;ai pr\u00e9cis\u00e9 ma pratique pour tenter d&rsquo;\u00eatre dans la ZPD de mes \u00e9l\u00e8ves prioritaires. Tenter d&rsquo;y parvenir, quel long chemin ! La classe invent\u00e9e a \u00e9t\u00e9 une r\u00e9v\u00e9lation, j&rsquo;ai compris que l&rsquo;encodage de syllabes \u00e9tait une entr\u00e9e porteuse et m\u00eame d\u00e9clenchante\u00a0 pour l&rsquo;entr\u00e9e des \u00e9l\u00e8ves prioritaires dans le principe alphab\u00e9tique. Cela donne aux \u00e9l\u00e8ves du sens pour l&rsquo;acquisition d&rsquo;un capital de lettres. Quand on sait que l&rsquo;identification des lettres associ\u00e9e \u00e0 leur trac\u00e9, conna\u00eetre le bruit qu&rsquo;elle font et les premiers essais d&rsquo;encodage sont des pr\u00e9dicteurs forts de l&rsquo;entr\u00e9e dans la lecture, il m&rsquo; a sembl\u00e9 essentiel de porter cette activit\u00e9.<br \/>\nConseill\u00e8re p\u00e9dagogique \u00e0 X, et maintenant IEN pr\u00e9-\u00e9l\u00e9mentaire sur le d\u00e9partement de X,\u00a0 je continue de porter vos travaux au quotidien lors de mes visites en classe, en formation continue, en conseil d&rsquo;IEN et en groupes de travail d\u00e9partemental sur la liaison GS\/CP, les dispositifs d\u00e9doubl\u00e9s cycle 1 et cycle 2, les fondamentaux&#8230;<\/p>\n<p>&#8212;&#8212;&#8212;&#8212;&#8212;&#8212;&#8212;&#8212;&#8212;&#8212;&#8212;&#8212;&#8212;&#8212;&#8212;&#8212;&#8212;&#8212;&#8212;&#8212;&#8212;&#8212;&#8212;&#8212;&#8212;-<\/p>\n<p><em>Je suis conseill\u00e8re p\u00e9dagogique en maternelle depuis 10 ans et je travaille \u00e0 partir de vos recommandations. J&rsquo;ai r\u00e9cemment d\u00e9couvert 2 de vos conf\u00e9rences, en ligne, qui m&rsquo;ont bien aid\u00e9e \u00e0 tout \u00ab\u00a0recaler\u00a0\u00bb.<\/em><br \/>\n<em>Sur l&rsquo;oral, contrairement \u00e0 son titre:<\/em><\/p>\n<p><span style=\"color: #0000ff;\">https:\/\/mediacenter.univ-lyon1.fr\/channels\/ESPE\/media\/MEDIA180409113601843<\/span><\/p>\n<p><em>Sur l&rsquo;\u00e9crit:<\/em><\/p>\n<p><span style=\"color: #0000ff;\">https:\/\/mediacenter.univ-lyon1.fr\/channelcatmedia\/24\/MEDIA171115103439382<\/span><br \/>\nDani\u00e8le<\/p>\n<p>&#8212;&#8212;&#8212;&#8212;&#8212;&#8212;&#8212;&#8212;&#8212;&#8212;&#8212;&#8212;&#8212;&#8212;&#8212;&#8212;&#8212;&#8212;&#8212;&#8212;&#8212;&#8212;&#8212;&#8212;<\/p>\n<p><em>Je suis PES\u00a0 dans une \u00e9cole maternelle en REP deux jours par semaine. Je me permets de vous \u00e9crire car j&rsquo;aimerais vous remercier pour vos ouvrages qui m&rsquo;ont \u00e9norm\u00e9ment apport\u00e9 autant au niveau professionnel que personnel. J&rsquo;ai travaill\u00e9 pendant des ann\u00e9es en tant qu&rsquo;ATSEM et au cours de toutes ces ann\u00e9es, je n&rsquo;est jamais vu d&rsquo;enseignant travailler la grande histoire, la compr\u00e9hension et toutes ces pratiques que vous proposez et que\u00a0je trouve passionnantes. Je suis arriv\u00e9e dans ce m\u00e9tier en pensant savoir ce qu&rsquo;\u00e9tait l&rsquo;\u00e9cole maternelle.. En lisant vos livres, j&rsquo;ai compris que je ne savais rien et que j&rsquo;avais un r\u00f4le important \u00e0 jouer dans la vie de ces enfants et que je ne pouvais pas louper ce rendez-vous tellement important.\u00a0J&rsquo;ai commenc\u00e9 la grande histoire, cela n&rsquo;a pas \u00e9t\u00e9 simple\u00a0mais j&rsquo;ai senti que quelque chose \u00e9tait en train de se jouer et c&rsquo;est pour \u00e7a que j&rsquo;ai choisi ce m\u00e9tier.\u00a0Je\u00a0vous remercie\u00a0encore et j&rsquo;esp\u00e8re vous lire une fois de plus.<br \/>\n<\/em>El\u00e9onore de Paris<br \/>\n&#8212;&#8212;&#8212;&#8212;&#8212;&#8212;&#8212;&#8212;&#8212;&#8212;&#8212;&#8212;&#8212;&#8212;&#8212;&#8212;&#8212;&#8212;&#8212;&#8212;&#8211;<\/p>\n<p><em>Cette ann\u00e9e j\u2019ai une classe de 24 \u00e9l\u00e8ves 5 PS, 10 MS et 9 MS. Ce sont les \u00e9l\u00e8ves que j\u2019avais l\u2019an pass\u00e9 , except\u00e9s les 5 PS et 1 GS. Je me suis lanc\u00e9e dans l\u2019\u00e9criture en cursive devant chaque PS d\u00e8s la rentr\u00e9e, un grand moment solennel. J\u2019ai trouv\u00e9 les petits tr\u00e8s attentifs, MAGIQUE. Merci \u00a0pour ces instants de bonheur.\u00a0<\/em><br \/>\nMa\u00eftena<br \/>\n&#8212;&#8212;&#8212;&#8212;&#8212;&#8212;&#8212;&#8212;&#8212;&#8212;&#8212;&#8212;&#8212;&#8212;&#8212;&#8212;&#8212;&#8212;&#8212;&#8212;&#8211;<\/p>\n<p><em>Vous dire que nos perspectives de formation pour 2016 sont &#8230;&#8230;peu attrayantes est un euph\u00e9misme. Mais heureusement internet est riche, les bouquins aussi et le votre en particulier. Nous mettons certains points de votre livre en application et nous constatons les effets&#8230; on se remet en question quoi !\u00a0Voil\u00e0 \u00a0notre pause se termine parce que lundi nous retrouvons nos petits bavards &#8230;.\u00a0<\/em><em>Merci encore pour votre contagieuse \u00e9nergie !<\/em><\/p>\n<p>Laurence et Ghislaine de P\u00e9rigueux<br \/>\n&#8212;&#8212;&#8212;&#8212;&#8212;&#8212;&#8212;&#8212;&#8212;&#8212;&#8212;&#8212;&#8212;&#8212;&#8212;&#8212;&#8212;&#8212;&#8212;&#8212;&#8211;<\/p>\n<div><em>Je me permets de vous \u00e9crire car vous nous avez sollicit\u00e9s lors de la conf\u00e9rence du 23 novembre \u00e0 \u00a0Al\u00e8s. Cette conf\u00e9rence \u00e0 \u00a0laquelle j&rsquo;ai assist\u00e9 ainsi que mes 3 coll\u00e8gues nous a secou\u00e9es (dans le bon sens). Le lendemain matin nous avions toutes les 4 mal dormi, le cerveau en \u00e9bullition toute la nuit, des quantit\u00e9s de questions sur nos pratiques en suspens. D\u00e8s ce jour des petits messagers avec des mots ont parcouru l&rsquo;\u00e9cole, application rapide simple et directe.<\/em><\/div>\n<div><em>Je viens de terminer votre livre hier soir tr\u00e8s tard et j&rsquo;\u00e9tais d\u00e9\u00e7ue qu&rsquo;il n&rsquo;y ait pas encore quelques pages tellement il m&rsquo;a captiv\u00e9e. Vous pr\u00e9conisez \u00ab\u00a0du naturel\u00a0\u00bb, c&rsquo;est exactement ce que j&rsquo;ai ressenti lors de la conf\u00e9rence d&rsquo;Al\u00e8s de votre part et en prolongement dans le livre.<\/em><\/div>\n<div><em>Il me reste \u00e0 \u00a0changer des pratiques, en am\u00e9liorer d&rsquo;autres, cela me\u00a0 parait si facile et si \u00e9vident \u00e0 \u00a0la fin de ma lecture, mais pourquoi je n&rsquo;y ai pas pens\u00e9 avant ? Il ne me reste que 4 ans d&rsquo;enseignement mais c&rsquo;est ce qui est formidable dans notre m\u00e9tier c&rsquo;est qu&rsquo;on peut toujours \u00e9voluer et s&rsquo;am\u00e9liorer.<\/em><\/div>\n<div><em>J&rsquo;ai ador\u00e9 la classe imaginaire et je la mets en place en janvier avec ma classe de GS.<\/em><\/div>\n<div>\u00a0Catherine\u00a0d&rsquo;Al\u00e8s<\/div>\n<div>&#8212;&#8212;&#8212;&#8212;&#8212;&#8212;&#8212;&#8212;&#8212;&#8212;&#8212;&#8212;&#8212;&#8212;&#8212;&#8212;&#8212;&#8212;&#8212;&#8212;&#8212;&#8212;&#8212;&#8212;&#8211;<\/div>\n<div>\n<div>\n<div>\n<div>\n<div>\n<div><em>Bravo et merci<\/em><br \/>\n<em>Je suis enseignante en maternelle depuis dix ans et j&rsquo;ai eu la chance de profiter de vos cours pendant un an \u00e0 \u00a0l&rsquo;IUFM.\u00a0Un grand merci pour votre livre : je l&rsquo;ai d\u00e9cortiqu\u00e9 pas \u00e0 \u00a0pas et cherch\u00e9 \u00e0 \u00a0am\u00e9liorer mes choix p\u00e9dagogiques car en dix ans mes lectures, des rencontres m&rsquo;ont permis de privil\u00e9gier le langage et les actions individuelles pour encourager, accompagner les apprentissages fondamentaux.<\/em><\/div>\n<\/div>\n<\/div>\n<p><em>J&rsquo;ai accueilli avec enthousiasme les nouveaux programmes car ma pratique sans fiches photocopi\u00e9es qui d\u00e9rangeait tant mes coll\u00e8gues est encourag\u00e9e et mes ateliers de langage \u00a0n&rsquo;ont rien de surprenant&#8230; Je recherche maintenant \u00e0 \u00a0confronter mes exp\u00e9riences avec d&rsquo;autres et poursuivre ma r\u00e9flexion pour continuer la belle aventure que d&rsquo;aider\u00a0les enfants \u00e0 apprendre.<br \/>\n<\/em>Karine \u00a0(PE2 \u00e0 \u00a0l&rsquo;IUFM d&rsquo;Antony l&rsquo;ann\u00e9e 1999-2000)<br \/>\n&#8212;&#8212;&#8212;&#8212;&#8212;&#8212;&#8212;&#8212;&#8212;&#8212;&#8212;&#8212;&#8212;&#8212;&#8212;&#8212;&#8212;&#8212;&#8212;&#8212;&#8212;&#8212;&#8212;&#8212;&#8211;<\/p>\n<p><em>Bonjour,<br \/>\n<\/em><em>Je suis en train d\u2019\u00e9diter des photos de progr\u00e8s de GS, je te les transf\u00e8re. Au cours de la p\u00e9riode 3, ce sont les MS qui utilisaient les lettres mobiles cursives, mais le 11 f\u00e9vrier, \u00e0 l\u2019accueil de l\u2019apr\u00e8s-midi, 6 GS ont souhait\u00e9 \u00e9crire. Certains ont essay\u00e9 d\u2019\u00e9crire les jours de la semaine sans mod\u00e8le, en cherchant dans la t\u00eate et dans les oreilles, d\u2019autres voulaient \u00e9crire des pr\u00e9noms et des noms de famille: ils sont all\u00e9s chercher dans le registre d\u2019appel pour avoir les mod\u00e8les des noms de famille (qui n\u2019\u00e9taient pas encore affich\u00e9s en cursives)! G\u00e9nial.<br \/>\n<\/em><em>Ils ont recommenc\u00e9 le lendemain mais cette fois ils ont essay\u00e9 d\u2019\u00e9crire les pr\u00e9noms de leur chat, de leur cousine, du Ton Ton (!) que j\u2019ai photocopi\u00e9s pour ranger dans le classeur. Si \u00e7a t\u2019int\u00e9resse, je peux les photographier aussi.\u00a0<\/em><em>Voici, voilou.<\/em><\/p>\n<\/div>\n<\/div>\n<\/div>\n<div>\n<p>Marie, Saint-Etienne, REP<\/p>\n<p><img decoding=\"async\" loading=\"lazy\" class=\"alignnone wp-image-261\" src=\"http:\/\/mireillebrigaudiot.info\/wp-content\/uploads\/2016\/02\/f\u00e9vrier-moyens-libres-lettresmobiles-300x225.jpg\" alt=\"f\u00e9vrier-moyens- libres-lettresmobiles\" width=\"300\" height=\"225\" srcset=\"https:\/\/mireillebrigaudiot.info\/wp-content\/uploads\/2016\/02\/f\u00e9vrier-moyens-libres-lettresmobiles-300x225.jpg 300w, https:\/\/mireillebrigaudiot.info\/wp-content\/uploads\/2016\/02\/f\u00e9vrier-moyens-libres-lettresmobiles.jpg 640w\" sizes=\"(max-width: 300px) 100vw, 300px\" \/><img decoding=\"async\" loading=\"lazy\" class=\"alignnone size-medium wp-image-260\" src=\"http:\/\/mireillebrigaudiot.info\/wp-content\/uploads\/2016\/02\/moyens6-300x225.jpg\" alt=\"moyens6\" width=\"300\" height=\"225\" srcset=\"https:\/\/mireillebrigaudiot.info\/wp-content\/uploads\/2016\/02\/moyens6-300x225.jpg 300w, https:\/\/mireillebrigaudiot.info\/wp-content\/uploads\/2016\/02\/moyens6.jpg 640w\" sizes=\"(max-width: 300px) 100vw, 300px\" \/><img decoding=\"async\" loading=\"lazy\" class=\"alignnone size-medium wp-image-259\" src=\"http:\/\/mireillebrigaudiot.info\/wp-content\/uploads\/2016\/02\/moyens5-300x225.jpg\" alt=\"moyens5\" width=\"300\" height=\"225\" srcset=\"https:\/\/mireillebrigaudiot.info\/wp-content\/uploads\/2016\/02\/moyens5-300x225.jpg 300w, https:\/\/mireillebrigaudiot.info\/wp-content\/uploads\/2016\/02\/moyens5.jpg 640w\" sizes=\"(max-width: 300px) 100vw, 300px\" \/><img decoding=\"async\" loading=\"lazy\" class=\"alignnone size-medium wp-image-258\" src=\"http:\/\/mireillebrigaudiot.info\/wp-content\/uploads\/2016\/02\/moyens4-300x225.jpg\" alt=\"moyens4\" width=\"300\" height=\"225\" srcset=\"https:\/\/mireillebrigaudiot.info\/wp-content\/uploads\/2016\/02\/moyens4-300x225.jpg 300w, https:\/\/mireillebrigaudiot.info\/wp-content\/uploads\/2016\/02\/moyens4.jpg 640w\" sizes=\"(max-width: 300px) 100vw, 300px\" \/><img decoding=\"async\" loading=\"lazy\" class=\"alignnone size-medium wp-image-257\" src=\"http:\/\/mireillebrigaudiot.info\/wp-content\/uploads\/2016\/02\/moyens3-300x225.jpg\" alt=\"moyens3\" width=\"300\" height=\"225\" srcset=\"https:\/\/mireillebrigaudiot.info\/wp-content\/uploads\/2016\/02\/moyens3-300x225.jpg 300w, https:\/\/mireillebrigaudiot.info\/wp-content\/uploads\/2016\/02\/moyens3.jpg 640w\" sizes=\"(max-width: 300px) 100vw, 300px\" \/><img decoding=\"async\" loading=\"lazy\" class=\"alignnone size-medium wp-image-256\" src=\"http:\/\/mireillebrigaudiot.info\/wp-content\/uploads\/2016\/02\/moyens2-300x225.jpg\" alt=\"moyens2\" width=\"300\" height=\"225\" srcset=\"https:\/\/mireillebrigaudiot.info\/wp-content\/uploads\/2016\/02\/moyens2-300x225.jpg 300w, https:\/\/mireillebrigaudiot.info\/wp-content\/uploads\/2016\/02\/moyens2.jpg 640w\" sizes=\"(max-width: 300px) 100vw, 300px\" \/><\/p>\n<p>Pr\u00e9cision MB: Marie a une MS-GS. Tous ses grands ont d\u00e9couvert le principe alphab\u00e9tique. D&rsquo;o\u00f9 leur envie d&rsquo;\u00e9crire tout seul. Les objectifs 8 et 9 sont gagn\u00e9s. Et on n&rsquo;est qu&rsquo;en f\u00e9vrier<br \/>\n&#8212;&#8212;&#8212;&#8212;&#8212;&#8212;&#8212;&#8212;&#8212;&#8212;&#8212;&#8212;&#8212;&#8212;&#8212;&#8212;&#8212;&#8212;&#8212;&#8212;&#8212;&#8212;&#8212;&#8212;-<br \/>\n<em>Ch\u00e8re Madame,<br \/>\n<\/em><em>Je viens de terminer la lecture de votre ouvrage \u00ab\u00a0Langage et \u00e9cole maternelle\u00a0\u00bb\u00a0et j&rsquo;ai une \u00e9norme envie de vous dire BRAVO !<\/em><\/p>\n<\/div>\n<div>V\u00e9ronique P.<\/div>\n<div>Enseignante en maternelle depuis 35 ans, Ma\u00eetre formateur depuis 18 ans<\/div>\n<div>&#8212;&#8212;&#8212;&#8212;&#8212;&#8212;&#8212;&#8212;&#8212;&#8212;&#8212;&#8212;&#8212;&#8212;&#8212;&#8212;&#8212;&#8212;&#8212;&#8212;&#8212;&#8212;&#8212;&#8212;&#8211;<\/div>\n<div>\n<p><em>M<br \/>\n<\/em><\/p>\n<\/div>\n<div><\/div>\n<div id=\"ffenetremailtomailModal\" style=\"z-index: 20002;\">\n<div id=\"ffenetremailtopopupModalMail\">\n<div id=\"ffenetremailtotoModalClose\"><\/div>\n<div id=\"ffenetremailtopopupQuestion\">What do you want to do ?<\/div>\n<p><a id=\"ffenetremailtoemailOpen\"><\/a>New mail<button id=\"ffenetremailtobuttonEmail\">Copy<\/button><textarea id=\"ffenetremailtotextArea\"><\/textarea><\/p>\n<\/div>\n<\/div>\n<div><img alt=\"\" \/><\/div>\n<div id=\"ffenetremailtomailModal\" style=\"z-index: 20002;\">\n<div id=\"ffenetremailtopopupModalMail\">\n<div id=\"ffenetremailtotoModalClose\"><\/div>\n<div id=\"ffenetremailtopopupQuestion\">What do you want to do ?<\/div>\n<p><a id=\"ffenetremailtoemailOpen\"><\/a>New mail<button id=\"ffenetremailtobuttonEmail\">Copy<\/button><textarea id=\"ffenetremailtotextArea\"><\/textarea><\/p>\n<\/div>\n<\/div>\n<div><img alt=\"\" \/><\/div>\n","protected":false},"excerpt":{"rendered":"<p>Sylvie, avec qui j&rsquo;ai travaill\u00e9, va partir en retraite. Elle m&rsquo;\u00e9crit: Travailler avec toi aura \u00e9t\u00e9 un bonheur. Ton travail a chang\u00e9 ma fa\u00e7on d\u2019 appr\u00e9hender le m\u00e9tier. Le 11 Mai, la ferme sera \u00e0 l\u2019\u00e9cole. D\u00e8s lundi nous allons pr\u00e9parer cette journ\u00e9e aupr\u00e8s des \u00e9l\u00e8ves. Faire une annonce avec des photos du camion et &hellip; <a href=\"https:\/\/mireillebrigaudiot.info\/index.php\/actualites\/courrier-des-lecteurs\/\" class=\"more-link\">Continuer la lecture de <span class=\"screen-reader-text\">Courrier des lecteurs<\/span><\/a><\/p>\n","protected":false},"author":1,"featured_media":0,"parent":13,"menu_order":0,"comment_status":"closed","ping_status":"closed","template":"","meta":[],"_links":{"self":[{"href":"https:\/\/mireillebrigaudiot.info\/index.php\/wp-json\/wp\/v2\/pages\/70"}],"collection":[{"href":"https:\/\/mireillebrigaudiot.info\/index.php\/wp-json\/wp\/v2\/pages"}],"about":[{"href":"https:\/\/mireillebrigaudiot.info\/index.php\/wp-json\/wp\/v2\/types\/page"}],"author":[{"embeddable":true,"href":"https:\/\/mireillebrigaudiot.info\/index.php\/wp-json\/wp\/v2\/users\/1"}],"replies":[{"embeddable":true,"href":"https:\/\/mireillebrigaudiot.info\/index.php\/wp-json\/wp\/v2\/comments?post=70"}],"version-history":[{"count":22,"href":"https:\/\/mireillebrigaudiot.info\/index.php\/wp-json\/wp\/v2\/pages\/70\/revisions"}],"predecessor-version":[{"id":929,"href":"https:\/\/mireillebrigaudiot.info\/index.php\/wp-json\/wp\/v2\/pages\/70\/revisions\/929"}],"up":[{"embeddable":true,"href":"https:\/\/mireillebrigaudiot.info\/index.php\/wp-json\/wp\/v2\/pages\/13"}],"wp:attachment":[{"href":"https:\/\/mireillebrigaudiot.info\/index.php\/wp-json\/wp\/v2\/media?parent=70"}],"curies":[{"name":"wp","href":"https:\/\/api.w.org\/{rel}","templated":true}]}}