{"id":958,"date":"2021-07-14T14:31:35","date_gmt":"2021-07-14T14:31:35","guid":{"rendered":"http:\/\/mireillebrigaudiot.info\/?page_id=958"},"modified":"2024-02-06T18:08:03","modified_gmt":"2024-02-06T18:08:03","slug":"carnet-de-suivi","status":"publish","type":"page","link":"https:\/\/mireillebrigaudiot.info\/index.php\/mots-cles\/carnet-de-suivi\/","title":{"rendered":"Carnet de suivi"},"content":{"rendered":"\n<h5 class=\"wp-block-heading\">Le carnet de suivi est une cons\u00e9quence du principe de l&rsquo;\u00e9valuation positive, utilis\u00e9 au quotidien par l&rsquo;enseignant.<br><\/h5>\n\n\n\n<h5 class=\"wp-block-heading\"> Voici une page du carnet de Wadji, en GS, pour l&rsquo;objectif 5<\/h5>\n\n\n\n<figure class=\"wp-block-image size-large\"><img decoding=\"async\" loading=\"lazy\" width=\"1013\" height=\"1024\" src=\"http:\/\/mireillebrigaudiot.info\/wp-content\/uploads\/2021\/08\/Wajdi-1013x1024.jpg\" alt=\"\" class=\"wp-image-963\" srcset=\"https:\/\/mireillebrigaudiot.info\/wp-content\/uploads\/2021\/08\/Wajdi-1013x1024.jpg 1013w, https:\/\/mireillebrigaudiot.info\/wp-content\/uploads\/2021\/08\/Wajdi-297x300.jpg 297w, https:\/\/mireillebrigaudiot.info\/wp-content\/uploads\/2021\/08\/Wajdi-768x776.jpg 768w, https:\/\/mireillebrigaudiot.info\/wp-content\/uploads\/2021\/08\/Wajdi.jpg 1113w\" sizes=\"(max-width: 1013px) 100vw, 1013px\" \/><figcaption class=\"wp-element-caption\"><br><br><br><br><br><\/figcaption><\/figure>\n\n\n\n<p class=\"has-text-align-left\">Si Wadji a cette remarque dans son carnet c&rsquo;est parce qu&rsquo;il est en GS et que c&rsquo;est la premi\u00e8re fois qu&rsquo;il est attentif \u00e0 la lecture d&rsquo;une histoire par la ma\u00eetresse. Aussi a-t-elle pris tr\u00e8s vite une photo, elle va la montrer \u00e0 l&rsquo;enfant, lui expliquer en quoi c&rsquo;est un vrai progr\u00e8s, l&rsquo;\u00e9crire devant lui dans le pr\u00e9cieux carnet et enfin l&rsquo;encourager \u00e0 le montrer \u00e0 sa maman quand elle viendra. Il sera fier de lui, elle sera fi\u00e8re de lui.<br>Le carnet de suivi est une boucle vertueuse.<br>Autre exemple concret, \u00e0 voir le film \u00ab\u00a0Bravo! \u00e0 la maternelle on apprend!\u00a0\u00bb et en ligne sur ce site: <a href=\"http:\/\/mireillebrigaudiot.info\/index.php\/mots-cles\/bravo\/\" data-type=\"page\" data-id=\"27\">bravo<\/a>. On y voit Fatma, entre sa maman et sa ma\u00eetresse de TPS. Celle-ci valorise l&rsquo;exploit moteur de la fillette illustr\u00e9 par une photo en motricit\u00e9, puis elle parle \u00e0 la place de Fatma en s&rsquo;adressant \u00e0 la maman (\u00ab\u00a0<em>regarde maman<\/em>!!\u00a0\u00bb). Ces f\u00e9licitations en attention conjointe sont le moteur de l&rsquo;\u00e9valuation positive.<br>Voir Langage et \u00e9cole maternelle, \u00e9dition 2023, pages 42-57, cette question est totalement li\u00e9e \u00e0 celle de l&rsquo;\u00e9valuation &#8211; interpr\u00e9tation.<br>Voit d&rsquo;autres exemples, du point de la ma\u00eetresse, dans le suivi de la TPS, <a href=\"http:\/\/mireillebrigaudiot.info\/index.php\/chapitre-3-nov-dec\/\" data-type=\"page\" data-id=\"1620\">chapitre 3<\/a> et <a href=\"http:\/\/mireillebrigaudiot.info\/index.php\/chapitre-4-janv-fev\/\" data-type=\"page\" data-id=\"1622\">chapitre 4<\/a>.  <\/p>\n\n\n\n<p class=\"has-text-align-left\">xxx<\/p>\n","protected":false},"excerpt":{"rendered":"<p>Le carnet de suivi est une cons\u00e9quence du principe de l&rsquo;\u00e9valuation positive, utilis\u00e9 au quotidien par l&rsquo;enseignant. Voici une page du carnet de Wadji, en GS, pour l&rsquo;objectif 5 Si Wadji a cette remarque dans son carnet c&rsquo;est parce qu&rsquo;il est en GS et que c&rsquo;est la premi\u00e8re fois qu&rsquo;il est attentif \u00e0 la lecture &hellip; <a href=\"https:\/\/mireillebrigaudiot.info\/index.php\/mots-cles\/carnet-de-suivi\/\" class=\"more-link\">Continuer la lecture de <span class=\"screen-reader-text\">Carnet de suivi<\/span><\/a><\/p>\n","protected":false},"author":1,"featured_media":0,"parent":7,"menu_order":0,"comment_status":"closed","ping_status":"closed","template":"","meta":[],"_links":{"self":[{"href":"https:\/\/mireillebrigaudiot.info\/index.php\/wp-json\/wp\/v2\/pages\/958"}],"collection":[{"href":"https:\/\/mireillebrigaudiot.info\/index.php\/wp-json\/wp\/v2\/pages"}],"about":[{"href":"https:\/\/mireillebrigaudiot.info\/index.php\/wp-json\/wp\/v2\/types\/page"}],"author":[{"embeddable":true,"href":"https:\/\/mireillebrigaudiot.info\/index.php\/wp-json\/wp\/v2\/users\/1"}],"replies":[{"embeddable":true,"href":"https:\/\/mireillebrigaudiot.info\/index.php\/wp-json\/wp\/v2\/comments?post=958"}],"version-history":[{"count":8,"href":"https:\/\/mireillebrigaudiot.info\/index.php\/wp-json\/wp\/v2\/pages\/958\/revisions"}],"predecessor-version":[{"id":2197,"href":"https:\/\/mireillebrigaudiot.info\/index.php\/wp-json\/wp\/v2\/pages\/958\/revisions\/2197"}],"up":[{"embeddable":true,"href":"https:\/\/mireillebrigaudiot.info\/index.php\/wp-json\/wp\/v2\/pages\/7"}],"wp:attachment":[{"href":"https:\/\/mireillebrigaudiot.info\/index.php\/wp-json\/wp\/v2\/media?parent=958"}],"curies":[{"name":"wp","href":"https:\/\/api.w.org\/{rel}","templated":true}]}}